{"id":7528,"date":"2025-10-09T11:05:07","date_gmt":"2025-10-09T17:05:07","guid":{"rendered":"https:\/\/libreriahistoriasdebolsillo.com\/?post_type=product&#038;p=7528"},"modified":"2026-02-04T14:48:37","modified_gmt":"2026-02-04T20:48:37","slug":"el-inestable-mundo-de-alroy","status":"publish","type":"product","link":"https:\/\/libreriahistoriasdebolsillo.com\/index.php\/producto\/el-inestable-mundo-de-alroy\/","title":{"rendered":"El inestable mundo de Alroy"},"content":{"rendered":"<div class=\"justify\">\n<p><b>LAS LLAMAS ARD\u00cdAN CON INTENSIDAD<\/b>\u00a0<b>A PLENA LUZ DEL D\u00cdA, INMENSAS,<\/b>\u00a0<b>LUMINOSAS, C\u00c1LIDAS. EL HUMO NEGRO<\/b>\u00a0<b>SOBRE NUESTRAS CABEZAS CONTAMINABA<\/b>\u00a0<b>LA PUREZA DEL OX\u00cdGENO, PERO NO<\/b>\u00a0<b>ASFIXIABA MI DOLOR.<\/b><\/p>\n<\/div>\n<div class=\"justify\">\n<p>Luego de un\u00a0<b>tr\u00e1gico accidente<\/b>\u00a0y un a\u00f1o de aislamiento,\u00a0<b>Alroy<\/b>\u00a0decide volver a la escuela. Solo que hay una\u00a0<b>condici\u00f3n\u00a0<\/b>: recibir acompa\u00f1amiento del profesor\u00a0<b>Rynne<\/b><b>.<\/b><\/p>\n<p>La\u00a0<b>extra\u00f1a y ca\u00f3tica<\/b>\u00a0relaci\u00f3n que surge entre ellos lo obligar\u00e1 a revivir sus traumas m\u00e1s oscuros, y, envuelto entre lagunas mentales y pesadillas tormentosas, Alroy tendr\u00e1 que\u00a0<b>enfrentar sus heridas<\/b>\u00a0del pasado y las consecuencias de sus cada vez m\u00e1s arriesgadas e\u00a0<b>inadecuadas actitudes<\/b>.<\/p>\n<\/div>\n","protected":false},"excerpt":{"rendered":"<p>Dara Cabushtak<br \/>\n336 p\u00e1ginas<\/p>\n","protected":false},"featured_media":7529,"template":"","meta":{"_joinchat":[]},"product_brand":[],"product_cat":[38,70],"product_tag":[34],"class_list":{"0":"post-7528","1":"product","2":"type-product","3":"status-publish","4":"has-post-thumbnail","6":"product_cat-lgbtq","7":"product_cat-novedades","8":"product_tag-penguin-random-house","10":"first","11":"outofstock","12":"shipping-taxable","13":"purchasable","14":"product-type-simple"},"_links":{"self":[{"href":"https:\/\/libreriahistoriasdebolsillo.com\/index.php\/wp-json\/wp\/v2\/product\/7528","targetHints":{"allow":["GET"]}}],"collection":[{"href":"https:\/\/libreriahistoriasdebolsillo.com\/index.php\/wp-json\/wp\/v2\/product"}],"about":[{"href":"https:\/\/libreriahistoriasdebolsillo.com\/index.php\/wp-json\/wp\/v2\/types\/product"}],"wp:featuredmedia":[{"embeddable":true,"href":"https:\/\/libreriahistoriasdebolsillo.com\/index.php\/wp-json\/wp\/v2\/media\/7529"}],"wp:attachment":[{"href":"https:\/\/libreriahistoriasdebolsillo.com\/index.php\/wp-json\/wp\/v2\/media?parent=7528"}],"wp:term":[{"taxonomy":"product_brand","embeddable":true,"href":"https:\/\/libreriahistoriasdebolsillo.com\/index.php\/wp-json\/wp\/v2\/product_brand?post=7528"},{"taxonomy":"product_cat","embeddable":true,"href":"https:\/\/libreriahistoriasdebolsillo.com\/index.php\/wp-json\/wp\/v2\/product_cat?post=7528"},{"taxonomy":"product_tag","embeddable":true,"href":"https:\/\/libreriahistoriasdebolsillo.com\/index.php\/wp-json\/wp\/v2\/product_tag?post=7528"}],"curies":[{"name":"wp","href":"https:\/\/api.w.org\/{rel}","templated":true}]}}