{"id":7530,"date":"2025-10-09T11:17:53","date_gmt":"2025-10-09T17:17:53","guid":{"rendered":"https:\/\/libreriahistoriasdebolsillo.com\/?post_type=product&#038;p=7530"},"modified":"2026-01-17T18:04:55","modified_gmt":"2026-01-18T00:04:55","slug":"lo-que-el-dinero-no-puede-comprar","status":"publish","type":"product","link":"https:\/\/libreriahistoriasdebolsillo.com\/index.php\/producto\/lo-que-el-dinero-no-puede-comprar\/","title":{"rendered":"Lo que el dinero no puede comprar"},"content":{"rendered":"<p>PREMIO PRINCESA DE ASTURIAS DE CIENCIAS SOCIALES 2018<br \/>\n\u00bfDeber\u00edamos pagar a los ni\u00f1os para que lean libros o saquen buenas notas? \u00bfDeber\u00edamos permitir que las empresas compren el derecho a contaminar el medio ambiente? \u00bfEs \u00e9tico pagar a gente para probar nuevos medicamentos peligrosos o para donar sus \u00f3rganos? \u00bfY contratar mercenarios que luchen por nosotros? \u00bfO vender la ciudadan\u00eda a los inmigrantes que quieran pagar? En Lo que el dinero no puede comprar, Michael J. Sandel se plantea una de las mayores cuestiones \u00e9ticas de nuestro tiempo: \u00bfhay algo malo en que todo est\u00e9 a la venta? Si es as\u00ed, \u00bfc\u00f3mo podemos impedir que los valores del mercado alcancen esferas de la sociedad donde no deben est ar? \u00bfCu\u00e1les son los l\u00edmites morales del mercado? En las \u00faltimas d\u00e9cadas, los valores del mercado han expulsado a las dem\u00e1s normas en casi todos los aspectos de la vida cotidiana &#8211; medicina, educaci\u00f3n, gobierno, ley, arte, deporte, incluso la vida familiar y las relaciones personales. Sin darnos cuenta, dice Sandel, hemos pasado de tener una econom\u00eda de mercado a ser una sociedad de mercado. \u00bfEs eso lo que queremos ser? Si en su extraordinario libro Justicia Sandel demostr\u00f3 su maestr\u00eda a la hora de explicar con claridad y vigor las duras cuestiones morales que afrontamos en el d\u00eda a d\u00eda, en este nuevo libro provoca una discu si\u00f3n esencial que en esta era dominada por el mercado necesitamos tener: cu\u00e1l es el papel adecuado de los mercados en una sociedad democr\u00e1tica y c\u00f3mo podemos proteger los bienes morales y c\u00edvicos que los mercados ignoran y que el dinero no puede comprar.<\/p>\n","protected":false},"excerpt":{"rendered":"<p>Michael J. Sandel<br \/>\n256 p\u00e1ginas<\/p>\n","protected":false},"featured_media":7531,"template":"","meta":{"_joinchat":[]},"product_brand":[],"product_cat":[41,70],"product_tag":[34],"class_list":{"0":"post-7530","1":"product","2":"type-product","3":"status-publish","4":"has-post-thumbnail","6":"product_cat-desarrollo-humano","7":"product_cat-novedades","8":"product_tag-penguin-random-house","10":"first","11":"outofstock","12":"shipping-taxable","13":"purchasable","14":"product-type-simple"},"_links":{"self":[{"href":"https:\/\/libreriahistoriasdebolsillo.com\/index.php\/wp-json\/wp\/v2\/product\/7530","targetHints":{"allow":["GET"]}}],"collection":[{"href":"https:\/\/libreriahistoriasdebolsillo.com\/index.php\/wp-json\/wp\/v2\/product"}],"about":[{"href":"https:\/\/libreriahistoriasdebolsillo.com\/index.php\/wp-json\/wp\/v2\/types\/product"}],"wp:featuredmedia":[{"embeddable":true,"href":"https:\/\/libreriahistoriasdebolsillo.com\/index.php\/wp-json\/wp\/v2\/media\/7531"}],"wp:attachment":[{"href":"https:\/\/libreriahistoriasdebolsillo.com\/index.php\/wp-json\/wp\/v2\/media?parent=7530"}],"wp:term":[{"taxonomy":"product_brand","embeddable":true,"href":"https:\/\/libreriahistoriasdebolsillo.com\/index.php\/wp-json\/wp\/v2\/product_brand?post=7530"},{"taxonomy":"product_cat","embeddable":true,"href":"https:\/\/libreriahistoriasdebolsillo.com\/index.php\/wp-json\/wp\/v2\/product_cat?post=7530"},{"taxonomy":"product_tag","embeddable":true,"href":"https:\/\/libreriahistoriasdebolsillo.com\/index.php\/wp-json\/wp\/v2\/product_tag?post=7530"}],"curies":[{"name":"wp","href":"https:\/\/api.w.org\/{rel}","templated":true}]}}