{"id":7534,"date":"2025-10-09T11:41:43","date_gmt":"2025-10-09T17:41:43","guid":{"rendered":"https:\/\/libreriahistoriasdebolsillo.com\/?post_type=product&#038;p=7534"},"modified":"2026-02-10T16:11:24","modified_gmt":"2026-02-10T22:11:24","slug":"aprender-a-ser-valiente","status":"publish","type":"product","link":"https:\/\/libreriahistoriasdebolsillo.com\/index.php\/producto\/aprender-a-ser-valiente\/","title":{"rendered":"Aprender a ser valiente"},"content":{"rendered":"<div class=\"justify\">\n<p><b>Una gu\u00eda inspiradora sobre c\u00f3mo los momentos decisivos de la vida nos impulsan a descubrir nuestra versi\u00f3n m\u00e1s valiente.<\/b><\/p>\n<\/div>\n<div class=\"justify\">\n<p><b>El 21 de enero de 2025<\/b>, muchos conocieron a la obispa Mariann Budde, quien, durante su servicio de oraci\u00f3n con motivo de la segunda investidura de\u00a0<b>Donald Trump<\/b>, se dirigi\u00f3 directamente al presidente, suplic\u00e1ndole \u00abque tenga misericordia de las personas en nuestro pa\u00eds que ahora tienen miedo\u00bb, desde quienes forman parte de la\u00a0<b>comunidad<\/b>\u00a0<b>lgbtq<\/b><b>+<\/b>\u00a0hasta\u00a0<b>inmigrantes y refugiados<\/b>.<\/p>\n<p>En\u00a0<i><b>Aprender a ser valiente<\/b><\/i>, la obispa Budde explora toda la gama de momentos decisivos que nos impulsan a superar nuestros miedos y\u00a0<b>actuar con fortaleza<\/b>: desde los m\u00e1s visibles y dram\u00e1ticos (la decisi\u00f3n de partir), los internos y personales (la decisi\u00f3n de permanecer), hasta las\u00a0<b>elecciones valientes<\/b>\u00a0hechas con miras al futuro (la decisi\u00f3n de comenzar), abarcando aquellas nacidas del sufrimiento (la decisi\u00f3n de aceptar lo que no elegimos) y las que\u00a0<b>llegan inesperadamente<\/b>\u00a0(la decisi\u00f3n de dar un paso al frente). Bas\u00e1ndose en ejemplos que van desde\u00a0<b>Harry Potter<\/b>\u00a0hasta el\u00a0<b>Evangelio seg\u00fan Lucas<\/b>, entreteje con fluidez experiencias personales con las Escrituras, la historia y la cultura popular para subrayar la universalidad de estos momentos y el llamado particular que cada uno de nosotros debe atender cuando llegan.<\/p>\n<p>Con la sabidur\u00eda y sensibilidad de la\u00a0<b>obispa<\/b>\u00a0<b>Budde<\/b>, los lectores aprender\u00e1n a vivir y a proceder seg\u00fan sus verdaderas creencias y forma de ser.\u00a0<i><b>Aprender a ser valiente<\/b><\/i>\u00a0brindar\u00e1 la fortaleza y claridad tan necesarias para cualquiera que busque respuestas en\u00a0<b>tiempos inciertos<\/b>.<\/p>\n<\/div>\n","protected":false},"excerpt":{"rendered":"<p>Mariann Edgar Budde<br \/>\n268 p\u00e1ginas<\/p>\n","protected":false},"featured_media":7535,"template":"","meta":{"_joinchat":[]},"product_brand":[],"product_cat":[41,70],"product_tag":[34],"class_list":{"0":"post-7534","1":"product","2":"type-product","3":"status-publish","4":"has-post-thumbnail","6":"product_cat-desarrollo-humano","7":"product_cat-novedades","8":"product_tag-penguin-random-house","10":"first","11":"outofstock","12":"shipping-taxable","13":"purchasable","14":"product-type-simple"},"_links":{"self":[{"href":"https:\/\/libreriahistoriasdebolsillo.com\/index.php\/wp-json\/wp\/v2\/product\/7534","targetHints":{"allow":["GET"]}}],"collection":[{"href":"https:\/\/libreriahistoriasdebolsillo.com\/index.php\/wp-json\/wp\/v2\/product"}],"about":[{"href":"https:\/\/libreriahistoriasdebolsillo.com\/index.php\/wp-json\/wp\/v2\/types\/product"}],"wp:featuredmedia":[{"embeddable":true,"href":"https:\/\/libreriahistoriasdebolsillo.com\/index.php\/wp-json\/wp\/v2\/media\/7535"}],"wp:attachment":[{"href":"https:\/\/libreriahistoriasdebolsillo.com\/index.php\/wp-json\/wp\/v2\/media?parent=7534"}],"wp:term":[{"taxonomy":"product_brand","embeddable":true,"href":"https:\/\/libreriahistoriasdebolsillo.com\/index.php\/wp-json\/wp\/v2\/product_brand?post=7534"},{"taxonomy":"product_cat","embeddable":true,"href":"https:\/\/libreriahistoriasdebolsillo.com\/index.php\/wp-json\/wp\/v2\/product_cat?post=7534"},{"taxonomy":"product_tag","embeddable":true,"href":"https:\/\/libreriahistoriasdebolsillo.com\/index.php\/wp-json\/wp\/v2\/product_tag?post=7534"}],"curies":[{"name":"wp","href":"https:\/\/api.w.org\/{rel}","templated":true}]}}