{"id":7536,"date":"2025-10-09T11:44:50","date_gmt":"2025-10-09T17:44:50","guid":{"rendered":"https:\/\/libreriahistoriasdebolsillo.com\/?post_type=product&#038;p=7536"},"modified":"2026-02-24T15:42:16","modified_gmt":"2026-02-24T21:42:16","slug":"el-bosque-voraz-1-anatema","status":"publish","type":"product","link":"https:\/\/libreriahistoriasdebolsillo.com\/index.php\/producto\/el-bosque-voraz-1-anatema\/","title":{"rendered":"El Bosque Voraz 1. Anatema"},"content":{"rendered":"<div class=\"justify\">\n<p><b>Para sobrevivir, la joven<\/b>\u00a0<b>Maevyth<\/b>\u00a0<b>se ve obligada a cruzar la frontera<\/b>\u00a0<b>prohibida hacia un mundo de magia<\/b>\u00a0<b>sombr\u00eda y criaturas siniestras&#8230;<\/b>\u00a0<b>entre ellas, un asesino destinado<\/b>\u00a0<b>a protegerla.<\/b><\/p>\n<\/div>\n<div class=\"justify\">\n<p>Hay rumores sobre lo que acecha en el\u00a0<b>Bosque<\/b>\u00a0<b>Voraz<\/b>, y solo los locos o los desterrados se adentran entre sus \u00e1rboles. Sin embargo, una tragedia fuerza a la joven\u00a0<b>Maevyth<\/b>\u00a0<b>Bronwick<\/b>\u00a0a cruzar el\u00a0<b>arco de huesos<\/b>\u00a0que se oculta en su interior hacia un mundo oscuro y m\u00e1gico tan peligroso como\u00a0<b>seductor<\/b>.<\/p>\n<p>En\u00a0<b>Etiria<\/b>, el \u00fanico capaz de protegerla de los brujos que pretenden cazarla es el Escorpi\u00f3n, el asesino m\u00e1s temido del rey, un lord maldito llamado\u00a0<b>Zevander<\/b>\u00a0<b>Rydainn<\/b>.<\/p>\n<p>Conforme el destino teje sus planes, una peligrosa atracci\u00f3n amenaza con consumirlos a ambos&#8230; Y Maevyth no tardar\u00e1 en descubrir que, para\u00a0<b>sobrevivir<\/b>\u00a0<b>al bosque<\/b>, deber\u00e1 convertirse en lo m\u00e1s aterrador que hay en \u00e9l.<\/p>\n<\/div>\n","protected":false},"excerpt":{"rendered":"<p>Keri Lake<br \/>\n680<\/p>\n","protected":false},"featured_media":7537,"template":"","meta":{"_joinchat":[]},"product_brand":[],"product_cat":[70,76],"product_tag":[34],"class_list":{"0":"post-7536","1":"product","2":"type-product","3":"status-publish","4":"has-post-thumbnail","6":"product_cat-novedades","7":"product_cat-romantasy","8":"product_tag-penguin-random-house","10":"first","11":"instock","12":"shipping-taxable","13":"purchasable","14":"product-type-simple"},"_links":{"self":[{"href":"https:\/\/libreriahistoriasdebolsillo.com\/index.php\/wp-json\/wp\/v2\/product\/7536","targetHints":{"allow":["GET"]}}],"collection":[{"href":"https:\/\/libreriahistoriasdebolsillo.com\/index.php\/wp-json\/wp\/v2\/product"}],"about":[{"href":"https:\/\/libreriahistoriasdebolsillo.com\/index.php\/wp-json\/wp\/v2\/types\/product"}],"wp:featuredmedia":[{"embeddable":true,"href":"https:\/\/libreriahistoriasdebolsillo.com\/index.php\/wp-json\/wp\/v2\/media\/7537"}],"wp:attachment":[{"href":"https:\/\/libreriahistoriasdebolsillo.com\/index.php\/wp-json\/wp\/v2\/media?parent=7536"}],"wp:term":[{"taxonomy":"product_brand","embeddable":true,"href":"https:\/\/libreriahistoriasdebolsillo.com\/index.php\/wp-json\/wp\/v2\/product_brand?post=7536"},{"taxonomy":"product_cat","embeddable":true,"href":"https:\/\/libreriahistoriasdebolsillo.com\/index.php\/wp-json\/wp\/v2\/product_cat?post=7536"},{"taxonomy":"product_tag","embeddable":true,"href":"https:\/\/libreriahistoriasdebolsillo.com\/index.php\/wp-json\/wp\/v2\/product_tag?post=7536"}],"curies":[{"name":"wp","href":"https:\/\/api.w.org\/{rel}","templated":true}]}}