{"id":7538,"date":"2025-10-09T11:47:55","date_gmt":"2025-10-09T17:47:55","guid":{"rendered":"https:\/\/libreriahistoriasdebolsillo.com\/?post_type=product&#038;p=7538"},"modified":"2026-02-04T14:57:38","modified_gmt":"2026-02-04T20:57:38","slug":"como-cazar-a-tu-asesino","status":"publish","type":"product","link":"https:\/\/libreriahistoriasdebolsillo.com\/index.php\/producto\/como-cazar-a-tu-asesino\/","title":{"rendered":"C\u00f3mo cazar a tu asesino"},"content":{"rendered":"<div class=\"justify\">\n<p><b>Bella Mackie, la autora best seller de\u00a0<i>C\u00f3mo matar a tu familia<\/i>, libro que ha vendido m\u00e1s de 1.000.000 de ejemplares, regresa con una nueva novela llena de acidez, humor y misterio, perfecta para los fans de\u00a0<i>Succession<\/i>.<\/b><\/p>\n<\/div>\n<div class=\"justify\">\n<p><b>\u00abMe sent\u00ed inmensamente agradecida de que, a pesar de la horripilante forma en que muri\u00f3 mi marido, lo hiciera con la ropa puesta\u00bb.<\/b><\/p>\n<p>Anthony Wistern es m\u00e1s rico de lo que cualquiera podr\u00eda imaginar. Lo tiene todo: una esposa despampanante, un pu\u00f1ado de hijos muy fotog\u00e9nicos, un castillo franc\u00e9s, una mansi\u00f3n en Cotswold, una pl\u00e9tora de amantes, una inclinaci\u00f3n a tomar atajos morales&#8230;<\/p>\n<p>Por desgracia para \u00e9l, tambi\u00e9n est\u00e1 muerto.<\/p>\n<p>Ahora, con su fortuna como inminente herencia, todos los miembros de la familia caen bajo sospecha.<\/p>\n<p>Y es entonces cuando todo se viene abajo&#8230;<\/p>\n<\/div>\n","protected":false},"excerpt":{"rendered":"<p>Bella Mackie<br \/>\n392 p\u00e1ginas<\/p>\n","protected":false},"featured_media":7539,"template":"","meta":{"_joinchat":[]},"product_brand":[],"product_cat":[33,37,70],"product_tag":[34],"class_list":{"0":"post-7538","1":"product","2":"type-product","3":"status-publish","4":"has-post-thumbnail","6":"product_cat-ficcion-general","7":"product_cat-misterio-y-thriller","8":"product_cat-novedades","9":"product_tag-penguin-random-house","11":"first","12":"outofstock","13":"shipping-taxable","14":"purchasable","15":"product-type-simple"},"_links":{"self":[{"href":"https:\/\/libreriahistoriasdebolsillo.com\/index.php\/wp-json\/wp\/v2\/product\/7538","targetHints":{"allow":["GET"]}}],"collection":[{"href":"https:\/\/libreriahistoriasdebolsillo.com\/index.php\/wp-json\/wp\/v2\/product"}],"about":[{"href":"https:\/\/libreriahistoriasdebolsillo.com\/index.php\/wp-json\/wp\/v2\/types\/product"}],"wp:featuredmedia":[{"embeddable":true,"href":"https:\/\/libreriahistoriasdebolsillo.com\/index.php\/wp-json\/wp\/v2\/media\/7539"}],"wp:attachment":[{"href":"https:\/\/libreriahistoriasdebolsillo.com\/index.php\/wp-json\/wp\/v2\/media?parent=7538"}],"wp:term":[{"taxonomy":"product_brand","embeddable":true,"href":"https:\/\/libreriahistoriasdebolsillo.com\/index.php\/wp-json\/wp\/v2\/product_brand?post=7538"},{"taxonomy":"product_cat","embeddable":true,"href":"https:\/\/libreriahistoriasdebolsillo.com\/index.php\/wp-json\/wp\/v2\/product_cat?post=7538"},{"taxonomy":"product_tag","embeddable":true,"href":"https:\/\/libreriahistoriasdebolsillo.com\/index.php\/wp-json\/wp\/v2\/product_tag?post=7538"}],"curies":[{"name":"wp","href":"https:\/\/api.w.org\/{rel}","templated":true}]}}