{"id":7548,"date":"2025-10-09T12:11:40","date_gmt":"2025-10-09T18:11:40","guid":{"rendered":"https:\/\/libreriahistoriasdebolsillo.com\/?post_type=product&#038;p=7548"},"modified":"2026-02-04T14:52:06","modified_gmt":"2026-02-04T20:52:06","slug":"dracula-ilustrado","status":"publish","type":"product","link":"https:\/\/libreriahistoriasdebolsillo.com\/index.php\/producto\/dracula-ilustrado\/","title":{"rendered":"Dr\u00e1cula (Ilustrado)"},"content":{"rendered":"<div class=\"justify\">\n<p><b>\u201cNADA ERA M\u00c1S ESPANTOSO QUE AQUELLAS TRES HORRIBLES MUJERES QUE DESEABAN CHUPARME LA SANGRE.\u201d<\/b><\/p>\n<\/div>\n<div class=\"justify\">\n<p><b>Jonathan Harker viaja a Transilvania<\/b>\u00a0para cerrar la venta de varias propiedades en Londres con un misterioso conde. Despu\u00e9s de un trayecto plagado de se\u00f1ales ominosas, Harker sube a un siniestro carruaje que lo lleva a un\u00a0<b>castillo en ruinas<\/b>, donde descubrir\u00e1 los horrendos secretos de su cliente, un ser diab\u00f3lico que se dispone a tomar por asalto Inglaterra. En\u00a0<i><b>Dr\u00e1cula<\/b><\/i><b>, Bram<\/b>\u00a0<b>Stoker<\/b>\u00a0cre\u00f3 una de las grandes\u00a0<b>obras maestras del terror<\/b>, un mundo de pesadilla poblado por vampiros y cazadores armados con estacas en el que se adivinan los oscuros rincones de la\u00a0<b>sexualidad victoriana<\/b>.<\/p>\n<p>La presente edici\u00f3n incluye una\u00a0<b>cronolog\u00eda<\/b>, un prefacio de\u00a0<b>Christopher<\/b>\u00a0<b>Frayling<\/b>\u00a0sobre el arte de Bram Stoker, una introducci\u00f3n de\u00a0<b>Maurice<\/b>\u00a0<b>Hindle<\/b>, centrada en los pol\u00e9micos or\u00edgenes del mito vamp\u00edrico, as\u00ed como un ep\u00edlogo e ilustraciones de\u00a0<b>Jos\u00e9 Agust\u00edn Ram\u00edrez-Berm\u00fadez<\/b>.<\/p>\n<\/div>\n","protected":false},"excerpt":{"rendered":"<p>Bram Stoker<br \/>\n592 p\u00e1ginas<\/p>\n","protected":false},"featured_media":7549,"template":"","meta":{"_joinchat":[]},"product_brand":[],"product_cat":[42],"product_tag":[34],"class_list":{"0":"post-7548","1":"product","2":"type-product","3":"status-publish","4":"has-post-thumbnail","6":"product_cat-literatura-clasica","7":"product_tag-penguin-random-house","9":"first","10":"outofstock","11":"shipping-taxable","12":"purchasable","13":"product-type-simple"},"_links":{"self":[{"href":"https:\/\/libreriahistoriasdebolsillo.com\/index.php\/wp-json\/wp\/v2\/product\/7548","targetHints":{"allow":["GET"]}}],"collection":[{"href":"https:\/\/libreriahistoriasdebolsillo.com\/index.php\/wp-json\/wp\/v2\/product"}],"about":[{"href":"https:\/\/libreriahistoriasdebolsillo.com\/index.php\/wp-json\/wp\/v2\/types\/product"}],"wp:featuredmedia":[{"embeddable":true,"href":"https:\/\/libreriahistoriasdebolsillo.com\/index.php\/wp-json\/wp\/v2\/media\/7549"}],"wp:attachment":[{"href":"https:\/\/libreriahistoriasdebolsillo.com\/index.php\/wp-json\/wp\/v2\/media?parent=7548"}],"wp:term":[{"taxonomy":"product_brand","embeddable":true,"href":"https:\/\/libreriahistoriasdebolsillo.com\/index.php\/wp-json\/wp\/v2\/product_brand?post=7548"},{"taxonomy":"product_cat","embeddable":true,"href":"https:\/\/libreriahistoriasdebolsillo.com\/index.php\/wp-json\/wp\/v2\/product_cat?post=7548"},{"taxonomy":"product_tag","embeddable":true,"href":"https:\/\/libreriahistoriasdebolsillo.com\/index.php\/wp-json\/wp\/v2\/product_tag?post=7548"}],"curies":[{"name":"wp","href":"https:\/\/api.w.org\/{rel}","templated":true}]}}