{"id":7550,"date":"2025-10-09T12:14:23","date_gmt":"2025-10-09T18:14:23","guid":{"rendered":"https:\/\/libreriahistoriasdebolsillo.com\/?post_type=product&#038;p=7550"},"modified":"2026-02-04T14:51:38","modified_gmt":"2026-02-04T20:51:38","slug":"no-sabia-cuanto-necesitaba-esto","status":"publish","type":"product","link":"https:\/\/libreriahistoriasdebolsillo.com\/index.php\/producto\/no-sabia-cuanto-necesitaba-esto\/","title":{"rendered":"No sab\u00eda cu\u00e1nto necesitaba esto"},"content":{"rendered":"<div class=\"justify\">\n<p><b>Una visi\u00f3n irreverente, divertida y honesta de las citas y el romance modernos, con consejos, trucos y reglas de supervivencia<\/b><\/p>\n<\/div>\n<div class=\"justify\">\n<p><i><b>No sab\u00eda cu\u00e1nto necesitaba esto<\/b><\/i>\u00a0es la dosis de confianza que toda chica necesita para vivir a su manera. Eli Rallo es una\u00a0<b>Carrie Bradshaw<\/b>\u00a0de la era de\u00a0<b>TikTok<\/b>, una\u00a0<b>rom\u00e1ntica<\/b>\u00a0y la mejor amiga que toda mujer desear\u00eda tener. Como alguien que se enorgullece de sentir plena y profundamente, Eli te acompa\u00f1a en el viaje de besar sapos, enviar (y borrar)\u00a0<b>mensajes arriesgados<\/b>\u00a0y hacer amistades para toda la vida, mientras encuentras el amor, te enamoras de ti misma y aprendes a aceptar que las cosas saldr\u00e1n bien. En esta perspectiva sincera y vulnerable sobre el mundo moderno de las citas, Eli da sus reglas para cada etapa del juego con\u00a0<b>trucos probados<\/b>.<\/p>\n<p>El libro sigue el ciclo de vida natural de las\u00a0<b>relaciones afectivas<\/b>: empieza con la solter\u00eda y el flirteo, atraviesa las citas, las relaciones sexuales, el\u00a0<b>enamoramiento<\/b>\u00a0y la gesti\u00f3n de las relaciones, y llega hasta al desamor, la superaci\u00f3n, la priorizaci\u00f3n de las amistades y el respeto a la propia vida. Descubre las reglas que le han funcionado y que le han valido m\u00e1s de\u00a0<b>medio mill\u00f3n de seguidores en TikTok<\/b>:<\/p>\n<p>Prep\u00e1rate para una\u00a0<b>primera cita<\/b><\/p>\n<p>Pon a prueba a una persona en\u00a0<b>escenarios distintos<\/b>\u00a0antes de comprometerte<\/p>\n<p><b>Coquetea con tu pareja<\/b>\u00a0sin importar cu\u00e1nto lleven juntos<\/p>\n<p>Date un tiempo de\u00a0<b>duelo<\/b>\u00a0despu\u00e9s de una\u00a0<b>ruptura<\/b><\/p>\n<p>Siempre (\u00a1siempre!)\u00a0<b>comunica tus necesidades<\/b>, deseos y l\u00edmites<\/p>\n<p>Encuentra peque\u00f1as maneras de\u00a0<b>amar tu vida<\/b><\/p>\n<\/div>\n","protected":false},"excerpt":{"rendered":"<p>Eli Rallo<br \/>\n320 p\u00e1ginas<\/p>\n","protected":false},"featured_media":7551,"template":"","meta":{"_joinchat":[]},"product_brand":[],"product_cat":[58,41,70],"product_tag":[34],"class_list":{"0":"post-7550","1":"product","2":"type-product","3":"status-publish","4":"has-post-thumbnail","6":"product_cat-desarrollo-humano-y-superacion","7":"product_cat-desarrollo-humano","8":"product_cat-novedades","9":"product_tag-penguin-random-house","11":"first","12":"outofstock","13":"shipping-taxable","14":"purchasable","15":"product-type-simple"},"_links":{"self":[{"href":"https:\/\/libreriahistoriasdebolsillo.com\/index.php\/wp-json\/wp\/v2\/product\/7550","targetHints":{"allow":["GET"]}}],"collection":[{"href":"https:\/\/libreriahistoriasdebolsillo.com\/index.php\/wp-json\/wp\/v2\/product"}],"about":[{"href":"https:\/\/libreriahistoriasdebolsillo.com\/index.php\/wp-json\/wp\/v2\/types\/product"}],"wp:featuredmedia":[{"embeddable":true,"href":"https:\/\/libreriahistoriasdebolsillo.com\/index.php\/wp-json\/wp\/v2\/media\/7551"}],"wp:attachment":[{"href":"https:\/\/libreriahistoriasdebolsillo.com\/index.php\/wp-json\/wp\/v2\/media?parent=7550"}],"wp:term":[{"taxonomy":"product_brand","embeddable":true,"href":"https:\/\/libreriahistoriasdebolsillo.com\/index.php\/wp-json\/wp\/v2\/product_brand?post=7550"},{"taxonomy":"product_cat","embeddable":true,"href":"https:\/\/libreriahistoriasdebolsillo.com\/index.php\/wp-json\/wp\/v2\/product_cat?post=7550"},{"taxonomy":"product_tag","embeddable":true,"href":"https:\/\/libreriahistoriasdebolsillo.com\/index.php\/wp-json\/wp\/v2\/product_tag?post=7550"}],"curies":[{"name":"wp","href":"https:\/\/api.w.org\/{rel}","templated":true}]}}