{"id":756,"date":"2023-11-20T16:40:47","date_gmt":"2023-11-20T22:40:47","guid":{"rendered":"https:\/\/libreriahistoriasdebolsillo.com\/?post_type=product&#038;p=756"},"modified":"2024-02-06T17:17:54","modified_gmt":"2024-02-06T23:17:54","slug":"los-chicos-del-hambre","status":"publish","type":"product","link":"https:\/\/libreriahistoriasdebolsillo.com\/index.php\/producto\/los-chicos-del-hambre\/","title":{"rendered":"Los chicos del hambre"},"content":{"rendered":"<p>El autor best seller de Mosquitoland nos trae otro grupo de personajes inolvidables en esta tragicomedia sobre el primer amor y la p\u00e9rdida devastadora. \u201cConsideren esto: millones de personas en el mundo, cada una con millones de yos. Soy un observador pasivo, experto en ser invisible. Soy amante del arte, de los Mets y del recuerdo de pap\u00e1. Represento aproximadamente a una siete billon\u00e9sima parte de la poblaci\u00f3n estas son mis multitudes trascendentales y es solo el comienzo.\u201d. Victor Benucci y Madeline Falco tienen una historia para contar. Comienza con la muerte del padre de Vic. Termina con el asesinato del t\u00edo de Mad. al departamento de polic\u00eda de Hackensack le gustar\u00eda mucho escucharla. Pero para contar su historia, Vic y Mad deber\u00e1n enfocarse en todos los cap\u00edtulos intermedios. Esta es una historia acerca de: 1. Una misi\u00f3n para dispersar unas cenizas a trav\u00e9s de Nueva Jersey. 2. la naturaleza trascendental del Palisades en invierno. 3. Un submarino inactivo. 4. Dos canciones sobre flores. 5. Ser buena onda en el sentido tradicional. 6. Puestas de sol y helados e invernaderos y cementerios. 7. Extremos opuestos simult\u00e1neos. 8. Un escape milagroso de un pa\u00eds devastado por la guerra. 9. Un coleccionista de historias. 10. C\u00f3mo escuchar a alguien que no habla. 11. Enamorarse de una pintura. 12. Enamorarse de una canci\u00f3n. 13. Enamorarse.<\/p>\n","protected":false},"excerpt":{"rendered":"<p>David Arnold<\/p>\n","protected":false},"featured_media":757,"template":"","meta":{"_joinchat":[]},"product_brand":[],"product_cat":[52,51],"product_tag":[48],"class_list":{"0":"post-756","1":"product","2":"type-product","3":"status-publish","4":"has-post-thumbnail","6":"product_cat-juvenil","7":"product_cat-oferta","8":"product_tag-vr-editoras","10":"first","11":"outofstock","12":"sale","13":"shipping-taxable","14":"purchasable","15":"product-type-simple"},"_links":{"self":[{"href":"https:\/\/libreriahistoriasdebolsillo.com\/index.php\/wp-json\/wp\/v2\/product\/756","targetHints":{"allow":["GET"]}}],"collection":[{"href":"https:\/\/libreriahistoriasdebolsillo.com\/index.php\/wp-json\/wp\/v2\/product"}],"about":[{"href":"https:\/\/libreriahistoriasdebolsillo.com\/index.php\/wp-json\/wp\/v2\/types\/product"}],"wp:featuredmedia":[{"embeddable":true,"href":"https:\/\/libreriahistoriasdebolsillo.com\/index.php\/wp-json\/wp\/v2\/media\/757"}],"wp:attachment":[{"href":"https:\/\/libreriahistoriasdebolsillo.com\/index.php\/wp-json\/wp\/v2\/media?parent=756"}],"wp:term":[{"taxonomy":"product_brand","embeddable":true,"href":"https:\/\/libreriahistoriasdebolsillo.com\/index.php\/wp-json\/wp\/v2\/product_brand?post=756"},{"taxonomy":"product_cat","embeddable":true,"href":"https:\/\/libreriahistoriasdebolsillo.com\/index.php\/wp-json\/wp\/v2\/product_cat?post=756"},{"taxonomy":"product_tag","embeddable":true,"href":"https:\/\/libreriahistoriasdebolsillo.com\/index.php\/wp-json\/wp\/v2\/product_tag?post=756"}],"curies":[{"name":"wp","href":"https:\/\/api.w.org\/{rel}","templated":true}]}}