{"id":7562,"date":"2025-10-14T11:42:19","date_gmt":"2025-10-14T17:42:19","guid":{"rendered":"https:\/\/libreriahistoriasdebolsillo.com\/?post_type=product&#038;p=7562"},"modified":"2026-01-06T17:59:23","modified_gmt":"2026-01-06T23:59:23","slug":"los-tiempos-malditos","status":"publish","type":"product","link":"https:\/\/libreriahistoriasdebolsillo.com\/index.php\/producto\/los-tiempos-malditos\/","title":{"rendered":"Los tiempos malditos"},"content":{"rendered":"<p>Un viaje narrativo al coraz\u00f3n del M\u00e9xico ancestral, donde mitos, poder y pasiones revelan los secretos de una civilizaci\u00f3n que marc\u00f3 nuestra historia.<\/p>\n<p>\u00bfPor qu\u00e9 Carlos I nunca recibi\u00f3 a Hernando Cort\u00e9s en la corte?<\/p>\n<p>\u00bfPor qu\u00e9 nunca lo nombr\u00f3 virrey?<\/p>\n<p>\u00bfPor qu\u00e9, salvo el marquesado del Valle de Oaxaca, nunca le dio ning\u00fan cargo?<\/p>\n<p>\u00bfPor qu\u00e9 Cort\u00e9s muri\u00f3 frustrado en Espa\u00f1a?<\/p>\n<p>\u00bfEl Capit\u00e1n General sab\u00eda o no de la viruela?<\/p>\n<p>\u00bfY a pesar de conocer sus terribles consecuencias, conocidas por quince a\u00f1os en las Antillas, se llev\u00f3 a varios enfermos a Tenochtitlan?<\/p>\n<p>\u00bfEra mejor la peste que asesinar a miles de mexicas?<\/p>\n<p>\u00bfMotecuhzoma era un cobarde?<\/p>\n<p>\u00bfPor qu\u00e9 no se reconoce a Cuitl\u00e1huac como se merece?<\/p>\n<p>\u00bfMalinalli y Cort\u00e9s estaban enamorados?<\/p>\n<p>\u00bfLos tlaxcaltecas eran traidores?<\/p>\n<p>\u00bfNos conquist\u00f3 Espa\u00f1a o una alianza ind\u00edgena?<\/p>\n","protected":false},"excerpt":{"rendered":"<p>Francisco Mart\u00edn Moreno<br \/>\n440 p\u00e1ginas<\/p>\n","protected":false},"featured_media":7563,"template":"","meta":{"_joinchat":[]},"product_brand":[],"product_cat":[56,70],"product_tag":[34],"class_list":{"0":"post-7562","1":"product","2":"type-product","3":"status-publish","4":"has-post-thumbnail","6":"product_cat-historica","7":"product_cat-novedades","8":"product_tag-penguin-random-house","10":"first","11":"outofstock","12":"shipping-taxable","13":"purchasable","14":"product-type-simple"},"_links":{"self":[{"href":"https:\/\/libreriahistoriasdebolsillo.com\/index.php\/wp-json\/wp\/v2\/product\/7562","targetHints":{"allow":["GET"]}}],"collection":[{"href":"https:\/\/libreriahistoriasdebolsillo.com\/index.php\/wp-json\/wp\/v2\/product"}],"about":[{"href":"https:\/\/libreriahistoriasdebolsillo.com\/index.php\/wp-json\/wp\/v2\/types\/product"}],"wp:featuredmedia":[{"embeddable":true,"href":"https:\/\/libreriahistoriasdebolsillo.com\/index.php\/wp-json\/wp\/v2\/media\/7563"}],"wp:attachment":[{"href":"https:\/\/libreriahistoriasdebolsillo.com\/index.php\/wp-json\/wp\/v2\/media?parent=7562"}],"wp:term":[{"taxonomy":"product_brand","embeddable":true,"href":"https:\/\/libreriahistoriasdebolsillo.com\/index.php\/wp-json\/wp\/v2\/product_brand?post=7562"},{"taxonomy":"product_cat","embeddable":true,"href":"https:\/\/libreriahistoriasdebolsillo.com\/index.php\/wp-json\/wp\/v2\/product_cat?post=7562"},{"taxonomy":"product_tag","embeddable":true,"href":"https:\/\/libreriahistoriasdebolsillo.com\/index.php\/wp-json\/wp\/v2\/product_tag?post=7562"}],"curies":[{"name":"wp","href":"https:\/\/api.w.org\/{rel}","templated":true}]}}