{"id":7566,"date":"2025-10-14T11:51:33","date_gmt":"2025-10-14T17:51:33","guid":{"rendered":"https:\/\/libreriahistoriasdebolsillo.com\/?post_type=product&#038;p=7566"},"modified":"2026-02-10T16:13:24","modified_gmt":"2026-02-10T22:13:24","slug":"nunca-nos-atraparan","status":"publish","type":"product","link":"https:\/\/libreriahistoriasdebolsillo.com\/index.php\/producto\/nunca-nos-atraparan\/","title":{"rendered":"Nunca nos atrapar\u00e1n"},"content":{"rendered":"<div class=\"justify\">\n<p><b>EN ESTA CARRERA,<\/b>\u00a0<b>SI NO ERES LA PRIMERA, EST\u00c1S MUERTA<\/b><\/p>\n<\/div>\n<div class=\"justify\">\n<p>Aunque las\u00a0<b>hermanas<\/b>\u00a0<b>Steckler<\/b>\u00a0se llevan solo un a\u00f1o de diferencia, son tan distintas como el d\u00eda y la noche. Stella es introvertida, pero decidida. Ellie no es menos ambiciosa, pero tambi\u00e9n\u00a0<b>sabe divertirse<\/b>. Lo \u00fanico que las dos tienen en com\u00fan son las carreras de\u00a0<i><b>cross<\/b><\/i><i><b>\u00a0country<\/b><\/i>\u2026 Hasta que aparece Mila Keene.<\/p>\n<p>Mila era la mejor corredora de su antiguo equipo, y Stella y Ellie, al principio, la ven como su mayor amenaza. Sin embargo, eso cambia cuando Stella se da cuenta de todo lo que tienen en com\u00fan.\u00a0<b>Mila es<\/b>\u00a0<b>inteligente y fuerte<\/b>, alguien con quien puede conectar al fin. Por otra parte, Ellie se encuentra tan atra\u00edda por la personalidad c\u00e1lida y encantadora de Mila que, en un momento de debilidad, le revela su\u00a0<b>secreto m\u00e1s oscuro<\/b>.<\/p>\n<p>Con los regionales a la vuelta de la esquina y los visores universitarios en su punto de mira, la presi\u00f3n va aumentando, y las chicas juran que nada se interpondr\u00e1 en su camino. Pero todo cambia cuando Mila sale a entrenar una ma\u00f1ana y nunca regresa&#8230;<\/p>\n<p>Nadie sabe qu\u00e9 ha pasado, pero todos los ojos est\u00e1n puestos en las\u00a0<b>hermanas<\/b>\u00a0<b>Steckler<\/b>.<\/p>\n<\/div>\n","protected":false},"excerpt":{"rendered":"<p>Jessica Goodman<br \/>\n384 p\u00e1ginas<\/p>\n","protected":false},"featured_media":7567,"template":"","meta":{"_joinchat":[]},"product_brand":[],"product_cat":[52,70],"product_tag":[34],"class_list":{"0":"post-7566","1":"product","2":"type-product","3":"status-publish","4":"has-post-thumbnail","6":"product_cat-juvenil","7":"product_cat-novedades","8":"product_tag-penguin-random-house","10":"first","11":"outofstock","12":"shipping-taxable","13":"purchasable","14":"product-type-simple"},"_links":{"self":[{"href":"https:\/\/libreriahistoriasdebolsillo.com\/index.php\/wp-json\/wp\/v2\/product\/7566","targetHints":{"allow":["GET"]}}],"collection":[{"href":"https:\/\/libreriahistoriasdebolsillo.com\/index.php\/wp-json\/wp\/v2\/product"}],"about":[{"href":"https:\/\/libreriahistoriasdebolsillo.com\/index.php\/wp-json\/wp\/v2\/types\/product"}],"wp:featuredmedia":[{"embeddable":true,"href":"https:\/\/libreriahistoriasdebolsillo.com\/index.php\/wp-json\/wp\/v2\/media\/7567"}],"wp:attachment":[{"href":"https:\/\/libreriahistoriasdebolsillo.com\/index.php\/wp-json\/wp\/v2\/media?parent=7566"}],"wp:term":[{"taxonomy":"product_brand","embeddable":true,"href":"https:\/\/libreriahistoriasdebolsillo.com\/index.php\/wp-json\/wp\/v2\/product_brand?post=7566"},{"taxonomy":"product_cat","embeddable":true,"href":"https:\/\/libreriahistoriasdebolsillo.com\/index.php\/wp-json\/wp\/v2\/product_cat?post=7566"},{"taxonomy":"product_tag","embeddable":true,"href":"https:\/\/libreriahistoriasdebolsillo.com\/index.php\/wp-json\/wp\/v2\/product_tag?post=7566"}],"curies":[{"name":"wp","href":"https:\/\/api.w.org\/{rel}","templated":true}]}}