{"id":7570,"date":"2025-10-14T11:58:44","date_gmt":"2025-10-14T17:58:44","guid":{"rendered":"https:\/\/libreriahistoriasdebolsillo.com\/?post_type=product&#038;p=7570"},"modified":"2026-02-10T16:11:34","modified_gmt":"2026-02-10T22:11:34","slug":"mi-querido-grunon","status":"publish","type":"product","link":"https:\/\/libreriahistoriasdebolsillo.com\/index.php\/producto\/mi-querido-grunon\/","title":{"rendered":"Mi querido gru\u00f1\u00f3n"},"content":{"rendered":"<div class=\"justify\">\n<p><b>Ella nunca ha besado a nadie.<\/b><\/p>\n<p><b>\u00c9l nunca se ha enamorado.<\/b><\/p>\n<\/div>\n<div class=\"justify\">\n<p><b>Paige<\/b>\u00a0ha cumplido todos los deseos de su \u00faltimo a\u00f1o de preparatoria, excepto por un peque\u00f1o detalle:\u00a0<b>nunca ha besado a nadie<\/b>. Y su mejor amigo,\u00a0<b>Grayson Darling<\/b>, tiene la culpa.<\/p>\n<p>Grayson es un popular\u00a0<b>jugador del equipo de hockey<\/b>\u00a0y el encargado de ahuyentar a cualquiera de sus pretendientes, as\u00ed que Paige le pide que deje de hacerlo. Grayson se convierte entonces en su\u00a0<b>coach de citas<\/b>\u00a0para que Paige encuentre y conquiste al\u00a0<b>chico perfecto<\/b>.<\/p>\n<p>Sin embargo, Grayson tiene sus propios planes. Lleva tiempo\u00a0<b>enamorado de Paige<\/b>\u00a0y esta podr\u00eda ser su \u00faltima oportunidad para demostrarle lo bien que estar\u00edan juntos<b>.<\/b><\/p>\n<p><b>\u00bf<\/b><b>Podr\u00eda<\/b>\u00a0<b>el<\/b><b>\u00a0chico<\/b>\u00a0<b>imperfecto<\/b>\u00a0<b>convertirse<\/b>\u00a0<b>en<\/b><b>\u00a0la<\/b>\u00a0<b>historia<\/b><b>\u00a0de amor perfecta?<\/b><\/p>\n<\/div>\n","protected":false},"excerpt":{"rendered":"<p>Alexandra Moody<br \/>\n384 p\u00e1ginas<\/p>\n","protected":false},"featured_media":7571,"template":"","meta":{"_joinchat":[]},"product_brand":[],"product_cat":[52,70,35],"product_tag":[34],"class_list":{"0":"post-7570","1":"product","2":"type-product","3":"status-publish","4":"has-post-thumbnail","6":"product_cat-juvenil","7":"product_cat-novedades","8":"product_cat-romantica","9":"product_tag-penguin-random-house","11":"first","12":"outofstock","13":"shipping-taxable","14":"purchasable","15":"product-type-simple"},"_links":{"self":[{"href":"https:\/\/libreriahistoriasdebolsillo.com\/index.php\/wp-json\/wp\/v2\/product\/7570","targetHints":{"allow":["GET"]}}],"collection":[{"href":"https:\/\/libreriahistoriasdebolsillo.com\/index.php\/wp-json\/wp\/v2\/product"}],"about":[{"href":"https:\/\/libreriahistoriasdebolsillo.com\/index.php\/wp-json\/wp\/v2\/types\/product"}],"wp:featuredmedia":[{"embeddable":true,"href":"https:\/\/libreriahistoriasdebolsillo.com\/index.php\/wp-json\/wp\/v2\/media\/7571"}],"wp:attachment":[{"href":"https:\/\/libreriahistoriasdebolsillo.com\/index.php\/wp-json\/wp\/v2\/media?parent=7570"}],"wp:term":[{"taxonomy":"product_brand","embeddable":true,"href":"https:\/\/libreriahistoriasdebolsillo.com\/index.php\/wp-json\/wp\/v2\/product_brand?post=7570"},{"taxonomy":"product_cat","embeddable":true,"href":"https:\/\/libreriahistoriasdebolsillo.com\/index.php\/wp-json\/wp\/v2\/product_cat?post=7570"},{"taxonomy":"product_tag","embeddable":true,"href":"https:\/\/libreriahistoriasdebolsillo.com\/index.php\/wp-json\/wp\/v2\/product_tag?post=7570"}],"curies":[{"name":"wp","href":"https:\/\/api.w.org\/{rel}","templated":true}]}}