{"id":7572,"date":"2025-10-14T12:01:56","date_gmt":"2025-10-14T18:01:56","guid":{"rendered":"https:\/\/libreriahistoriasdebolsillo.com\/?post_type=product&#038;p=7572"},"modified":"2026-02-24T15:45:16","modified_gmt":"2026-02-24T21:45:16","slug":"powerless-3-5-fearful","status":"publish","type":"product","link":"https:\/\/libreriahistoriasdebolsillo.com\/index.php\/producto\/powerless-3-5-fearful\/","title":{"rendered":"Powerless 3.5 Fearful"},"content":{"rendered":"<div class=\"justify\">\n<p><b>Una nueva novela de la saga Powerless, el romantasy que ha enamorado a m\u00e1s de 5 millones de lectoras en todo el mundo.<\/b><\/p>\n<\/div>\n<div class=\"justify\">\n<p>Mara se hab\u00eda propuesto no volver a Ilya. Pero cuando el rey toma una decisi\u00f3n trascendental, ella recupera el inter\u00e9s, y la muerte est\u00e1 decidida a comprender la mente de Kitt Azer, siempre que \u00e9l est\u00e9 dispuesto a encontrarse con ella en El Mors.<\/p>\n<p>Pasar tiempo con el rey mientras observa a los habitantes del castillo le recuerda a Mara que la vida es mucho m\u00e1s que la muerte. Existe el amor. Pero incluso las intenciones m\u00e1s puras acaban llevando a la venganza y a la b\u00fasqueda del poder. Y ninguno de ellos podr\u00e1 escapar de su destino: vivir, gobernar, amar y, sin duda, morir&#8230;<\/p>\n<\/div>\n","protected":false},"excerpt":{"rendered":"<p>Lauren Roberts<br \/>\n336 p\u00e1ginas<\/p>\n","protected":false},"featured_media":7573,"template":"","meta":{"_joinchat":[]},"product_brand":[],"product_cat":[39,70,76],"product_tag":[34],"class_list":{"0":"post-7572","1":"product","2":"type-product","3":"status-publish","4":"has-post-thumbnail","6":"product_cat-fantasia","7":"product_cat-novedades","8":"product_cat-romantasy","9":"product_tag-penguin-random-house","11":"first","12":"instock","13":"shipping-taxable","14":"purchasable","15":"product-type-simple"},"_links":{"self":[{"href":"https:\/\/libreriahistoriasdebolsillo.com\/index.php\/wp-json\/wp\/v2\/product\/7572","targetHints":{"allow":["GET"]}}],"collection":[{"href":"https:\/\/libreriahistoriasdebolsillo.com\/index.php\/wp-json\/wp\/v2\/product"}],"about":[{"href":"https:\/\/libreriahistoriasdebolsillo.com\/index.php\/wp-json\/wp\/v2\/types\/product"}],"wp:featuredmedia":[{"embeddable":true,"href":"https:\/\/libreriahistoriasdebolsillo.com\/index.php\/wp-json\/wp\/v2\/media\/7573"}],"wp:attachment":[{"href":"https:\/\/libreriahistoriasdebolsillo.com\/index.php\/wp-json\/wp\/v2\/media?parent=7572"}],"wp:term":[{"taxonomy":"product_brand","embeddable":true,"href":"https:\/\/libreriahistoriasdebolsillo.com\/index.php\/wp-json\/wp\/v2\/product_brand?post=7572"},{"taxonomy":"product_cat","embeddable":true,"href":"https:\/\/libreriahistoriasdebolsillo.com\/index.php\/wp-json\/wp\/v2\/product_cat?post=7572"},{"taxonomy":"product_tag","embeddable":true,"href":"https:\/\/libreriahistoriasdebolsillo.com\/index.php\/wp-json\/wp\/v2\/product_tag?post=7572"}],"curies":[{"name":"wp","href":"https:\/\/api.w.org\/{rel}","templated":true}]}}