{"id":7576,"date":"2025-10-14T12:32:46","date_gmt":"2025-10-14T18:32:46","guid":{"rendered":"https:\/\/libreriahistoriasdebolsillo.com\/?post_type=product&#038;p=7576"},"modified":"2026-02-10T16:11:52","modified_gmt":"2026-02-10T22:11:52","slug":"el-trono-de-khetara-1-su-rostro-es-el-sol","status":"publish","type":"product","link":"https:\/\/libreriahistoriasdebolsillo.com\/index.php\/producto\/el-trono-de-khetara-1-su-rostro-es-el-sol\/","title":{"rendered":"El trono de Khetara 1. Su rostro es el sol"},"content":{"rendered":"<div class=\"justify\">\n<p><b>Cuatro vidas a punto de cambiarlo todo.<\/b><\/p>\n<p><b>DESEO, GUERRA, MAGIA, MONSTRUOS\u2026<\/b><\/p>\n<\/div>\n<div class=\"justify\">\n<p><b>El reino de<\/b>\u00a0<b>Khetara<\/b>\u00a0es la joya del desierto, pero, con el pueblo dividido, una terrible crisis pone en peligro su supervivencia.\u00a0<b>El fara\u00f3n<\/b>\u00a0se consume debido a una misteriosa enfermedad, y las fuerzas del sur y algunos miembros de su familia empiezan a conspirar contra \u00e9l. La rebeli\u00f3n crece y los secretos afloran, al tiempo que una antigua profec\u00eda despierta entre las\u00a0<b>dunas de las Tierras Rojas<\/b>\u00a0y amenaza con destruirlo todo a su paso.<\/p>\n<p>Una princesa, una joven sacerdotisa, un rebelde y un ladr\u00f3n de tumbas se encuentran en medio del conflicto. Solo juntos podr\u00e1n salvar de la\u00a0<b>aniquilaci\u00f3n al reino<\/b>, pero, cuando la sangre deje de derramarse,<\/p>\n<p><b>\u00bf<\/b><b>Qui\u00e9n<\/b><b>\u00a0se<\/b>\u00a0<b>sentar\u00e1<\/b>\u00a0<b>en<\/b>\u00a0<b>el<\/b>\u00a0<b>trono<\/b><b>\u00a0de<\/b>\u00a0<b>Khetara<\/b><b>?<\/b><\/p>\n<\/div>\n","protected":false},"excerpt":{"rendered":"<p>Michelle Jab\u00e8s Corpora<br \/>\n432 p\u00e1ginas<\/p>\n","protected":false},"featured_media":7577,"template":"","meta":{"_joinchat":[]},"product_brand":[],"product_cat":[39,70],"product_tag":[34],"class_list":{"0":"post-7576","1":"product","2":"type-product","3":"status-publish","4":"has-post-thumbnail","6":"product_cat-fantasia","7":"product_cat-novedades","8":"product_tag-penguin-random-house","10":"first","11":"outofstock","12":"shipping-taxable","13":"purchasable","14":"product-type-simple"},"_links":{"self":[{"href":"https:\/\/libreriahistoriasdebolsillo.com\/index.php\/wp-json\/wp\/v2\/product\/7576","targetHints":{"allow":["GET"]}}],"collection":[{"href":"https:\/\/libreriahistoriasdebolsillo.com\/index.php\/wp-json\/wp\/v2\/product"}],"about":[{"href":"https:\/\/libreriahistoriasdebolsillo.com\/index.php\/wp-json\/wp\/v2\/types\/product"}],"wp:featuredmedia":[{"embeddable":true,"href":"https:\/\/libreriahistoriasdebolsillo.com\/index.php\/wp-json\/wp\/v2\/media\/7577"}],"wp:attachment":[{"href":"https:\/\/libreriahistoriasdebolsillo.com\/index.php\/wp-json\/wp\/v2\/media?parent=7576"}],"wp:term":[{"taxonomy":"product_brand","embeddable":true,"href":"https:\/\/libreriahistoriasdebolsillo.com\/index.php\/wp-json\/wp\/v2\/product_brand?post=7576"},{"taxonomy":"product_cat","embeddable":true,"href":"https:\/\/libreriahistoriasdebolsillo.com\/index.php\/wp-json\/wp\/v2\/product_cat?post=7576"},{"taxonomy":"product_tag","embeddable":true,"href":"https:\/\/libreriahistoriasdebolsillo.com\/index.php\/wp-json\/wp\/v2\/product_tag?post=7576"}],"curies":[{"name":"wp","href":"https:\/\/api.w.org\/{rel}","templated":true}]}}