{"id":7578,"date":"2025-10-14T12:34:44","date_gmt":"2025-10-14T18:34:44","guid":{"rendered":"https:\/\/libreriahistoriasdebolsillo.com\/?post_type=product&#038;p=7578"},"modified":"2026-02-10T16:12:03","modified_gmt":"2026-02-10T22:12:03","slug":"hasta-la-orilla-del-rio","status":"publish","type":"product","link":"https:\/\/libreriahistoriasdebolsillo.com\/index.php\/producto\/hasta-la-orilla-del-rio\/","title":{"rendered":"Hasta la orilla del r\u00edo"},"content":{"rendered":"<div class=\"justify\">\n<p><b>Elizabeth Gilbert regresa con la historia del gran amor de su vida.<\/b><\/p>\n<p><b>La autora que inspir\u00f3 a millones de lectores a vivir con autenticidad\u00a0<i>(Come, reza, ama)<\/i>\u00a0y creatividad\u00a0<i>(Libera tu magia)<\/i>\u00a0nos muestra c\u00f3mo alcanzar la libertad.<\/b><\/p>\n<\/div>\n<div class=\"justify\">\n<p>En 2000, Elizabeth conoci\u00f3 a Rayya. Se hicieron amigas, luego mejores amigas, luego inseparables. Cuando la tragedia irrumpi\u00f3 en sus vidas, la verdad qued\u00f3 finalmente al descubierto: estaban enamoradas. Tambi\u00e9n eran un par de adictas, abocadas inevitablemente a la cat\u00e1strofe.<\/p>\n<p>\u00bfQu\u00e9 pasar\u00eda si tu m\u00e1s hermosa historia de amor se convirtiera en tu peor pesadilla? \u00bfY si el m\u00e1s devastador dolor abriera el camino a tu mayor despertar?<\/p>\n<p><i>Hasta la orilla del r\u00edo<\/i>\u00a0es un libro de memorias que llegar\u00e1 al coraz\u00f3n de cualquiera que haya estado alguna vez cautivo del amor -o de cualquier otra pasi\u00f3n, sustancia o deseo- y que anhele, por fin, la libertad.<\/p>\n<p><b>\u00abLa autora del libro de memorias m\u00e1s famoso del mundo vuelve al g\u00e9nero para contar la historia de un gran amor&#8230; Encantador y desgarrador a partes iguales\u00bb.\u00a0<\/b><i><b>Kirkus<\/b><\/i><\/p>\n<p><b>\u00abEntretenido, l\u00facido, conmovedor, humilde, autoindulgente y profundamente real\u00bb.\u00a0<\/b><i><b>The Washington Post<\/b><\/i><\/p>\n<p><b>\u00abUn hermoso retrato de una mujer aprendiendo a cuidar de s\u00ed misma\u00bb.\u00a0<\/b><i><b>Real Simple<\/b><\/i><\/p>\n<\/div>\n","protected":false},"excerpt":{"rendered":"<p>Elizabeth Gilbert<br \/>\n544 p\u00e1ginas<\/p>\n","protected":false},"featured_media":7579,"template":"","meta":{"_joinchat":[]},"product_brand":[],"product_cat":[70,35],"product_tag":[34],"class_list":{"0":"post-7578","1":"product","2":"type-product","3":"status-publish","4":"has-post-thumbnail","6":"product_cat-novedades","7":"product_cat-romantica","8":"product_tag-penguin-random-house","10":"first","11":"outofstock","12":"shipping-taxable","13":"purchasable","14":"product-type-simple"},"_links":{"self":[{"href":"https:\/\/libreriahistoriasdebolsillo.com\/index.php\/wp-json\/wp\/v2\/product\/7578","targetHints":{"allow":["GET"]}}],"collection":[{"href":"https:\/\/libreriahistoriasdebolsillo.com\/index.php\/wp-json\/wp\/v2\/product"}],"about":[{"href":"https:\/\/libreriahistoriasdebolsillo.com\/index.php\/wp-json\/wp\/v2\/types\/product"}],"wp:featuredmedia":[{"embeddable":true,"href":"https:\/\/libreriahistoriasdebolsillo.com\/index.php\/wp-json\/wp\/v2\/media\/7579"}],"wp:attachment":[{"href":"https:\/\/libreriahistoriasdebolsillo.com\/index.php\/wp-json\/wp\/v2\/media?parent=7578"}],"wp:term":[{"taxonomy":"product_brand","embeddable":true,"href":"https:\/\/libreriahistoriasdebolsillo.com\/index.php\/wp-json\/wp\/v2\/product_brand?post=7578"},{"taxonomy":"product_cat","embeddable":true,"href":"https:\/\/libreriahistoriasdebolsillo.com\/index.php\/wp-json\/wp\/v2\/product_cat?post=7578"},{"taxonomy":"product_tag","embeddable":true,"href":"https:\/\/libreriahistoriasdebolsillo.com\/index.php\/wp-json\/wp\/v2\/product_tag?post=7578"}],"curies":[{"name":"wp","href":"https:\/\/api.w.org\/{rel}","templated":true}]}}