{"id":758,"date":"2023-11-20T16:43:39","date_gmt":"2023-11-20T22:43:39","guid":{"rendered":"https:\/\/libreriahistoriasdebolsillo.com\/?post_type=product&#038;p=758"},"modified":"2024-01-26T11:00:08","modified_gmt":"2024-01-26T17:00:08","slug":"todas-nuestras-noches","status":"publish","type":"product","link":"https:\/\/libreriahistoriasdebolsillo.com\/index.php\/producto\/todas-nuestras-noches\/","title":{"rendered":"Todas nuestras noches"},"content":{"rendered":"<p>En el coraz\u00f3n de una avenida laten un sinf\u00edn de historias, de sue\u00f1os y de vidas: una chica que siente que la ficci\u00f3n le quedo chica. Otra que ve el mundo como si fuera una pel\u00edcula. Dos adolescentes que saben que, aunque duela, sus noches juntos est\u00e1n contadas. El recuerdo de un verano lejano que no se borra. Una Drag queen que est\u00e1 a punto de brillar. Una mejor amiga que para salvarse necesita abrir lo ojos. La juventud queer alzando su voz. Un joven aprendiendo a sentirse orgullosos a pesar del miedo. Amigos que se sienten familia. Familias que uno elije y que uno acepta. Amistades por las que dar\u00edas la vida. Historias que est\u00e1n a punto de comenzar, y otras que se terminan\u2026 Todas nuestras voces es una generaci\u00f3n de j\u00f3venes haci\u00e9ndole frente al amor y la vida de la \u00fanica forma que saben: siendo fieles a s\u00ed mismos.<\/p>\n","protected":false},"excerpt":{"rendered":"<p>Maximiliano Pizzicotti<\/p>\n","protected":false},"featured_media":759,"template":"","meta":{"_joinchat":[]},"product_brand":[],"product_cat":[52,38],"product_tag":[48],"class_list":{"0":"post-758","1":"product","2":"type-product","3":"status-publish","4":"has-post-thumbnail","6":"product_cat-juvenil","7":"product_cat-lgbtq","8":"product_tag-vr-editoras","10":"first","11":"instock","12":"shipping-taxable","13":"purchasable","14":"product-type-simple"},"_links":{"self":[{"href":"https:\/\/libreriahistoriasdebolsillo.com\/index.php\/wp-json\/wp\/v2\/product\/758","targetHints":{"allow":["GET"]}}],"collection":[{"href":"https:\/\/libreriahistoriasdebolsillo.com\/index.php\/wp-json\/wp\/v2\/product"}],"about":[{"href":"https:\/\/libreriahistoriasdebolsillo.com\/index.php\/wp-json\/wp\/v2\/types\/product"}],"wp:featuredmedia":[{"embeddable":true,"href":"https:\/\/libreriahistoriasdebolsillo.com\/index.php\/wp-json\/wp\/v2\/media\/759"}],"wp:attachment":[{"href":"https:\/\/libreriahistoriasdebolsillo.com\/index.php\/wp-json\/wp\/v2\/media?parent=758"}],"wp:term":[{"taxonomy":"product_brand","embeddable":true,"href":"https:\/\/libreriahistoriasdebolsillo.com\/index.php\/wp-json\/wp\/v2\/product_brand?post=758"},{"taxonomy":"product_cat","embeddable":true,"href":"https:\/\/libreriahistoriasdebolsillo.com\/index.php\/wp-json\/wp\/v2\/product_cat?post=758"},{"taxonomy":"product_tag","embeddable":true,"href":"https:\/\/libreriahistoriasdebolsillo.com\/index.php\/wp-json\/wp\/v2\/product_tag?post=758"}],"curies":[{"name":"wp","href":"https:\/\/api.w.org\/{rel}","templated":true}]}}