{"id":7580,"date":"2025-10-14T12:36:52","date_gmt":"2025-10-14T18:36:52","guid":{"rendered":"https:\/\/libreriahistoriasdebolsillo.com\/?post_type=product&#038;p=7580"},"modified":"2026-02-10T16:12:13","modified_gmt":"2026-02-10T22:12:13","slug":"huesos-sin-descanso","status":"publish","type":"product","link":"https:\/\/libreriahistoriasdebolsillo.com\/index.php\/producto\/huesos-sin-descanso\/","title":{"rendered":"Huesos sin descanso"},"content":{"rendered":"<div class=\"justify\">\n<p><b>Una<\/b>\u00a0<b>cr\u00f3nica<\/b>\u00a0<b>magistral<\/b>\u00a0<b>sobre<\/b>\u00a0<b>los<\/b>\u00a0<b>habitantes de Tierra del Fuego, sus<\/b>\u00a0<b>viajes<\/b>\u00a0<b>por Europa y<\/b>\u00a0<b>el<\/b>\u00a0<b>destino de sus<\/b>\u00a0<b>restos<\/b>\u00a0<b>mortales.<\/b><\/p>\n<\/div>\n<div class=\"justify\">\n<p>A partir de una experiencia personal con la taxidermia y de una serie de an\u00e9cdotas sobre el traslado de huesos y sepulturas (familiares y ajenas), Crist\u00f3bal Mar\u00edn narra en esta cr\u00f3nica su largo viaje en b\u00fasqueda de informaci\u00f3n sobre el paradero de los fueguinos que, durante el siglo XIX, murieron en Londres y otros lugares de Europa tras ser expuestos en zool\u00f3gicos humanos y ferias o analizados, siempre contra su voluntad, por cient\u00edficos y anatomistas y, en algunos casos, educados en los valores occidentales con el prop\u00f3sito de que regresaran \u00abcivilizados\u00bb a sus tierras.<\/p>\n<p>Con un estilo digresivo que pasa con soltura de una historia a otra, y vinculando temas que parecieran en principio inconexos, Mar\u00edn lleva a cabo en Huesos sin descanso un vagabundeo que le permite reconstruir los viajes de varios ingleses c\u00e9lebres (desde Charles Darwin a Bruce Chatwin) a Tierra del Fuego, as\u00ed como el de los selk\u2019nam, yaganes y kaw\u00e9sgar a Europa. Un ensayo inaudito y apasionante.<\/p>\n<\/div>\n","protected":false},"excerpt":{"rendered":"<p>Crist\u00f3bal Mar\u00edn<br \/>\n304 p\u00e1ginas<\/p>\n","protected":false},"featured_media":7581,"template":"","meta":{"_joinchat":[]},"product_brand":[],"product_cat":[41,70],"product_tag":[34],"class_list":{"0":"post-7580","1":"product","2":"type-product","3":"status-publish","4":"has-post-thumbnail","6":"product_cat-desarrollo-humano","7":"product_cat-novedades","8":"product_tag-penguin-random-house","10":"first","11":"outofstock","12":"shipping-taxable","13":"purchasable","14":"product-type-simple"},"_links":{"self":[{"href":"https:\/\/libreriahistoriasdebolsillo.com\/index.php\/wp-json\/wp\/v2\/product\/7580","targetHints":{"allow":["GET"]}}],"collection":[{"href":"https:\/\/libreriahistoriasdebolsillo.com\/index.php\/wp-json\/wp\/v2\/product"}],"about":[{"href":"https:\/\/libreriahistoriasdebolsillo.com\/index.php\/wp-json\/wp\/v2\/types\/product"}],"wp:featuredmedia":[{"embeddable":true,"href":"https:\/\/libreriahistoriasdebolsillo.com\/index.php\/wp-json\/wp\/v2\/media\/7581"}],"wp:attachment":[{"href":"https:\/\/libreriahistoriasdebolsillo.com\/index.php\/wp-json\/wp\/v2\/media?parent=7580"}],"wp:term":[{"taxonomy":"product_brand","embeddable":true,"href":"https:\/\/libreriahistoriasdebolsillo.com\/index.php\/wp-json\/wp\/v2\/product_brand?post=7580"},{"taxonomy":"product_cat","embeddable":true,"href":"https:\/\/libreriahistoriasdebolsillo.com\/index.php\/wp-json\/wp\/v2\/product_cat?post=7580"},{"taxonomy":"product_tag","embeddable":true,"href":"https:\/\/libreriahistoriasdebolsillo.com\/index.php\/wp-json\/wp\/v2\/product_tag?post=7580"}],"curies":[{"name":"wp","href":"https:\/\/api.w.org\/{rel}","templated":true}]}}