{"id":7582,"date":"2025-10-14T12:39:13","date_gmt":"2025-10-14T18:39:13","guid":{"rendered":"https:\/\/libreriahistoriasdebolsillo.com\/?post_type=product&#038;p=7582"},"modified":"2025-12-17T14:35:31","modified_gmt":"2025-12-17T20:35:31","slug":"vivir-es-un-asunto-urgente-campana-de-verano-edicion-limitada","status":"publish","type":"product","link":"https:\/\/libreriahistoriasdebolsillo.com\/index.php\/producto\/vivir-es-un-asunto-urgente-campana-de-verano-edicion-limitada\/","title":{"rendered":"Vivir es un asunto urgente (Campa\u00f1a de verano edici\u00f3n limitada)"},"content":{"rendered":"<div class=\"justify\">\n<p><b>El Dr. Mario Alonso Puig nos invita a reflexionar sobre aspectos capitales de nuestra existencia y nos ayuda a trazar el itinerario que nos conducir\u00e1 a una nueva tierra: el terreno de las m\u00faltiples oportunidades.<\/b><\/p>\n<\/div>\n<div class=\"justify\">\n<p>Cuando el coraz\u00f3n se desboca, el cuerpo se tensa y el cerebro no funciona bien. Si nos sentimos en peligro, reaccionamos atacando, aisl\u00e1ndonos o simplemente huyendo. Estas formas de actuar impiden que comprendamos a los dem\u00e1s y hacen imposible que \u00e9stos nos vean como realmente somos.<\/p>\n<p><i>Vivir es un asunto urgente<\/i>\u00a0nos ofrece el apoyo necesario para afrontar los desaf\u00edos que se plantean en nuestras vidas, proporcion\u00e1ndonos alegr\u00eda, ilusi\u00f3n, tranquilidad y confianza.<\/p>\n<p><b>Una obra reveladora y cercana que trata a fondo el mundo del estr\u00e9s, nos ense\u00f1a c\u00f3mo gestionarlo de manera adecuada y nos anima a controlar las riendas de nuestro destino, porque, en un cambio en apariencia insignificante, se esconde la verdadera felicidad.<\/b><\/p>\n<\/div>\n","protected":false},"excerpt":{"rendered":"<p>Dr. Mario Alonso Puig<br \/>\n272 p\u00e1ginas<\/p>\n","protected":false},"featured_media":7583,"template":"","meta":{"_joinchat":[]},"product_brand":[],"product_cat":[58,41,51],"product_tag":[34],"class_list":{"0":"post-7582","1":"product","2":"type-product","3":"status-publish","4":"has-post-thumbnail","6":"product_cat-desarrollo-humano-y-superacion","7":"product_cat-desarrollo-humano","8":"product_cat-oferta","9":"product_tag-penguin-random-house","11":"first","12":"outofstock","13":"shipping-taxable","14":"purchasable","15":"product-type-simple"},"_links":{"self":[{"href":"https:\/\/libreriahistoriasdebolsillo.com\/index.php\/wp-json\/wp\/v2\/product\/7582","targetHints":{"allow":["GET"]}}],"collection":[{"href":"https:\/\/libreriahistoriasdebolsillo.com\/index.php\/wp-json\/wp\/v2\/product"}],"about":[{"href":"https:\/\/libreriahistoriasdebolsillo.com\/index.php\/wp-json\/wp\/v2\/types\/product"}],"wp:featuredmedia":[{"embeddable":true,"href":"https:\/\/libreriahistoriasdebolsillo.com\/index.php\/wp-json\/wp\/v2\/media\/7583"}],"wp:attachment":[{"href":"https:\/\/libreriahistoriasdebolsillo.com\/index.php\/wp-json\/wp\/v2\/media?parent=7582"}],"wp:term":[{"taxonomy":"product_brand","embeddable":true,"href":"https:\/\/libreriahistoriasdebolsillo.com\/index.php\/wp-json\/wp\/v2\/product_brand?post=7582"},{"taxonomy":"product_cat","embeddable":true,"href":"https:\/\/libreriahistoriasdebolsillo.com\/index.php\/wp-json\/wp\/v2\/product_cat?post=7582"},{"taxonomy":"product_tag","embeddable":true,"href":"https:\/\/libreriahistoriasdebolsillo.com\/index.php\/wp-json\/wp\/v2\/product_tag?post=7582"}],"curies":[{"name":"wp","href":"https:\/\/api.w.org\/{rel}","templated":true}]}}