{"id":7586,"date":"2025-10-14T12:46:37","date_gmt":"2025-10-14T18:46:37","guid":{"rendered":"https:\/\/libreriahistoriasdebolsillo.com\/?post_type=product&#038;p=7586"},"modified":"2025-12-15T11:35:23","modified_gmt":"2025-12-15T17:35:23","slug":"el-perro-canelo-las-novelas-de-maigret","status":"publish","type":"product","link":"https:\/\/libreriahistoriasdebolsillo.com\/index.php\/producto\/el-perro-canelo-las-novelas-de-maigret\/","title":{"rendered":"El perro canelo (Las novelas de Maigret)"},"content":{"rendered":"<div class=\"justify\">\n<p><b>Quiz\u00e1 la m\u00e1s famosa de las novelas de Maigret,\u00a0<i>El perro canelo<\/i>\u00a0combina magistralmente la pesquisa policiaca con el relato de una venganza.<\/b><\/p>\n<\/div>\n<div class=\"justify\">\n<p>El inspector Maigret llega a la localidad de Concarneau, en Breta\u00f1a, para investigar el intento de asesinato de uno de los notables del pueblo. En mitad de las pesquisas, una serie de sucesos confusos parecen indicar que un asesino imparable trama una venganza colectiva, centrada en cuatro amigos que se re\u00fanen habitualmente en el bar del pueblo. La \u00fanica pista firme es un perro canelo que nadie hab\u00eda visto antes y que merodea por el vecindario.<\/p>\n<p>Muy influenciada por la novela popular, la trama es una especie de reelaboraci\u00f3n de El conde de Montecristo, con una vuelta de tuerca en torno al ambiente marinero que tan bien conoc\u00eda Georges Simenon.<\/p>\n<\/div>\n","protected":false},"excerpt":{"rendered":"<p>Georges Simenon<br \/>\n168 p\u00e1ginas<\/p>\n","protected":false},"featured_media":7587,"template":"","meta":{"_joinchat":[]},"product_brand":[],"product_cat":[37],"product_tag":[34],"class_list":{"0":"post-7586","1":"product","2":"type-product","3":"status-publish","4":"has-post-thumbnail","6":"product_cat-misterio-y-thriller","7":"product_tag-penguin-random-house","9":"first","10":"outofstock","11":"shipping-taxable","12":"purchasable","13":"product-type-simple"},"_links":{"self":[{"href":"https:\/\/libreriahistoriasdebolsillo.com\/index.php\/wp-json\/wp\/v2\/product\/7586","targetHints":{"allow":["GET"]}}],"collection":[{"href":"https:\/\/libreriahistoriasdebolsillo.com\/index.php\/wp-json\/wp\/v2\/product"}],"about":[{"href":"https:\/\/libreriahistoriasdebolsillo.com\/index.php\/wp-json\/wp\/v2\/types\/product"}],"wp:featuredmedia":[{"embeddable":true,"href":"https:\/\/libreriahistoriasdebolsillo.com\/index.php\/wp-json\/wp\/v2\/media\/7587"}],"wp:attachment":[{"href":"https:\/\/libreriahistoriasdebolsillo.com\/index.php\/wp-json\/wp\/v2\/media?parent=7586"}],"wp:term":[{"taxonomy":"product_brand","embeddable":true,"href":"https:\/\/libreriahistoriasdebolsillo.com\/index.php\/wp-json\/wp\/v2\/product_brand?post=7586"},{"taxonomy":"product_cat","embeddable":true,"href":"https:\/\/libreriahistoriasdebolsillo.com\/index.php\/wp-json\/wp\/v2\/product_cat?post=7586"},{"taxonomy":"product_tag","embeddable":true,"href":"https:\/\/libreriahistoriasdebolsillo.com\/index.php\/wp-json\/wp\/v2\/product_tag?post=7586"}],"curies":[{"name":"wp","href":"https:\/\/api.w.org\/{rel}","templated":true}]}}