{"id":7588,"date":"2025-10-14T12:47:57","date_gmt":"2025-10-14T18:47:57","guid":{"rendered":"https:\/\/libreriahistoriasdebolsillo.com\/?post_type=product&#038;p=7588"},"modified":"2026-02-10T16:10:52","modified_gmt":"2026-02-10T22:10:52","slug":"el-caso-saint-fiacre-las-novelas-de-maigret","status":"publish","type":"product","link":"https:\/\/libreriahistoriasdebolsillo.com\/index.php\/producto\/el-caso-saint-fiacre-las-novelas-de-maigret\/","title":{"rendered":"El caso Saint Fiacre (Las novelas de Maigret)"},"content":{"rendered":"<div class=\"justify\">\n<p><b>Una novela esencial en la que el comisario Maigret vuelve por una investigaci\u00f3n a su pueblo natal, revel\u00e1ndose as\u00ed los or\u00edgenes del personaje.<\/b><\/p>\n<\/div>\n<div class=\"justify\">\n<p>Cuando una carta an\u00f3nima anuncia que durante la misa del D\u00eda de Difuntos se cometer\u00e1 un crimen en Saint-Fiacre, el pueblo natal de Maigret en Breta\u00f1a, el comisario debe regresar a sus or\u00edgenes para evitarlo.<\/p>\n<p>Al terminar la misa una feligresa ha muerto, como se hab\u00eda anunciado. Y Maigret, a pesar de haber estado presente y atento, no ha visto absolutamente nada que le permita saber qui\u00e9n o qui\u00e9nes han cometido el crimen.<\/p>\n<p>Con sus habituales paciencia y perspicacia, el comisario deber\u00e1 internarse en los secretos de toda una comunidad, un mundo en v\u00edas de desaparici\u00f3n donde la peque\u00f1a noblesa local pretende dictar la ley sin miramientos ni compasi\u00f3n.<\/p>\n<\/div>\n","protected":false},"excerpt":{"rendered":"<p>Georges Simenon<br \/>\n168 p\u00e1ginas<\/p>\n","protected":false},"featured_media":7589,"template":"","meta":{"_joinchat":[]},"product_brand":[],"product_cat":[37],"product_tag":[34],"class_list":{"0":"post-7588","1":"product","2":"type-product","3":"status-publish","4":"has-post-thumbnail","6":"product_cat-misterio-y-thriller","7":"product_tag-penguin-random-house","9":"first","10":"outofstock","11":"shipping-taxable","12":"purchasable","13":"product-type-simple"},"_links":{"self":[{"href":"https:\/\/libreriahistoriasdebolsillo.com\/index.php\/wp-json\/wp\/v2\/product\/7588","targetHints":{"allow":["GET"]}}],"collection":[{"href":"https:\/\/libreriahistoriasdebolsillo.com\/index.php\/wp-json\/wp\/v2\/product"}],"about":[{"href":"https:\/\/libreriahistoriasdebolsillo.com\/index.php\/wp-json\/wp\/v2\/types\/product"}],"wp:featuredmedia":[{"embeddable":true,"href":"https:\/\/libreriahistoriasdebolsillo.com\/index.php\/wp-json\/wp\/v2\/media\/7589"}],"wp:attachment":[{"href":"https:\/\/libreriahistoriasdebolsillo.com\/index.php\/wp-json\/wp\/v2\/media?parent=7588"}],"wp:term":[{"taxonomy":"product_brand","embeddable":true,"href":"https:\/\/libreriahistoriasdebolsillo.com\/index.php\/wp-json\/wp\/v2\/product_brand?post=7588"},{"taxonomy":"product_cat","embeddable":true,"href":"https:\/\/libreriahistoriasdebolsillo.com\/index.php\/wp-json\/wp\/v2\/product_cat?post=7588"},{"taxonomy":"product_tag","embeddable":true,"href":"https:\/\/libreriahistoriasdebolsillo.com\/index.php\/wp-json\/wp\/v2\/product_tag?post=7588"}],"curies":[{"name":"wp","href":"https:\/\/api.w.org\/{rel}","templated":true}]}}