{"id":7590,"date":"2025-10-14T12:51:22","date_gmt":"2025-10-14T18:51:22","guid":{"rendered":"https:\/\/libreriahistoriasdebolsillo.com\/?post_type=product&#038;p=7590"},"modified":"2026-02-10T16:06:01","modified_gmt":"2026-02-10T22:06:01","slug":"liberty-bar-las-novelas-de-maigret","status":"publish","type":"product","link":"https:\/\/libreriahistoriasdebolsillo.com\/index.php\/producto\/liberty-bar-las-novelas-de-maigret\/","title":{"rendered":"Liberty bar (Las novelas de Maigret)"},"content":{"rendered":"<div class=\"justify\">\n<p><b>Un at\u00edpico caso del comisario Maigret ambientado en la Costa Azul, donde los paisajes soleados se cruzan con las pasiones oscuras.<\/b><\/p>\n<\/div>\n<div class=\"justify\">\n<p>Lejos del ambiente brumoso y h\u00famedo de la mayor\u00eda de los casos de Maigret, Liberty Bar nos lleva a la Costa Azul, donde el comisario llega para investigar el asesinato de un rico terrateniente australiano que hab\u00eda abandonado las convenciones y los deberes de su clase para darse la buena vida en compa\u00f1\u00eda de un elenco de personajes variopintos reunidos en un bar de Niza.<\/p>\n<p>Sin embargo, incluso en una atm\u00f3sfera de vacaciones, el comisario descubri\u00e1 que la naturaleza humana es oscura y, fiel a su divisa de comprender sin juzgar, revelar\u00e1 una tragedia dom\u00e9stica de intereses cruzados.<\/p>\n<\/div>\n","protected":false},"excerpt":{"rendered":"<p>Georges Simenon<br \/>\n160 p\u00e1ginas<\/p>\n","protected":false},"featured_media":7591,"template":"","meta":{"_joinchat":[]},"product_brand":[],"product_cat":[37],"product_tag":[34],"class_list":{"0":"post-7590","1":"product","2":"type-product","3":"status-publish","4":"has-post-thumbnail","6":"product_cat-misterio-y-thriller","7":"product_tag-penguin-random-house","9":"first","10":"outofstock","11":"shipping-taxable","12":"purchasable","13":"product-type-simple"},"_links":{"self":[{"href":"https:\/\/libreriahistoriasdebolsillo.com\/index.php\/wp-json\/wp\/v2\/product\/7590","targetHints":{"allow":["GET"]}}],"collection":[{"href":"https:\/\/libreriahistoriasdebolsillo.com\/index.php\/wp-json\/wp\/v2\/product"}],"about":[{"href":"https:\/\/libreriahistoriasdebolsillo.com\/index.php\/wp-json\/wp\/v2\/types\/product"}],"wp:featuredmedia":[{"embeddable":true,"href":"https:\/\/libreriahistoriasdebolsillo.com\/index.php\/wp-json\/wp\/v2\/media\/7591"}],"wp:attachment":[{"href":"https:\/\/libreriahistoriasdebolsillo.com\/index.php\/wp-json\/wp\/v2\/media?parent=7590"}],"wp:term":[{"taxonomy":"product_brand","embeddable":true,"href":"https:\/\/libreriahistoriasdebolsillo.com\/index.php\/wp-json\/wp\/v2\/product_brand?post=7590"},{"taxonomy":"product_cat","embeddable":true,"href":"https:\/\/libreriahistoriasdebolsillo.com\/index.php\/wp-json\/wp\/v2\/product_cat?post=7590"},{"taxonomy":"product_tag","embeddable":true,"href":"https:\/\/libreriahistoriasdebolsillo.com\/index.php\/wp-json\/wp\/v2\/product_tag?post=7590"}],"curies":[{"name":"wp","href":"https:\/\/api.w.org\/{rel}","templated":true}]}}