{"id":7592,"date":"2025-10-14T12:52:56","date_gmt":"2025-10-14T18:52:56","guid":{"rendered":"https:\/\/libreriahistoriasdebolsillo.com\/?post_type=product&#038;p=7592"},"modified":"2025-12-15T11:34:44","modified_gmt":"2025-12-15T17:34:44","slug":"la-casa-de-los-flamencos-las-novelas-de-maigret","status":"publish","type":"product","link":"https:\/\/libreriahistoriasdebolsillo.com\/index.php\/producto\/la-casa-de-los-flamencos-las-novelas-de-maigret\/","title":{"rendered":"La casa de los flamencos (Las novelas de Maigret)"},"content":{"rendered":"<div class=\"justify\">\n<p><b>Una fabulosa novela de intriga mezclada con un drama familiar, en la que se evidencian fuertes tensiones entre culturas y clases sociales.<\/b><\/p>\n<\/div>\n<div class=\"justify\">\n<p>A t\u00edtulo privado, Maigret se allega a la localidad de Givet, en la frontera franco-belga, para cumplir el encargo de ayudar a los Peeters, \u00ablos Flamencos\u00bb, una familia de pr\u00f3speros comerciantes. Todo el pueblo los acusa de haber matado a una muchacha francesa, pero el cad\u00e1ver no aparece, y las dudas se multiplican.<\/p>\n<p>El famoso comisario enfrentar\u00e1 en esta novela no solo una intriga, sino un drama familiar, en el que deber\u00e1 sondear los silencios y los secretos de todo un clan para acabar erigi\u00e9ndose en juez.<\/p>\n<\/div>\n","protected":false},"excerpt":{"rendered":"<p>Georges Simenon<br \/>\n160 p\u00e1ginas<\/p>\n","protected":false},"featured_media":7593,"template":"","meta":{"_joinchat":[]},"product_brand":[],"product_cat":[37],"product_tag":[34],"class_list":{"0":"post-7592","1":"product","2":"type-product","3":"status-publish","4":"has-post-thumbnail","6":"product_cat-misterio-y-thriller","7":"product_tag-penguin-random-house","9":"first","10":"outofstock","11":"shipping-taxable","12":"purchasable","13":"product-type-simple"},"_links":{"self":[{"href":"https:\/\/libreriahistoriasdebolsillo.com\/index.php\/wp-json\/wp\/v2\/product\/7592","targetHints":{"allow":["GET"]}}],"collection":[{"href":"https:\/\/libreriahistoriasdebolsillo.com\/index.php\/wp-json\/wp\/v2\/product"}],"about":[{"href":"https:\/\/libreriahistoriasdebolsillo.com\/index.php\/wp-json\/wp\/v2\/types\/product"}],"wp:featuredmedia":[{"embeddable":true,"href":"https:\/\/libreriahistoriasdebolsillo.com\/index.php\/wp-json\/wp\/v2\/media\/7593"}],"wp:attachment":[{"href":"https:\/\/libreriahistoriasdebolsillo.com\/index.php\/wp-json\/wp\/v2\/media?parent=7592"}],"wp:term":[{"taxonomy":"product_brand","embeddable":true,"href":"https:\/\/libreriahistoriasdebolsillo.com\/index.php\/wp-json\/wp\/v2\/product_brand?post=7592"},{"taxonomy":"product_cat","embeddable":true,"href":"https:\/\/libreriahistoriasdebolsillo.com\/index.php\/wp-json\/wp\/v2\/product_cat?post=7592"},{"taxonomy":"product_tag","embeddable":true,"href":"https:\/\/libreriahistoriasdebolsillo.com\/index.php\/wp-json\/wp\/v2\/product_tag?post=7592"}],"curies":[{"name":"wp","href":"https:\/\/api.w.org\/{rel}","templated":true}]}}