{"id":7597,"date":"2025-10-14T13:05:22","date_gmt":"2025-10-14T19:05:22","guid":{"rendered":"https:\/\/libreriahistoriasdebolsillo.com\/?post_type=product&#038;p=7597"},"modified":"2026-03-10T15:33:51","modified_gmt":"2026-03-10T21:33:51","slug":"aqui-todos-mienten","status":"publish","type":"product","link":"https:\/\/libreriahistoriasdebolsillo.com\/index.php\/producto\/aqui-todos-mienten\/","title":{"rendered":"Aqu\u00ed todos mienten"},"content":{"rendered":"<div class=\"justify\">\n<p><b>El nuevo\u00a0<i>thriller\u00a0<\/i>de la autora del best seller internacional\u00a0<i>La pareja de al lado.<\/i><\/b><\/p>\n<p><b>Bienvenidos a Stanhope. Un barrio seguro&#8230; y perfecto para las familias.<\/b><\/p>\n<\/div>\n<div class=\"justify\">\n<p>William Wooler es, a primera vista, un padre y marido entregado. Pero ha estado teniendo una aventura que esa misma tarde ha tenido un horrible final en un motel de las afueras. Cuando regresa a casa, destrozado y enfadado, se sorprende al ver que Avery, su hija de nueve a\u00f1os, ha salido antes de la escuela y pierde los estribos. Horas m\u00e1s tarde, la familia de Avery comunica su desaparici\u00f3n. De repente, Stanhope ya no parece un barrio tan apacible. Y William no es el \u00fanico que esconde una mentira. A medida que los testigos aportan informaci\u00f3n, que puede o no ser cierta, sobre la desaparici\u00f3n, los vecinos de Avery se muestran cada vez m\u00e1s desquiciados. \u00bfQui\u00e9n se ha llevado a Avery Wooler? Nada te preparar\u00e1 para la verdad. \u00abLa reina de la novela de suspense moderna\u00bb. Sunday Express \u00abLapena es una maestra de la manipulaci\u00f3n\u00bb. USA Today La cr\u00edtica ha dicho: \u00abShari Lapena ha demostrado ser una maestra del domestic thriller imprevisible y su \u00faltima novela no es una excepci\u00f3n&#8230; A lo largo de la historia pensar\u00e1s mil veces que tienes las respuestas pero el verdadero giro final no llega hasta la \u00faltima p\u00e1gina\u00bb. Glamour \u00abShari Lapena se est\u00e1 convirtiendo r\u00e1pidamente en un fen\u00f3menos internacional&#8230; Aqu\u00ed todos mienten es el mejor de sus siete libros. Tiene un inicio impactante y acaba con una sorpresa que nadie adivinar\u00e1. Entremedias hay pistas, mentiras, intriga y un mont\u00f3n de buenos personajes haciendo cosas malas\u00bb. The Globe and Mail \u00abUn barrio tranquilo, una ni\u00f1a desparecida y un batall\u00f3n de padres que protegen a sus hijos, de mujeres que protegen a sus maridos y de personajes turbios y perversos ocult\u00e1ndose a la vista de todos. \u00a1Me encant\u00f3!\u00bb. CrimeReads \u00abUn thriller con una trama perfecta que se mueve a la velocidad del rayo. Est\u00e1 repleto de mentiras, traiciones y giros. El final te parar\u00e1 el coraz\u00f3n. Sin duda, mi nuevo libro favorito de Shari Lapena\u00bb. Samantha Downing, autora de Mi adorada esposa \u00abBusca este libro. Shari Lapena es una maestra moderna del thriller psicol\u00f3gico y todos su considerable talento se despliega en Aqu\u00ed todos mienten\u00bb. Steve Cavanagh, autor de 13 \u00abUna adictiva, inteligente e inquietante novela con personajes llenos de conflictos y una conclusi\u00f3n deslumbrante\u00bb. Booklist \u00abEl suspense es real; Lapena hace un trabajo magnifico sacando a la luz capas de falsedad dom\u00e9stica y traici\u00f3n\u00bb. Kirkus<\/p>\n<\/div>\n","protected":false},"excerpt":{"rendered":"<p>Shari Lapena<br \/>\n368 p\u00e1ginas<\/p>\n","protected":false},"featured_media":7598,"template":"","meta":{"_joinchat":[]},"product_brand":[],"product_cat":[37,51],"product_tag":[34],"class_list":{"0":"post-7597","1":"product","2":"type-product","3":"status-publish","4":"has-post-thumbnail","6":"product_cat-misterio-y-thriller","7":"product_cat-oferta","8":"product_tag-penguin-random-house","10":"first","11":"instock","12":"sale","13":"shipping-taxable","14":"purchasable","15":"product-type-simple"},"_links":{"self":[{"href":"https:\/\/libreriahistoriasdebolsillo.com\/index.php\/wp-json\/wp\/v2\/product\/7597","targetHints":{"allow":["GET"]}}],"collection":[{"href":"https:\/\/libreriahistoriasdebolsillo.com\/index.php\/wp-json\/wp\/v2\/product"}],"about":[{"href":"https:\/\/libreriahistoriasdebolsillo.com\/index.php\/wp-json\/wp\/v2\/types\/product"}],"wp:featuredmedia":[{"embeddable":true,"href":"https:\/\/libreriahistoriasdebolsillo.com\/index.php\/wp-json\/wp\/v2\/media\/7598"}],"wp:attachment":[{"href":"https:\/\/libreriahistoriasdebolsillo.com\/index.php\/wp-json\/wp\/v2\/media?parent=7597"}],"wp:term":[{"taxonomy":"product_brand","embeddable":true,"href":"https:\/\/libreriahistoriasdebolsillo.com\/index.php\/wp-json\/wp\/v2\/product_brand?post=7597"},{"taxonomy":"product_cat","embeddable":true,"href":"https:\/\/libreriahistoriasdebolsillo.com\/index.php\/wp-json\/wp\/v2\/product_cat?post=7597"},{"taxonomy":"product_tag","embeddable":true,"href":"https:\/\/libreriahistoriasdebolsillo.com\/index.php\/wp-json\/wp\/v2\/product_tag?post=7597"}],"curies":[{"name":"wp","href":"https:\/\/api.w.org\/{rel}","templated":true}]}}