{"id":7599,"date":"2025-10-14T13:08:45","date_gmt":"2025-10-14T19:08:45","guid":{"rendered":"https:\/\/libreriahistoriasdebolsillo.com\/?post_type=product&#038;p=7599"},"modified":"2026-02-10T16:16:43","modified_gmt":"2026-02-10T22:16:43","slug":"el-planeta-de-los-simios","status":"publish","type":"product","link":"https:\/\/libreriahistoriasdebolsillo.com\/index.php\/producto\/el-planeta-de-los-simios\/","title":{"rendered":"El planeta de los simios"},"content":{"rendered":"<div class=\"justify\">\n<p><b>UN VIAJE ESPACIAL<\/b><\/p>\n<p><b>UNA TEMIBLE CIVILIZACI\u00d3N<\/b><\/p>\n<p><b>\u00bfUN NUEVO MUNDO<\/b><b>\u2026<\/b><b>?<\/b><\/p>\n<p><b>Con millones de ejemplares vendidos en todo el mundo, y ya conocido como una de las mayores sagas cinematogr\u00e1ficas del mundo, El planeta de los simios es uno de los m\u00e1s grandes cl\u00e1sicos de la ciencia ficci\u00f3n.<\/b><\/p>\n<\/div>\n<div class=\"justify\">\n<p>Es el\u00a0<b>a\u00f1o 2500<\/b>. El periodista\u00a0<b>Ulysse<\/b>, junto con el profesor\u00a0<b>Antelle<\/b>\u00a0y su alumno Arthur Levain, se embarca en una expedici\u00f3n hacia el sistema solar m\u00e1s cercano para tratar de\u00a0<b>resolver la pregunta m\u00e1s antigua de la<\/b>\u00a0<b>civilizaci\u00f3n<\/b>: \u00bfhay vida en las estrellas?<\/p>\n<p>Su viaje les lleva a\u00a0<b>Soror<\/b>, un planeta muy parecido a la Tierra. Pero lo que encuentran all\u00ed es completamente distinto a lo que conocen: aunque\u00a0<b>hay<\/b>\u00a0<b>humanos<\/b>, en Soror\u00a0<b>viven como animales cazados<\/b>\u2026, o como\u00a0<b>esclavos de<\/b>\u00a0<b>los simios<\/b>, quienes gobiernan ese mundo. Y cuando estos los capturan, ser\u00e1 Ulysse quien tenga que demostrar su humanidad para poder conseguir la libertad\u2026<\/p>\n<p><b>Con millones de ejemplares vendidos,<\/b>\u00a0<b>y ya conocido como una de las mayores<\/b>\u00a0<b>sagas cinematogr\u00e1ficas del mundo,<\/b>\u00a0<i><b>El planeta de los simios<\/b><\/i>\u00a0<b>es uno de<\/b>\u00a0<b>los m\u00e1s grandes cl\u00e1sicos de<\/b>\u00a0<b>la ciencia ficci\u00f3n.<\/b><\/p>\n<\/div>\n","protected":false},"excerpt":{"rendered":"<p>Pierre Boulle<br \/>\n312 p\u00e1ginas<\/p>\n","protected":false},"featured_media":7600,"template":"","meta":{"_joinchat":[]},"product_brand":[],"product_cat":[40],"product_tag":[34],"class_list":{"0":"post-7599","1":"product","2":"type-product","3":"status-publish","4":"has-post-thumbnail","6":"product_cat-ciencia-ficcion","7":"product_tag-penguin-random-house","9":"first","10":"outofstock","11":"shipping-taxable","12":"purchasable","13":"product-type-simple"},"_links":{"self":[{"href":"https:\/\/libreriahistoriasdebolsillo.com\/index.php\/wp-json\/wp\/v2\/product\/7599","targetHints":{"allow":["GET"]}}],"collection":[{"href":"https:\/\/libreriahistoriasdebolsillo.com\/index.php\/wp-json\/wp\/v2\/product"}],"about":[{"href":"https:\/\/libreriahistoriasdebolsillo.com\/index.php\/wp-json\/wp\/v2\/types\/product"}],"wp:featuredmedia":[{"embeddable":true,"href":"https:\/\/libreriahistoriasdebolsillo.com\/index.php\/wp-json\/wp\/v2\/media\/7600"}],"wp:attachment":[{"href":"https:\/\/libreriahistoriasdebolsillo.com\/index.php\/wp-json\/wp\/v2\/media?parent=7599"}],"wp:term":[{"taxonomy":"product_brand","embeddable":true,"href":"https:\/\/libreriahistoriasdebolsillo.com\/index.php\/wp-json\/wp\/v2\/product_brand?post=7599"},{"taxonomy":"product_cat","embeddable":true,"href":"https:\/\/libreriahistoriasdebolsillo.com\/index.php\/wp-json\/wp\/v2\/product_cat?post=7599"},{"taxonomy":"product_tag","embeddable":true,"href":"https:\/\/libreriahistoriasdebolsillo.com\/index.php\/wp-json\/wp\/v2\/product_tag?post=7599"}],"curies":[{"name":"wp","href":"https:\/\/api.w.org\/{rel}","templated":true}]}}