{"id":7601,"date":"2025-10-14T13:13:27","date_gmt":"2025-10-14T19:13:27","guid":{"rendered":"https:\/\/libreriahistoriasdebolsillo.com\/?post_type=product&#038;p=7601"},"modified":"2026-04-16T10:21:58","modified_gmt":"2026-04-16T16:21:58","slug":"la-paciente-silenciosa-2","status":"publish","type":"product","link":"https:\/\/libreriahistoriasdebolsillo.com\/index.php\/producto\/la-paciente-silenciosa-2\/","title":{"rendered":"La paciente silenciosa"},"content":{"rendered":"<div class=\"justify\">\n<p><b>Tras dispararle cinco tiros en la cabeza a su marido,<\/b>\u00a0<b>la exitosa pintora Alicia Berenson no vuelve a pronunciar<\/b>\u00a0<b>palabra.<\/b><\/p>\n<\/div>\n<div class=\"justify\">\n<p>Su silencio convierte una\u00a0<b>tragedia<\/b>\u00a0<b>dom\u00e9stica<\/b>\u00a0en un misterio que fascina a toda Inglaterra, y nadie se obsesiona tanto con el caso como\u00a0<b>Theo Faber<\/b>, un ambicioso psicoterapeuta forense empe\u00f1ado en desentra\u00f1ar lo que ocurri\u00f3 aquella noche. Cuando consigue una plaza en la unidad de seguridad a la que Alicia fue enviada hace seis a\u00f1os, comienza el\u00a0<b>duelo psicol\u00f3gico<\/b>. Si solo ella conoce la verdad, solo \u00e9l puede\u00a0<b>hacerla hablar<\/b>.<\/p>\n<\/div>\n","protected":false},"excerpt":{"rendered":"<p>Alex Michaelides<br \/>\n384 p\u00e1ginas<\/p>\n","protected":false},"featured_media":7602,"template":"","meta":{"_joinchat":[]},"product_brand":[],"product_cat":[37],"product_tag":[34],"class_list":{"0":"post-7601","1":"product","2":"type-product","3":"status-publish","4":"has-post-thumbnail","6":"product_cat-misterio-y-thriller","7":"product_tag-penguin-random-house","9":"first","10":"instock","11":"shipping-taxable","12":"purchasable","13":"product-type-simple"},"_links":{"self":[{"href":"https:\/\/libreriahistoriasdebolsillo.com\/index.php\/wp-json\/wp\/v2\/product\/7601","targetHints":{"allow":["GET"]}}],"collection":[{"href":"https:\/\/libreriahistoriasdebolsillo.com\/index.php\/wp-json\/wp\/v2\/product"}],"about":[{"href":"https:\/\/libreriahistoriasdebolsillo.com\/index.php\/wp-json\/wp\/v2\/types\/product"}],"wp:featuredmedia":[{"embeddable":true,"href":"https:\/\/libreriahistoriasdebolsillo.com\/index.php\/wp-json\/wp\/v2\/media\/7602"}],"wp:attachment":[{"href":"https:\/\/libreriahistoriasdebolsillo.com\/index.php\/wp-json\/wp\/v2\/media?parent=7601"}],"wp:term":[{"taxonomy":"product_brand","embeddable":true,"href":"https:\/\/libreriahistoriasdebolsillo.com\/index.php\/wp-json\/wp\/v2\/product_brand?post=7601"},{"taxonomy":"product_cat","embeddable":true,"href":"https:\/\/libreriahistoriasdebolsillo.com\/index.php\/wp-json\/wp\/v2\/product_cat?post=7601"},{"taxonomy":"product_tag","embeddable":true,"href":"https:\/\/libreriahistoriasdebolsillo.com\/index.php\/wp-json\/wp\/v2\/product_tag?post=7601"}],"curies":[{"name":"wp","href":"https:\/\/api.w.org\/{rel}","templated":true}]}}