{"id":7603,"date":"2025-10-14T13:16:49","date_gmt":"2025-10-14T19:16:49","guid":{"rendered":"https:\/\/libreriahistoriasdebolsillo.com\/?post_type=product&#038;p=7603"},"modified":"2026-02-16T14:29:29","modified_gmt":"2026-02-16T20:29:29","slug":"dona-huevotes-2","status":"publish","type":"product","link":"https:\/\/libreriahistoriasdebolsillo.com\/index.php\/producto\/dona-huevotes-2\/","title":{"rendered":"Do\u00f1a Huevotes"},"content":{"rendered":"<div class=\"justify\">\n<p><b>T<\/b><b>odo lo resuelve, siempre est\u00e1 dispuesta y para ella<\/b>\u00a0<b>nada es imposible: Do\u00f1a<\/b>\u00a0<b>Huevotes<\/b><b>\u00a0se encarga de tener<\/b>\u00a0<b>orden en la casa, acepta las cargas m\u00e1s duras del<\/b>\u00a0<b>trabajo y enfrenta los problemas m\u00e1s graves de la familia.<\/b>\u00a0<b>Pero tambi\u00e9n sufre, se enferma y cae, aunque evita expresar<\/b>\u00a0<b>su dolor. Pero\u2026 \u00bfqui\u00e9n es Do\u00f1a<\/b>\u00a0<b>Huevotes<\/b><b>? \u00bfPor qu\u00e9 act\u00faa<\/b>\u00a0<b>as\u00ed? \u00bfQu\u00e9 deseos, rencores, anhelos guarda? \u00bfEs feliz o<\/b>\u00a0<b>soporta todo con tal de demostrar que es la mejor?<\/b><\/p>\n<\/div>\n<div class=\"justify\">\n<p><b>Anamar<\/b><b>\u00a0Orihuela<\/b>\u00a0comparte en este libro no s\u00f3lo su experiencia personal m\u00e1s \u00edntima y las terapias m\u00e1s efectivas para auxiliar a las mujeres\u00a0<b>Do\u00f1a<\/b>\u00a0<b>Huevotes<\/b>; explica por qu\u00e9 se comportan as\u00ed, qu\u00e9 carencias tienen desde la infancia y c\u00f3mo se\u00a0<b>relacionan con sus parejas<\/b>, sus\u00a0<b>hijas e hijos<\/b>, con sus\u00a0<b>padres<\/b>, en el amor y la convivencia; detalla por qu\u00e9 brotan de ellas aspectos narcisistas o castradores y qu\u00e9 v\u00ednculos mantienen con\u00a0<b>Hombres P\u00e1jaro Herido<\/b>\u00a0u\u00a0<b>amantes<\/b>\u00a0<b>posesivos, maltratadores o sometidos<\/b>.<\/p>\n<p><i><b>Do\u00f1a<\/b><\/i>\u00a0<i><b>Huevotes<\/b><\/i>\u00a0es un libro fuerte y directo, pero tambi\u00e9n una obra llena de ternura y apoyo terap\u00e9utico, una gu\u00eda esencial para ayudar a quienes\u00a0<b>esconden sus emociones<\/b>, sus fracturas del alma. El prop\u00f3sito de la autora es lograr empat\u00eda con mujeres que se sienten incomprendidas, abandonadas o lastimadas, mostrarles el poder de su gran sensibilidad y determinaci\u00f3n, para que, mediante la comprensi\u00f3n y el apoyo compartan su luz y extraordinaria\u00a0<b>fortaleza espiritual<\/b>.<\/p>\n<\/div>\n","protected":false},"excerpt":{"rendered":"<p>Anamar Orihuela<br \/>\n264 p\u00e1ginas<\/p>\n","protected":false},"featured_media":7604,"template":"","meta":{"_joinchat":[]},"product_brand":[],"product_cat":[58,41],"product_tag":[34],"class_list":{"0":"post-7603","1":"product","2":"type-product","3":"status-publish","4":"has-post-thumbnail","6":"product_cat-desarrollo-humano-y-superacion","7":"product_cat-desarrollo-humano","8":"product_tag-penguin-random-house","10":"first","11":"outofstock","12":"shipping-taxable","13":"purchasable","14":"product-type-simple"},"_links":{"self":[{"href":"https:\/\/libreriahistoriasdebolsillo.com\/index.php\/wp-json\/wp\/v2\/product\/7603","targetHints":{"allow":["GET"]}}],"collection":[{"href":"https:\/\/libreriahistoriasdebolsillo.com\/index.php\/wp-json\/wp\/v2\/product"}],"about":[{"href":"https:\/\/libreriahistoriasdebolsillo.com\/index.php\/wp-json\/wp\/v2\/types\/product"}],"wp:featuredmedia":[{"embeddable":true,"href":"https:\/\/libreriahistoriasdebolsillo.com\/index.php\/wp-json\/wp\/v2\/media\/7604"}],"wp:attachment":[{"href":"https:\/\/libreriahistoriasdebolsillo.com\/index.php\/wp-json\/wp\/v2\/media?parent=7603"}],"wp:term":[{"taxonomy":"product_brand","embeddable":true,"href":"https:\/\/libreriahistoriasdebolsillo.com\/index.php\/wp-json\/wp\/v2\/product_brand?post=7603"},{"taxonomy":"product_cat","embeddable":true,"href":"https:\/\/libreriahistoriasdebolsillo.com\/index.php\/wp-json\/wp\/v2\/product_cat?post=7603"},{"taxonomy":"product_tag","embeddable":true,"href":"https:\/\/libreriahistoriasdebolsillo.com\/index.php\/wp-json\/wp\/v2\/product_tag?post=7603"}],"curies":[{"name":"wp","href":"https:\/\/api.w.org\/{rel}","templated":true}]}}