{"id":7605,"date":"2025-10-14T13:19:00","date_gmt":"2025-10-14T19:19:00","guid":{"rendered":"https:\/\/libreriahistoriasdebolsillo.com\/?post_type=product&#038;p=7605"},"modified":"2026-01-12T12:28:03","modified_gmt":"2026-01-12T18:28:03","slug":"las-12-leyes-de-la-negociacion","status":"publish","type":"product","link":"https:\/\/libreriahistoriasdebolsillo.com\/index.php\/producto\/las-12-leyes-de-la-negociacion\/","title":{"rendered":"Las 12 leyes de la negociaci\u00f3n"},"content":{"rendered":"<div class=\"justify\">\n<p><b>Ser estratega no es lo opuesto a ser sincero, ni a ser honesto o decente.<\/b><\/p>\n<p><b>Ser estratega es lo opuesto a ser ingenuo.<\/b><\/p>\n<p><b>Las buenas intenciones tambi\u00e9n deben ser administradas con inteligencia<\/b><\/p>\n<\/div>\n<div class=\"justify\">\n<p>La\u00a0<b>negociaci\u00f3n\u00a0<\/b>es una herramienta consustancial al ser humano, en la pol\u00edtica, en el trabajo y en las relaciones personales. Y saber negociar no consiste en ser una persona dura o avasalladora, ni en\u00a0<b>controlar emocionalmente<\/b>\u00a0una situaci\u00f3n: basta con emplear planteamientos estrat\u00e9gicos\u00a0<b>constructivos<\/b>.<\/p>\n<p>Negociar con \u00e9xito no resulta una tarea dif\u00edcil. Es cuesti\u00f3n de practicar aplicando las\u00a0<b>12 leyes<\/b>\u00a0que invariablemente determinan toda negociaci\u00f3n, y que parten del principio de que ser\u00a0<b>inteligente\u00a0<\/b>es mejor que ser\u00a0<b>agresivo<\/b>.<\/p>\n<p>Este libro revela la esencia com\u00fan de todo tipo de negociaci\u00f3n y establece 12 principios universales y\u00a0<b>pr\u00e1cticos<\/b>, que se ilustran con sucesos y situaciones reales extra\u00eddos de la historia, de la literatura y del<b>\u00a0mundo empresarial<\/b>. Casos con mayor o menor fortuna, seg\u00fan aplicaron estos principios o no.<\/p>\n<\/div>\n","protected":false},"excerpt":{"rendered":"<p>Alfred Font Barrot<br \/>\n192 p\u00e1ginas<\/p>\n","protected":false},"featured_media":7606,"template":"","meta":{"_joinchat":[]},"product_brand":[],"product_cat":[58,41,51],"product_tag":[34],"class_list":{"0":"post-7605","1":"product","2":"type-product","3":"status-publish","4":"has-post-thumbnail","6":"product_cat-desarrollo-humano-y-superacion","7":"product_cat-desarrollo-humano","8":"product_cat-oferta","9":"product_tag-penguin-random-house","11":"first","12":"outofstock","13":"shipping-taxable","14":"purchasable","15":"product-type-simple"},"_links":{"self":[{"href":"https:\/\/libreriahistoriasdebolsillo.com\/index.php\/wp-json\/wp\/v2\/product\/7605","targetHints":{"allow":["GET"]}}],"collection":[{"href":"https:\/\/libreriahistoriasdebolsillo.com\/index.php\/wp-json\/wp\/v2\/product"}],"about":[{"href":"https:\/\/libreriahistoriasdebolsillo.com\/index.php\/wp-json\/wp\/v2\/types\/product"}],"wp:featuredmedia":[{"embeddable":true,"href":"https:\/\/libreriahistoriasdebolsillo.com\/index.php\/wp-json\/wp\/v2\/media\/7606"}],"wp:attachment":[{"href":"https:\/\/libreriahistoriasdebolsillo.com\/index.php\/wp-json\/wp\/v2\/media?parent=7605"}],"wp:term":[{"taxonomy":"product_brand","embeddable":true,"href":"https:\/\/libreriahistoriasdebolsillo.com\/index.php\/wp-json\/wp\/v2\/product_brand?post=7605"},{"taxonomy":"product_cat","embeddable":true,"href":"https:\/\/libreriahistoriasdebolsillo.com\/index.php\/wp-json\/wp\/v2\/product_cat?post=7605"},{"taxonomy":"product_tag","embeddable":true,"href":"https:\/\/libreriahistoriasdebolsillo.com\/index.php\/wp-json\/wp\/v2\/product_tag?post=7605"}],"curies":[{"name":"wp","href":"https:\/\/api.w.org\/{rel}","templated":true}]}}