{"id":7607,"date":"2025-10-14T13:22:47","date_gmt":"2025-10-14T19:22:47","guid":{"rendered":"https:\/\/libreriahistoriasdebolsillo.com\/?post_type=product&#038;p=7607"},"modified":"2026-02-10T16:17:23","modified_gmt":"2026-02-10T22:17:23","slug":"sana-tu-familia","status":"publish","type":"product","link":"https:\/\/libreriahistoriasdebolsillo.com\/index.php\/producto\/sana-tu-familia\/","title":{"rendered":"Sana tu familia"},"content":{"rendered":"<div class=\"justify\">\n<p><b>Un m\u00e9todo probado para liberarse de las cargas y los comportamientos del pasado, sanar naturalmente y abrazar el poder del amor incondicional.<\/b><\/p>\n<\/div>\n<div class=\"justify\">\n<p>Sin saberlo, todos llevamos un pesado equipaje abarrotado de una\u00a0<b>herencia familiar\u00a0<\/b>que no vemos. Desafortunadamente, esto te afecta a ti y a tus hijos. Lo peor es que cada nuevo miembro de tu familia clona el equipaje y le agrega m\u00e1s peso. La buena noticia es que<b>\u00a0puedes liberarte a ti y a tus descendientes de lo que les afecta negativamente<\/b>\u00a0para avanzar hacia la vida con \u00e9xito.<\/p>\n<p>Magui Block, psicoterapeuta desde hace m\u00e1s de 25 a\u00f1os, comparte casos y experiencias personales para ayudarte a mejorar tu vida y lograr tus metas y sue\u00f1os.\u00a0<b>Explica c\u00f3mo las personas pueden quedar atrapadas involuntariamente en las din\u00e1micas familiares destructivas, proporciona discusiones y ejercicios para ayudar a trabajar a trav\u00e9s de ellas<\/b>, y demuestra c\u00f3mo aplicar un\u00a0<b>m\u00e9todo terap\u00e9utico\u00a0<\/b>probado para ayudarte a identificar enredos y problemas, obtener recursos y transformarte con amor para que todos los miembros de tu familia alcancen su mayor potencial.<\/p>\n<\/div>\n","protected":false},"excerpt":{"rendered":"<p>Magui Block<br \/>\n256 p\u00e1ginas<\/p>\n","protected":false},"featured_media":7608,"template":"","meta":{"_joinchat":[]},"product_brand":[],"product_cat":[58,41,51],"product_tag":[34],"class_list":{"0":"post-7607","1":"product","2":"type-product","3":"status-publish","4":"has-post-thumbnail","6":"product_cat-desarrollo-humano-y-superacion","7":"product_cat-desarrollo-humano","8":"product_cat-oferta","9":"product_tag-penguin-random-house","11":"first","12":"outofstock","13":"shipping-taxable","14":"purchasable","15":"product-type-simple"},"_links":{"self":[{"href":"https:\/\/libreriahistoriasdebolsillo.com\/index.php\/wp-json\/wp\/v2\/product\/7607","targetHints":{"allow":["GET"]}}],"collection":[{"href":"https:\/\/libreriahistoriasdebolsillo.com\/index.php\/wp-json\/wp\/v2\/product"}],"about":[{"href":"https:\/\/libreriahistoriasdebolsillo.com\/index.php\/wp-json\/wp\/v2\/types\/product"}],"wp:featuredmedia":[{"embeddable":true,"href":"https:\/\/libreriahistoriasdebolsillo.com\/index.php\/wp-json\/wp\/v2\/media\/7608"}],"wp:attachment":[{"href":"https:\/\/libreriahistoriasdebolsillo.com\/index.php\/wp-json\/wp\/v2\/media?parent=7607"}],"wp:term":[{"taxonomy":"product_brand","embeddable":true,"href":"https:\/\/libreriahistoriasdebolsillo.com\/index.php\/wp-json\/wp\/v2\/product_brand?post=7607"},{"taxonomy":"product_cat","embeddable":true,"href":"https:\/\/libreriahistoriasdebolsillo.com\/index.php\/wp-json\/wp\/v2\/product_cat?post=7607"},{"taxonomy":"product_tag","embeddable":true,"href":"https:\/\/libreriahistoriasdebolsillo.com\/index.php\/wp-json\/wp\/v2\/product_tag?post=7607"}],"curies":[{"name":"wp","href":"https:\/\/api.w.org\/{rel}","templated":true}]}}