{"id":7609,"date":"2025-10-14T13:24:35","date_gmt":"2025-10-14T19:24:35","guid":{"rendered":"https:\/\/libreriahistoriasdebolsillo.com\/?post_type=product&#038;p=7609"},"modified":"2026-02-10T16:17:35","modified_gmt":"2026-02-10T22:17:35","slug":"si-es-perfecto-no-es-amor","status":"publish","type":"product","link":"https:\/\/libreriahistoriasdebolsillo.com\/index.php\/producto\/si-es-perfecto-no-es-amor\/","title":{"rendered":"Si es perfecto no es amor"},"content":{"rendered":"<div class=\"justify\">\n<p><b>A MEJOR COMEDIA ROM\u00c1NTICA LA ESCRIBE VIOLETA REED.<\/b><\/p>\n<p><b>Nueva York en verano, una rom\u00e1ntica wedding planner y un tipo tan sinverg\u00fcenza como encantador. \u00bfQu\u00e9 puede salir mal?<\/b><\/p>\n<p>\u00abVioleta Reed hace a las lectoras so\u00f1ar, re\u00edr y enamorarse a trav\u00e9s del papel\u00bb<br \/>\n<i>20 Minutos<\/i><\/p>\n<\/div>\n<div class=\"justify\">\n<p><b>ELLA ORGANIZA BODAS PERFECTAS<\/b><\/p>\n<p>\u00bfHay algo mejor que una boda a principios de verano en Nueva York? No para Hannah, una rom\u00e1ntica y apasionada wedding planner capaz de organizar la ceremonia perfecta, en la que todo est\u00e1 bajo su control. Esta vez solo se le ha escapado un peque\u00f1o detalle: el guaperas que se ha colado en la boda y ha gritado \u00ab\u00a1Me opongo!\u00bb justo antes del \u00abs\u00ed, quiero\u00bb.<\/p>\n<p><b>EL TRABAJO DE \u00c9L ES DESTROZARLAS<\/b><\/p>\n<p>Logan ten\u00eda una vida perfecta hasta que lo dejaron plantado en el altar. Desde entonces, para \u00e9l todas las bodas son un parip\u00e9. Por eso, cuando se le presenta una nueva oportunidad de trabajo, la acepta. Su moto y su carisma lo pueden llevar a cualquier parte.<\/p>\n<p><b>Hannah acaba de emprender su negocio y necesita que esta temporada de bodas salga impecable. No permitir\u00e1 que Logan le arruine ninguna ceremonia m\u00e1s. Lo que no imagina es que \u00e9l es un sinverg\u00fcenza irresistible que no se dar\u00e1 por vencido hasta que el altar los separe o la atracci\u00f3n los una para siempre.<\/b><\/p>\n<\/div>\n","protected":false},"excerpt":{"rendered":"<p>Violeta Reed<br \/>\n480 p\u00e1ginas<\/p>\n","protected":false},"featured_media":7610,"template":"","meta":{"_joinchat":[]},"product_brand":[],"product_cat":[70,35],"product_tag":[34],"class_list":{"0":"post-7609","1":"product","2":"type-product","3":"status-publish","4":"has-post-thumbnail","6":"product_cat-novedades","7":"product_cat-romantica","8":"product_tag-penguin-random-house","10":"first","11":"outofstock","12":"shipping-taxable","13":"purchasable","14":"product-type-simple"},"_links":{"self":[{"href":"https:\/\/libreriahistoriasdebolsillo.com\/index.php\/wp-json\/wp\/v2\/product\/7609","targetHints":{"allow":["GET"]}}],"collection":[{"href":"https:\/\/libreriahistoriasdebolsillo.com\/index.php\/wp-json\/wp\/v2\/product"}],"about":[{"href":"https:\/\/libreriahistoriasdebolsillo.com\/index.php\/wp-json\/wp\/v2\/types\/product"}],"wp:featuredmedia":[{"embeddable":true,"href":"https:\/\/libreriahistoriasdebolsillo.com\/index.php\/wp-json\/wp\/v2\/media\/7610"}],"wp:attachment":[{"href":"https:\/\/libreriahistoriasdebolsillo.com\/index.php\/wp-json\/wp\/v2\/media?parent=7609"}],"wp:term":[{"taxonomy":"product_brand","embeddable":true,"href":"https:\/\/libreriahistoriasdebolsillo.com\/index.php\/wp-json\/wp\/v2\/product_brand?post=7609"},{"taxonomy":"product_cat","embeddable":true,"href":"https:\/\/libreriahistoriasdebolsillo.com\/index.php\/wp-json\/wp\/v2\/product_cat?post=7609"},{"taxonomy":"product_tag","embeddable":true,"href":"https:\/\/libreriahistoriasdebolsillo.com\/index.php\/wp-json\/wp\/v2\/product_tag?post=7609"}],"curies":[{"name":"wp","href":"https:\/\/api.w.org\/{rel}","templated":true}]}}