{"id":7615,"date":"2025-10-17T13:50:01","date_gmt":"2025-10-17T19:50:01","guid":{"rendered":"https:\/\/libreriahistoriasdebolsillo.com\/?post_type=product&#038;p=7615"},"modified":"2025-10-17T13:50:07","modified_gmt":"2025-10-17T19:50:07","slug":"escudo-de-gorriones","status":"publish","type":"product","link":"https:\/\/libreriahistoriasdebolsillo.com\/index.php\/producto\/escudo-de-gorriones\/","title":{"rendered":"Escudo de gorriones"},"content":{"rendered":"<p>SER EL GORRI\u00d3N NO ES UN HONOR. ES UNA TRAMPA.<br \/>\nEn el principio, los dioses enviaron monstruos al mundo para mantener a los humanos humildes. Pero Odessa jam\u00e1s necesit\u00f3 un recordatorio de su insignificancia. Hija del Rey Dorado y hermana del Gorri\u00f3n, su destino siempre fue permanecer en las sombras. Hasta que el pr\u00edncipe Zavier del reino de Turah lleg\u00f3 a la corte con la cabeza de siete monstruos y, seg\u00fan un antiguo tratado, exigi\u00f3 como pago una esposa: Odessa. De la noche a la ma\u00f1ana, la joven no solo se ha vuelto el Gorri\u00f3n de su reino, sino tambi\u00e9n una esp\u00eda de su padre, que busca invadir la secreta capital de Turah antes de que una migraci\u00f3n monstruosa deje un tendal de muerte a su paso. Sin formaci\u00f3n ni entrenamiento, Odessa sabe que es un caso perdido. Especialmente cuando parte de su misi\u00f3n es asesinar a la mano derecha del pr\u00edncipe, el Guardi\u00e1n. Invencible, incorruptible, extremadamente seductor. Mientras atraviesa una tierra plagada de monstruos, \u00bfpodr\u00e1 ser una buena reina, esposa y esp\u00eda? \u00bfO sucumbir\u00e1 a las provocaciones del Guardi\u00e1n?<\/p>\n","protected":false},"excerpt":{"rendered":"<p>Devney Perry<br \/>\n770 p\u00e1ginas<\/p>\n","protected":false},"featured_media":7616,"template":"","meta":{"_joinchat":[]},"product_brand":[],"product_cat":[39,70],"product_tag":[48],"class_list":{"0":"post-7615","1":"product","2":"type-product","3":"status-publish","4":"has-post-thumbnail","6":"product_cat-fantasia","7":"product_cat-novedades","8":"product_tag-vr-editoras","10":"first","11":"instock","12":"shipping-taxable","13":"purchasable","14":"product-type-simple"},"_links":{"self":[{"href":"https:\/\/libreriahistoriasdebolsillo.com\/index.php\/wp-json\/wp\/v2\/product\/7615","targetHints":{"allow":["GET"]}}],"collection":[{"href":"https:\/\/libreriahistoriasdebolsillo.com\/index.php\/wp-json\/wp\/v2\/product"}],"about":[{"href":"https:\/\/libreriahistoriasdebolsillo.com\/index.php\/wp-json\/wp\/v2\/types\/product"}],"wp:featuredmedia":[{"embeddable":true,"href":"https:\/\/libreriahistoriasdebolsillo.com\/index.php\/wp-json\/wp\/v2\/media\/7616"}],"wp:attachment":[{"href":"https:\/\/libreriahistoriasdebolsillo.com\/index.php\/wp-json\/wp\/v2\/media?parent=7615"}],"wp:term":[{"taxonomy":"product_brand","embeddable":true,"href":"https:\/\/libreriahistoriasdebolsillo.com\/index.php\/wp-json\/wp\/v2\/product_brand?post=7615"},{"taxonomy":"product_cat","embeddable":true,"href":"https:\/\/libreriahistoriasdebolsillo.com\/index.php\/wp-json\/wp\/v2\/product_cat?post=7615"},{"taxonomy":"product_tag","embeddable":true,"href":"https:\/\/libreriahistoriasdebolsillo.com\/index.php\/wp-json\/wp\/v2\/product_tag?post=7615"}],"curies":[{"name":"wp","href":"https:\/\/api.w.org\/{rel}","templated":true}]}}