{"id":7618,"date":"2025-10-17T13:53:32","date_gmt":"2025-10-17T19:53:32","guid":{"rendered":"https:\/\/libreriahistoriasdebolsillo.com\/?post_type=product&#038;p=7618"},"modified":"2025-10-17T13:53:38","modified_gmt":"2025-10-17T19:53:38","slug":"intenta-conmigo","status":"publish","type":"product","link":"https:\/\/libreriahistoriasdebolsillo.com\/index.php\/producto\/intenta-conmigo\/","title":{"rendered":"Intenta conmigo"},"content":{"rendered":"<p>EL JUGADOR M\u00c1S IRRESISTIBLE DEL HIELO EST\u00c1 DISPUESTO A TODO PARA CONQUISTAR A LA \u00daNICA MUJER QUE NO CAE RENDIDA ANTE SU ENCANTO.<\/p>\n<p>Carter Beckett est\u00e1 acostumbrado a ganar, es el mejor jugador de la NHL, tanto dentro como fuera de la pista. Tiene fama, \u00e9xito, un grupo de amigos leal y una legi\u00f3n de fans que no le dan respiro. Lo tiene todo. \u00bfO no? Olivia Parker conoce de sobra el mundillo del hockey profesional, su mejor amiga sale con un jugador, pero no est\u00e1 interesada en formar parte de ese circo. Le apasiona su trabajo como profesora, le encanta la tranquilidad y no tiene ninguna intenci\u00f3n de alimentar el ego de un atleta arrogante, por muy atractivo que sea.<\/p>\n<p>Todo cambia para Carter en el momento en que conoce a Olivia y no puede dejar de pensar en ella. El problema es que Olivia no est\u00e1 interesada en \u00e9l, no quiere ceder ni un cent\u00edmetro y est\u00e1 decidida a mantenerlo a raya. L\u00e1stima que a Carter no le gusten las derrotas&#8230; y que nadie le<br \/>\nhaya dicho que tiene que jugar limpio.<\/p>\n","protected":false},"excerpt":{"rendered":"<p>Becka Mack<br \/>\n604 p\u00e1ginas<\/p>\n","protected":false},"featured_media":7619,"template":"","meta":{"_joinchat":[]},"product_brand":[],"product_cat":[70,35],"product_tag":[48],"class_list":{"0":"post-7618","1":"product","2":"type-product","3":"status-publish","4":"has-post-thumbnail","6":"product_cat-novedades","7":"product_cat-romantica","8":"product_tag-vr-editoras","10":"first","11":"instock","12":"shipping-taxable","13":"purchasable","14":"product-type-simple"},"_links":{"self":[{"href":"https:\/\/libreriahistoriasdebolsillo.com\/index.php\/wp-json\/wp\/v2\/product\/7618","targetHints":{"allow":["GET"]}}],"collection":[{"href":"https:\/\/libreriahistoriasdebolsillo.com\/index.php\/wp-json\/wp\/v2\/product"}],"about":[{"href":"https:\/\/libreriahistoriasdebolsillo.com\/index.php\/wp-json\/wp\/v2\/types\/product"}],"wp:featuredmedia":[{"embeddable":true,"href":"https:\/\/libreriahistoriasdebolsillo.com\/index.php\/wp-json\/wp\/v2\/media\/7619"}],"wp:attachment":[{"href":"https:\/\/libreriahistoriasdebolsillo.com\/index.php\/wp-json\/wp\/v2\/media?parent=7618"}],"wp:term":[{"taxonomy":"product_brand","embeddable":true,"href":"https:\/\/libreriahistoriasdebolsillo.com\/index.php\/wp-json\/wp\/v2\/product_brand?post=7618"},{"taxonomy":"product_cat","embeddable":true,"href":"https:\/\/libreriahistoriasdebolsillo.com\/index.php\/wp-json\/wp\/v2\/product_cat?post=7618"},{"taxonomy":"product_tag","embeddable":true,"href":"https:\/\/libreriahistoriasdebolsillo.com\/index.php\/wp-json\/wp\/v2\/product_tag?post=7618"}],"curies":[{"name":"wp","href":"https:\/\/api.w.org\/{rel}","templated":true}]}}