{"id":7623,"date":"2025-10-17T15:09:47","date_gmt":"2025-10-17T21:09:47","guid":{"rendered":"https:\/\/libreriahistoriasdebolsillo.com\/?post_type=product&#038;p=7623"},"modified":"2025-10-17T15:09:47","modified_gmt":"2025-10-17T21:09:47","slug":"cero-drama-mas-dinero","status":"publish","type":"product","link":"https:\/\/libreriahistoriasdebolsillo.com\/index.php\/producto\/cero-drama-mas-dinero\/","title":{"rendered":"Cero drama, m\u00e1s dinero"},"content":{"rendered":"<p>TOMA EL CONTROL DE TU DINERO DESDE UN LUGAR M\u00c1S CONSCIENTE, M\u00c1S LIBRE, M\u00c1S TUYO. Aqu\u00ed tienes las claves para llegar al \u00e9xito financiero a trav\u00e9s de las historias de gente superexitosa como Lionel Messi, Shakira o las mism\u00edsimas Kardashian. De ellos aprender\u00e1s lecciones valiosas que cambiar\u00e1n para siempre la manera en que te mueves por el mundo. Pero como no todo se trata de acumular riqueza, te hice una gu\u00eda para poner orden en tus finanzas y, POR FIN, conseguir esa seguridad e independencia que tanto necesitas. Te invito a dejar el drama atr\u00e1s y usar este libro como una herramienta para cumplir tus sue\u00f1os y perseguir lo que realmente importa: la vida que deseas.<\/p>\n","protected":false},"excerpt":{"rendered":"<p>Paulina Anguiano<br \/>\n176 p\u00e1ginas<\/p>\n","protected":false},"featured_media":7624,"template":"","meta":{"_joinchat":[]},"product_brand":[],"product_cat":[41,70],"product_tag":[48],"class_list":{"0":"post-7623","1":"product","2":"type-product","3":"status-publish","4":"has-post-thumbnail","6":"product_cat-desarrollo-humano","7":"product_cat-novedades","8":"product_tag-vr-editoras","10":"first","11":"instock","12":"shipping-taxable","13":"purchasable","14":"product-type-simple"},"_links":{"self":[{"href":"https:\/\/libreriahistoriasdebolsillo.com\/index.php\/wp-json\/wp\/v2\/product\/7623","targetHints":{"allow":["GET"]}}],"collection":[{"href":"https:\/\/libreriahistoriasdebolsillo.com\/index.php\/wp-json\/wp\/v2\/product"}],"about":[{"href":"https:\/\/libreriahistoriasdebolsillo.com\/index.php\/wp-json\/wp\/v2\/types\/product"}],"wp:featuredmedia":[{"embeddable":true,"href":"https:\/\/libreriahistoriasdebolsillo.com\/index.php\/wp-json\/wp\/v2\/media\/7624"}],"wp:attachment":[{"href":"https:\/\/libreriahistoriasdebolsillo.com\/index.php\/wp-json\/wp\/v2\/media?parent=7623"}],"wp:term":[{"taxonomy":"product_brand","embeddable":true,"href":"https:\/\/libreriahistoriasdebolsillo.com\/index.php\/wp-json\/wp\/v2\/product_brand?post=7623"},{"taxonomy":"product_cat","embeddable":true,"href":"https:\/\/libreriahistoriasdebolsillo.com\/index.php\/wp-json\/wp\/v2\/product_cat?post=7623"},{"taxonomy":"product_tag","embeddable":true,"href":"https:\/\/libreriahistoriasdebolsillo.com\/index.php\/wp-json\/wp\/v2\/product_tag?post=7623"}],"curies":[{"name":"wp","href":"https:\/\/api.w.org\/{rel}","templated":true}]}}