{"id":7627,"date":"2025-10-17T15:14:19","date_gmt":"2025-10-17T21:14:19","guid":{"rendered":"https:\/\/libreriahistoriasdebolsillo.com\/?post_type=product&#038;p=7627"},"modified":"2025-10-17T15:25:00","modified_gmt":"2025-10-17T21:25:00","slug":"la-luz-mas-brillante-del-cielo","status":"publish","type":"product","link":"https:\/\/libreriahistoriasdebolsillo.com\/index.php\/producto\/la-luz-mas-brillante-del-cielo\/","title":{"rendered":"La luz m\u00e1s brillante del cielo"},"content":{"rendered":"<p><span class=\"a-text-bold\">\u00a1LLEGA EL FEN\u00d3MENO VIRAL DE TIKTOK!<\/span><\/p>\n<p><span class=\"a-text-bold\">\u00a0<\/span><span class=\"a-text-bold\">A VECES, EL AMOR ES LO \u00daLTIMO QUE BUSCAS.<br \/>\n<\/span><span class=\"a-text-bold\">OTRAS, SE CUELA EN TU VIDA COMO UN RAYO DE LUZ.<\/span><\/p>\n<p>Despu\u00e9s de cuatro a\u00f1os, Grace se siente preparada para retomar las riendas de su vida y volver a aventurarse en el abrumador mundo de las citas, o al menos para intentar hacer alg\u00fan amigo. Sin embargo, no se imaginaba encontrar a alguien como Cal, un tipo grande, lleno de tatuajes y ocho a\u00f1os mayor que ella, que la hace sentir segura por primera vez en mucho tiempo.<\/p>\n<p>Cal tiene claras sus prioridades y no puede permitirse distracciones: tiene un negocio que atender y una hermana peque\u00f1a de la que hacerse cargo. El amor es la \u00faltima de sus preocupaciones, al menos hasta que cierta profesora de ballet con un pasado traum\u00e1tico aparece en su vida. Entonces las barreras que cuidadosamente hab\u00edan creado comienzan a desmoronarse.<\/p>\n<p><span class=\"a-text-bold\">CREAS EN \u00c9L O NO, EXISTE UN AMOR CAPAZ DE SANARLO TODO.<\/span><\/p>\n","protected":false},"excerpt":{"rendered":"<p>Lisina Coney<br \/>\n458 p\u00e1ginas<\/p>\n","protected":false},"featured_media":7628,"template":"","meta":{"_joinchat":[]},"product_brand":[],"product_cat":[70,35],"product_tag":[48],"class_list":{"0":"post-7627","1":"product","2":"type-product","3":"status-publish","4":"has-post-thumbnail","6":"product_cat-novedades","7":"product_cat-romantica","8":"product_tag-vr-editoras","10":"first","11":"instock","12":"shipping-taxable","13":"purchasable","14":"product-type-simple"},"_links":{"self":[{"href":"https:\/\/libreriahistoriasdebolsillo.com\/index.php\/wp-json\/wp\/v2\/product\/7627","targetHints":{"allow":["GET"]}}],"collection":[{"href":"https:\/\/libreriahistoriasdebolsillo.com\/index.php\/wp-json\/wp\/v2\/product"}],"about":[{"href":"https:\/\/libreriahistoriasdebolsillo.com\/index.php\/wp-json\/wp\/v2\/types\/product"}],"wp:featuredmedia":[{"embeddable":true,"href":"https:\/\/libreriahistoriasdebolsillo.com\/index.php\/wp-json\/wp\/v2\/media\/7628"}],"wp:attachment":[{"href":"https:\/\/libreriahistoriasdebolsillo.com\/index.php\/wp-json\/wp\/v2\/media?parent=7627"}],"wp:term":[{"taxonomy":"product_brand","embeddable":true,"href":"https:\/\/libreriahistoriasdebolsillo.com\/index.php\/wp-json\/wp\/v2\/product_brand?post=7627"},{"taxonomy":"product_cat","embeddable":true,"href":"https:\/\/libreriahistoriasdebolsillo.com\/index.php\/wp-json\/wp\/v2\/product_cat?post=7627"},{"taxonomy":"product_tag","embeddable":true,"href":"https:\/\/libreriahistoriasdebolsillo.com\/index.php\/wp-json\/wp\/v2\/product_tag?post=7627"}],"curies":[{"name":"wp","href":"https:\/\/api.w.org\/{rel}","templated":true}]}}