{"id":7629,"date":"2025-10-17T15:19:45","date_gmt":"2025-10-17T21:19:45","guid":{"rendered":"https:\/\/libreriahistoriasdebolsillo.com\/?post_type=product&#038;p=7629"},"modified":"2025-10-17T15:24:09","modified_gmt":"2025-10-17T21:24:09","slug":"un-amor-como-el-sol","status":"publish","type":"product","link":"https:\/\/libreriahistoriasdebolsillo.com\/index.php\/producto\/un-amor-como-el-sol\/","title":{"rendered":"Un amor como el sol"},"content":{"rendered":"<p>\u00abDIVERTIDA, \u00cdNTIMA Y FRESCA. UN AMOR PURO QUE TE DEJA SIN RESPIRACI\u00d3N\u00bb.\u00a0<span class=\"a-text-bold\">EMILY HENRY<\/span><\/p>\n<p>\u00abDESLUMBRANTE, TIERNA Y ROM\u00c1NTICA. ME HA ENCANTADO ESTE\u00a0<span class=\"a-text-italic\">FRIENDS TO LOVERS<\/span>\u00bb.\u00a0<span class=\"a-text-bold\">CARLEY FORTUNE<\/span><\/p>\n<p><span class=\"a-text-bold\">Amigos desde siempre. Pareja por un verano.<\/span><\/p>\n<p>Laniah tiene un peque\u00f1o negocio de cosm\u00e9tica natural en su ciudad natal. Isaac es la cara de una marca internacional. Ella valora much\u00edsimo su privacidad; \u00e9l es famoso en redes y los paparazzis le persiguen constantemente. Ambos son mejores amigos desde peque\u00f1os.<\/p>\n<p>Cuando Isaac vuelve a Providence despu\u00e9s de unos meses, descubre que Wildly Green est\u00e1 a punto de cerrar y Laniah se niega a aceptar su dinero. Por eso, Isaac se ve obligado a hacer lo que cualquier mejor amigo que se precie har\u00eda: decirle al mundo que est\u00e1n saliendo.<\/p>\n<p>De pronto, el negocio est\u00e1 floreciendo, y a Laniah no le queda otra que aceptar el rid\u00edculo plan de fingir que son pareja durante el verano, el tiempo suficiente para conseguir reflotar su sue\u00f1o.<\/p>\n<p>Pero pronto descubrir\u00e1n que est\u00e1n jugando con fuego. Hay entre ellos una atracci\u00f3n a la que no han sucumbido antes, pero los l\u00edmites de la amistad comienzan a desdibujarse y, conforme pasan los meses, esta podr\u00eda no ser suficiente\u2026<\/p>\n","protected":false},"excerpt":{"rendered":"<p>Riss M. Neilson<br \/>\n388 p\u00e1ginas<\/p>\n","protected":false},"featured_media":7630,"template":"","meta":{"_joinchat":[]},"product_brand":[],"product_cat":[70,35],"product_tag":[48],"class_list":{"0":"post-7629","1":"product","2":"type-product","3":"status-publish","4":"has-post-thumbnail","6":"product_cat-novedades","7":"product_cat-romantica","8":"product_tag-vr-editoras","10":"first","11":"instock","12":"shipping-taxable","13":"purchasable","14":"product-type-simple"},"_links":{"self":[{"href":"https:\/\/libreriahistoriasdebolsillo.com\/index.php\/wp-json\/wp\/v2\/product\/7629","targetHints":{"allow":["GET"]}}],"collection":[{"href":"https:\/\/libreriahistoriasdebolsillo.com\/index.php\/wp-json\/wp\/v2\/product"}],"about":[{"href":"https:\/\/libreriahistoriasdebolsillo.com\/index.php\/wp-json\/wp\/v2\/types\/product"}],"wp:featuredmedia":[{"embeddable":true,"href":"https:\/\/libreriahistoriasdebolsillo.com\/index.php\/wp-json\/wp\/v2\/media\/7630"}],"wp:attachment":[{"href":"https:\/\/libreriahistoriasdebolsillo.com\/index.php\/wp-json\/wp\/v2\/media?parent=7629"}],"wp:term":[{"taxonomy":"product_brand","embeddable":true,"href":"https:\/\/libreriahistoriasdebolsillo.com\/index.php\/wp-json\/wp\/v2\/product_brand?post=7629"},{"taxonomy":"product_cat","embeddable":true,"href":"https:\/\/libreriahistoriasdebolsillo.com\/index.php\/wp-json\/wp\/v2\/product_cat?post=7629"},{"taxonomy":"product_tag","embeddable":true,"href":"https:\/\/libreriahistoriasdebolsillo.com\/index.php\/wp-json\/wp\/v2\/product_tag?post=7629"}],"curies":[{"name":"wp","href":"https:\/\/api.w.org\/{rel}","templated":true}]}}