{"id":7631,"date":"2025-10-17T15:22:50","date_gmt":"2025-10-17T21:22:50","guid":{"rendered":"https:\/\/libreriahistoriasdebolsillo.com\/?post_type=product&#038;p=7631"},"modified":"2026-01-06T16:35:24","modified_gmt":"2026-01-06T22:35:24","slug":"el-tejido-de-nuestras-almas","status":"publish","type":"product","link":"https:\/\/libreriahistoriasdebolsillo.com\/index.php\/producto\/el-tejido-de-nuestras-almas\/","title":{"rendered":"El tejido de nuestras almas"},"content":{"rendered":"<p><span class=\"a-text-bold\">Ella quiere morir. \u00c9l se muere por vivir<\/span><\/p>\n<p>Tengo veintis\u00e9is a\u00f1os y quiero morir. No es la primera vez que intento ponerle fin a todo, pero cuando despierto en una cama de hospital junto a mi hermano, s\u00e9 que esta vez es diferente. Aceptar ingresar en Harlow Sanctum es mi \u00fanica alternativa. Sus m\u00e9todos son poco convencionales y tu compa\u00f1ero de habitaci\u00f3n es tu opuesto.<\/p>\n<p>Ah\u00ed conozco a Liam, un hombre de ojos crueles y sentido del humor oscuro. \u00c9l es el m\u00edo. Y, por alguna extra\u00f1a raz\u00f3n, ambos parecemos orbitar hacia el otro. Como una pulsi\u00f3n enfermiza\u2026 m\u00e1s a\u00fan que nosotros.<\/p>\n<p>Yo deseo morir, Liam ans\u00eda sentirse vivo.<\/p>\n<p>\u00bfPueden dos almas perdidas como nosotros sanarse mutuamente?<\/p>\n<p><span class=\"a-text-bold\">A VECES LA MENTE ES EL LUGAR M\u00c1S OSCURO QUE PODEMOS HABITAR.<\/span><\/p>\n","protected":false},"excerpt":{"rendered":"<p>K.M. Moronova<br \/>\n301 p\u00e1ginas<\/p>\n","protected":false},"featured_media":7632,"template":"","meta":{"_joinchat":[]},"product_brand":[],"product_cat":[63,70],"product_tag":[48],"class_list":{"0":"post-7631","1":"product","2":"type-product","3":"status-publish","4":"has-post-thumbnail","6":"product_cat-dark-romance","7":"product_cat-novedades","8":"product_tag-vr-editoras","10":"first","11":"instock","12":"shipping-taxable","13":"purchasable","14":"product-type-simple"},"_links":{"self":[{"href":"https:\/\/libreriahistoriasdebolsillo.com\/index.php\/wp-json\/wp\/v2\/product\/7631","targetHints":{"allow":["GET"]}}],"collection":[{"href":"https:\/\/libreriahistoriasdebolsillo.com\/index.php\/wp-json\/wp\/v2\/product"}],"about":[{"href":"https:\/\/libreriahistoriasdebolsillo.com\/index.php\/wp-json\/wp\/v2\/types\/product"}],"wp:featuredmedia":[{"embeddable":true,"href":"https:\/\/libreriahistoriasdebolsillo.com\/index.php\/wp-json\/wp\/v2\/media\/7632"}],"wp:attachment":[{"href":"https:\/\/libreriahistoriasdebolsillo.com\/index.php\/wp-json\/wp\/v2\/media?parent=7631"}],"wp:term":[{"taxonomy":"product_brand","embeddable":true,"href":"https:\/\/libreriahistoriasdebolsillo.com\/index.php\/wp-json\/wp\/v2\/product_brand?post=7631"},{"taxonomy":"product_cat","embeddable":true,"href":"https:\/\/libreriahistoriasdebolsillo.com\/index.php\/wp-json\/wp\/v2\/product_cat?post=7631"},{"taxonomy":"product_tag","embeddable":true,"href":"https:\/\/libreriahistoriasdebolsillo.com\/index.php\/wp-json\/wp\/v2\/product_tag?post=7631"}],"curies":[{"name":"wp","href":"https:\/\/api.w.org\/{rel}","templated":true}]}}