{"id":7637,"date":"2025-10-23T10:52:42","date_gmt":"2025-10-23T16:52:42","guid":{"rendered":"https:\/\/libreriahistoriasdebolsillo.com\/?post_type=product&#038;p=7637"},"modified":"2026-02-10T16:24:28","modified_gmt":"2026-02-10T22:24:28","slug":"warhammer-40-000-la-guia-visual-definitiva-tapa-dura","status":"publish","type":"product","link":"https:\/\/libreriahistoriasdebolsillo.com\/index.php\/producto\/warhammer-40-000-la-guia-visual-definitiva-tapa-dura\/","title":{"rendered":"Warhammer 40.000. La gu\u00eda visual definitiva (Tapa dura)"},"content":{"rendered":"<div class=\"justify\">\n<p><b>La mejor enciclopedia de Warhammer 40 000 ya est\u00e1 aqu\u00ed<\/b><\/p>\n<\/div>\n<div class=\"justify\">\n<p>Sum\u00e9rgete en el incre\u00edble universo de Warhammer 40 000 y examina miniaturas de cada facci\u00f3n a trav\u00e9s de\u00a0<b>fotograf\u00edas oficiales<\/b>. Acompa\u00f1a a\u00a0<b>personajes clave<\/b>\u00a0a lo largo de su evoluci\u00f3n y estudia con todo detalle a los guerreros que libran una guerra sin fin en el\u00a0<b>Milenio 41<\/b>.<\/p>\n<p>Explora el\u00a0<b>universo de Warhammer 40 000<\/b>\u00a0y sus facciones con sorprendente detalle.<\/p>\n<p>Esta gu\u00eda definitiva profundiza en la historia de Warhammer 40 000 y encantar\u00e1 tanto a los fans veteranos como a los reci\u00e9n llegados.<\/p>\n<p>Con\u00a0<b>cientos de fotograf\u00edas<\/b>\u00a0que muestran detalles de cada facci\u00f3n, desde los poderosos Marines Espaciales, los voraces Tir\u00e1nidos, los repugnantes Demonios del Caos hasta los inmortales Necrones y mucho m\u00e1s.<\/p>\n<p>Guy Haley y Gav Thorpe, dos autores muy conocidos del universo de Warhammer, te guiar\u00e1n a trav\u00e9s de este mundo con descripciones ricamente detalladas y grandes conocimientos sobre la historia de Warhammer 40 000.<\/p>\n<p>Warhammer 40 000. La gu\u00eda visual definitiva est\u00e1 repleta de informaci\u00f3n sobre las miniaturas que definen el juego y profundiza en el universo de Warhammer 40 000 como nunca antes.<\/p>\n<p>Si eres un nuevo fan que quiere una gu\u00eda completa, un coleccionista de miniaturas o un seguidor de Warhammer 40 000, este libro imprescindible es un viaje visual esencial a trav\u00e9s de la sombr\u00eda oscuridad de Warhammer 40.000.<\/p>\n<p>\u00a9 Copyright Games Workshop Limited 2024<\/p>\n<\/div>\n","protected":false},"excerpt":{"rendered":"<p>336 p\u00e1ginas<\/p>\n","protected":false},"featured_media":7638,"template":"","meta":{"_joinchat":[]},"product_brand":[],"product_cat":[39,70],"product_tag":[34],"class_list":{"0":"post-7637","1":"product","2":"type-product","3":"status-publish","4":"has-post-thumbnail","6":"product_cat-fantasia","7":"product_cat-novedades","8":"product_tag-penguin-random-house","10":"first","11":"outofstock","12":"shipping-taxable","13":"purchasable","14":"product-type-simple"},"_links":{"self":[{"href":"https:\/\/libreriahistoriasdebolsillo.com\/index.php\/wp-json\/wp\/v2\/product\/7637","targetHints":{"allow":["GET"]}}],"collection":[{"href":"https:\/\/libreriahistoriasdebolsillo.com\/index.php\/wp-json\/wp\/v2\/product"}],"about":[{"href":"https:\/\/libreriahistoriasdebolsillo.com\/index.php\/wp-json\/wp\/v2\/types\/product"}],"wp:featuredmedia":[{"embeddable":true,"href":"https:\/\/libreriahistoriasdebolsillo.com\/index.php\/wp-json\/wp\/v2\/media\/7638"}],"wp:attachment":[{"href":"https:\/\/libreriahistoriasdebolsillo.com\/index.php\/wp-json\/wp\/v2\/media?parent=7637"}],"wp:term":[{"taxonomy":"product_brand","embeddable":true,"href":"https:\/\/libreriahistoriasdebolsillo.com\/index.php\/wp-json\/wp\/v2\/product_brand?post=7637"},{"taxonomy":"product_cat","embeddable":true,"href":"https:\/\/libreriahistoriasdebolsillo.com\/index.php\/wp-json\/wp\/v2\/product_cat?post=7637"},{"taxonomy":"product_tag","embeddable":true,"href":"https:\/\/libreriahistoriasdebolsillo.com\/index.php\/wp-json\/wp\/v2\/product_tag?post=7637"}],"curies":[{"name":"wp","href":"https:\/\/api.w.org\/{rel}","templated":true}]}}