{"id":7641,"date":"2025-10-23T11:10:47","date_gmt":"2025-10-23T17:10:47","guid":{"rendered":"https:\/\/libreriahistoriasdebolsillo.com\/?post_type=product&#038;p=7641"},"modified":"2025-10-23T15:31:20","modified_gmt":"2025-10-23T21:31:20","slug":"las-pruebas-de-apolo-2-la-profecia-oscura","status":"publish","type":"product","link":"https:\/\/libreriahistoriasdebolsillo.com\/index.php\/producto\/las-pruebas-de-apolo-2-la-profecia-oscura\/","title":{"rendered":"Las pruebas de Apolo 2. La profec\u00eda oscura"},"content":{"rendered":"<div class=\"justify\">\n<p><b>Todo el mundo sabe que no hay que meterse con Zeus, pero su hijo Apolo parece no darse cuenta.<\/b><\/p>\n<\/div>\n<div class=\"justify\">\n<p>Para castigarlo, el dios del trueno decide mandarlo a la Tierra bajo la apariencia de Lester, un adolescente granoso y sin poderes, claro. Ahora, el \u00fanico modo que Apolo tiene de regresar al\u00a0<b>monte Olimpo<\/b>\u00a0es devolviendo la luz a las profec\u00edas de los or\u00e1culos que se han oscurecido. Pero \u00bfqu\u00e9 podr\u00e1 hacer un Apolo desprovisto de poderes?<\/p>\n<p>Tras superar una serie de pruebas peligros\u00edsimas(y, para qu\u00e9 enga\u00f1arnos, bastante humillantes) en el\u00a0<b>Campamento Mestizo<\/b>, se embarcar\u00e1 en un viaje a trav\u00e9s de Estados Unidos para localizar todos los\u00a0<b>or\u00e1culos<\/b>.<\/p>\n<p>Por suerte, todo lo que ha perdido en poderes lo ha ganado en amistades, as\u00ed que no tendr\u00e1 que arregl\u00e1rselas solo.<\/p>\n<\/div>\n","protected":false},"excerpt":{"rendered":"<p>Rick Riordan<br \/>\n384 p\u00e1ginas<\/p>\n","protected":false},"featured_media":7643,"template":"","meta":{"_joinchat":[]},"product_brand":[],"product_cat":[39,75,51],"product_tag":[34],"class_list":{"0":"post-7641","1":"product","2":"type-product","3":"status-publish","4":"has-post-thumbnail","6":"product_cat-fantasia","7":"product_cat-mitologia","8":"product_cat-oferta","9":"product_tag-penguin-random-house","11":"first","12":"outofstock","13":"sale","14":"shipping-taxable","15":"purchasable","16":"product-type-simple"},"_links":{"self":[{"href":"https:\/\/libreriahistoriasdebolsillo.com\/index.php\/wp-json\/wp\/v2\/product\/7641","targetHints":{"allow":["GET"]}}],"collection":[{"href":"https:\/\/libreriahistoriasdebolsillo.com\/index.php\/wp-json\/wp\/v2\/product"}],"about":[{"href":"https:\/\/libreriahistoriasdebolsillo.com\/index.php\/wp-json\/wp\/v2\/types\/product"}],"wp:featuredmedia":[{"embeddable":true,"href":"https:\/\/libreriahistoriasdebolsillo.com\/index.php\/wp-json\/wp\/v2\/media\/7643"}],"wp:attachment":[{"href":"https:\/\/libreriahistoriasdebolsillo.com\/index.php\/wp-json\/wp\/v2\/media?parent=7641"}],"wp:term":[{"taxonomy":"product_brand","embeddable":true,"href":"https:\/\/libreriahistoriasdebolsillo.com\/index.php\/wp-json\/wp\/v2\/product_brand?post=7641"},{"taxonomy":"product_cat","embeddable":true,"href":"https:\/\/libreriahistoriasdebolsillo.com\/index.php\/wp-json\/wp\/v2\/product_cat?post=7641"},{"taxonomy":"product_tag","embeddable":true,"href":"https:\/\/libreriahistoriasdebolsillo.com\/index.php\/wp-json\/wp\/v2\/product_tag?post=7641"}],"curies":[{"name":"wp","href":"https:\/\/api.w.org\/{rel}","templated":true}]}}