{"id":7644,"date":"2025-10-23T11:13:30","date_gmt":"2025-10-23T17:13:30","guid":{"rendered":"https:\/\/libreriahistoriasdebolsillo.com\/?post_type=product&#038;p=7644"},"modified":"2025-10-23T15:31:25","modified_gmt":"2025-10-23T21:31:25","slug":"las-pruebas-de-apolo-3-el-laberinto-en-llamas","status":"publish","type":"product","link":"https:\/\/libreriahistoriasdebolsillo.com\/index.php\/producto\/las-pruebas-de-apolo-3-el-laberinto-en-llamas\/","title":{"rendered":"Las pruebas de Apolo 3. El laberinto en llamas"},"content":{"rendered":"<div class=\"justify\">\n<p>Antes era el glorioso dios Apolo.<br \/>\nAhora es Lester, un simple mortal.<\/p>\n<p><b>No te pierdas el tercer libro de la saga m\u00e1s espectacular de Rick Riordan: Las Pruebas De Apolo.<\/b><\/p>\n<\/div>\n<div class=\"justify\">\n<p>Con la ayuda de algunos amigos semidioses, Lester ha conseguido sobrevivir a las dos primeras pruebas: una en el Campamento Mestizo y la otra en Indian\u00e1polis, donde Meg recibi\u00f3 la profec\u00eda oscura. Las palabras que pronunci\u00f3 sentada en el Trono de la Memoria revelaron que un dream team de tres emperadores romanos supervillanos planea atacar el Campamento J\u00fapiter.<\/p>\n<p>Mientras Leo vuela a toda velocidad para alertar a los miembros del Campamento del peligro inminente , Lester y Meg deber\u00e1n cruzar el Laberinto para encontrar al tercer emperador (y a un Or\u00e1culo que habla con juegos de palabras) en alg\u00fan punto de suroeste de Am\u00e9rica. Por suerte, hab\u00eda un verso en la profec\u00eda que les da un poco de esperanza: Solo el gu\u00eda ungulado sabe c\u00f3mo no perderse. Est\u00e1 claro que van a tener un s\u00e1tiro que les acompa\u00f1e y Meg sabe exactamente a qui\u00e9n tiene que pedir este favor.<\/p>\n<\/div>\n","protected":false},"excerpt":{"rendered":"<p>Rick Riordan<br \/>\n416 p\u00e1ginas<\/p>\n","protected":false},"featured_media":7645,"template":"","meta":{"_joinchat":[]},"product_brand":[],"product_cat":[39,75],"product_tag":[34],"class_list":{"0":"post-7644","1":"product","2":"type-product","3":"status-publish","4":"has-post-thumbnail","6":"product_cat-fantasia","7":"product_cat-mitologia","8":"product_tag-penguin-random-house","10":"first","11":"outofstock","12":"shipping-taxable","13":"purchasable","14":"product-type-simple"},"_links":{"self":[{"href":"https:\/\/libreriahistoriasdebolsillo.com\/index.php\/wp-json\/wp\/v2\/product\/7644","targetHints":{"allow":["GET"]}}],"collection":[{"href":"https:\/\/libreriahistoriasdebolsillo.com\/index.php\/wp-json\/wp\/v2\/product"}],"about":[{"href":"https:\/\/libreriahistoriasdebolsillo.com\/index.php\/wp-json\/wp\/v2\/types\/product"}],"wp:featuredmedia":[{"embeddable":true,"href":"https:\/\/libreriahistoriasdebolsillo.com\/index.php\/wp-json\/wp\/v2\/media\/7645"}],"wp:attachment":[{"href":"https:\/\/libreriahistoriasdebolsillo.com\/index.php\/wp-json\/wp\/v2\/media?parent=7644"}],"wp:term":[{"taxonomy":"product_brand","embeddable":true,"href":"https:\/\/libreriahistoriasdebolsillo.com\/index.php\/wp-json\/wp\/v2\/product_brand?post=7644"},{"taxonomy":"product_cat","embeddable":true,"href":"https:\/\/libreriahistoriasdebolsillo.com\/index.php\/wp-json\/wp\/v2\/product_cat?post=7644"},{"taxonomy":"product_tag","embeddable":true,"href":"https:\/\/libreriahistoriasdebolsillo.com\/index.php\/wp-json\/wp\/v2\/product_tag?post=7644"}],"curies":[{"name":"wp","href":"https:\/\/api.w.org\/{rel}","templated":true}]}}