{"id":7646,"date":"2025-10-23T11:15:59","date_gmt":"2025-10-23T17:15:59","guid":{"rendered":"https:\/\/libreriahistoriasdebolsillo.com\/?post_type=product&#038;p=7646"},"modified":"2026-02-10T16:30:18","modified_gmt":"2026-02-10T22:30:18","slug":"terapia-laboral","status":"publish","type":"product","link":"https:\/\/libreriahistoriasdebolsillo.com\/index.php\/producto\/terapia-laboral\/","title":{"rendered":"Terapia laboral"},"content":{"rendered":"<div class=\"justify\">\n<p><b>Con una serie de autoevaluaciones y ejercicios,<\/b>\u00a0<i><b>Terapia laboral<\/b><\/i>\u00a0<b>te da las herramientas que necesitas<\/b>\u00a0<b>para encontrar tu trabajo ideal, ese que<\/b>\u00a0<b>te traiga felicidad y satisfacci\u00f3n<\/b>\u00a0<b>en los pr\u00f3ximos a\u00f1os.<\/b><\/p>\n<\/div>\n<div class=\"justify\">\n<p><b>Cuando no somos felices en nuestro trabajo<\/b>, a menudo atribuimos nuestra frustraci\u00f3n a un mal jefe, tareas aburridas y cargas laborales estresantes. Pero la profesora de\u00a0<b>Psicolog\u00eda<\/b>\u00a0de la\u00a0<b>Universidad de Nueva York Tessa West<\/b>\u00a0sostiene que nuestra insatisfacci\u00f3n viene de una necesidad psicol\u00f3gica m\u00e1s profunda que no se est\u00e1 cumpliendo en el trabajo:<\/p>\n<p><b>Crisis de identidad:<\/b>\u00a0\u00bftu trabajo ya no coincide con tu yo actual?<\/p>\n<p><b>Desarraigo:<\/b>\u00a0\u00bfya no reconoces el trabajo que alguna vez amaste?<\/p>\n<p><b>Sobrecarga:<\/b>\u00a0\u00bfest\u00e1s asumiendo demasiados roles en el trabajo, cambiando de tareas con demasiada frecuencia o atrapado entre dos caminos?<\/p>\n<p><b>Ser el segund\u00f3n:<\/b>\u00a0\u00bfsiempre sientes que quedas en segundo lugar?<\/p>\n<p><b>Ser la estrella infravalorada:<\/b>\u00a0\u00bfte va muy bien en el trabajo, pero las personas a tu alrededor no reconocen tu desempe\u00f1o?<\/p>\n<p>A trav\u00e9s de insights innovadores obtenidos a partir de m\u00e1s de\u00a0<b>1 500 entrevistas<\/b>\u00a0a reclutadores y expertos en carreras profesionales, la autora te ayuda a identificar la raz\u00f3n verdadera de tu<b>\u00a0infelicidad<\/b>\u00a0y te muestra c\u00f3mo utilizar ese conocimiento para encontrar un puesto diferente, otra empresa o una nueva industria donde puedas desenvolver todo tu potencial.<\/p>\n<\/div>\n","protected":false},"excerpt":{"rendered":"<p>Dra. Tessa West<br \/>\n288 p\u00e1ginas<\/p>\n","protected":false},"featured_media":7647,"template":"","meta":{"_joinchat":[]},"product_brand":[],"product_cat":[58,70],"product_tag":[34],"class_list":{"0":"post-7646","1":"product","2":"type-product","3":"status-publish","4":"has-post-thumbnail","6":"product_cat-desarrollo-humano-y-superacion","7":"product_cat-novedades","8":"product_tag-penguin-random-house","10":"first","11":"outofstock","12":"shipping-taxable","13":"purchasable","14":"product-type-simple"},"_links":{"self":[{"href":"https:\/\/libreriahistoriasdebolsillo.com\/index.php\/wp-json\/wp\/v2\/product\/7646","targetHints":{"allow":["GET"]}}],"collection":[{"href":"https:\/\/libreriahistoriasdebolsillo.com\/index.php\/wp-json\/wp\/v2\/product"}],"about":[{"href":"https:\/\/libreriahistoriasdebolsillo.com\/index.php\/wp-json\/wp\/v2\/types\/product"}],"wp:featuredmedia":[{"embeddable":true,"href":"https:\/\/libreriahistoriasdebolsillo.com\/index.php\/wp-json\/wp\/v2\/media\/7647"}],"wp:attachment":[{"href":"https:\/\/libreriahistoriasdebolsillo.com\/index.php\/wp-json\/wp\/v2\/media?parent=7646"}],"wp:term":[{"taxonomy":"product_brand","embeddable":true,"href":"https:\/\/libreriahistoriasdebolsillo.com\/index.php\/wp-json\/wp\/v2\/product_brand?post=7646"},{"taxonomy":"product_cat","embeddable":true,"href":"https:\/\/libreriahistoriasdebolsillo.com\/index.php\/wp-json\/wp\/v2\/product_cat?post=7646"},{"taxonomy":"product_tag","embeddable":true,"href":"https:\/\/libreriahistoriasdebolsillo.com\/index.php\/wp-json\/wp\/v2\/product_tag?post=7646"}],"curies":[{"name":"wp","href":"https:\/\/api.w.org\/{rel}","templated":true}]}}