{"id":7648,"date":"2025-10-23T11:17:46","date_gmt":"2025-10-23T17:17:46","guid":{"rendered":"https:\/\/libreriahistoriasdebolsillo.com\/?post_type=product&#038;p=7648"},"modified":"2026-02-14T17:53:29","modified_gmt":"2026-02-14T23:53:29","slug":"cartas-de-un-estoico","status":"publish","type":"product","link":"https:\/\/libreriahistoriasdebolsillo.com\/index.php\/producto\/cartas-de-un-estoico\/","title":{"rendered":"Cartas de un estoico"},"content":{"rendered":"<div class=\"justify\">\n<p><b>Una nutrida selecci\u00f3n de las cartas de S\u00e9neca, en la que expone la filosof\u00eda estoica y aporta las claves para una vida plena<\/b><\/p>\n<p><b>Introducci\u00f3n de Rafael Narbona<\/b><\/p>\n<\/div>\n<div class=\"justify\">\n<p>En estas meditaciones que se presentan bajo la forma de cartas a su amigo Lucilio, S\u00e9neca, uno de los mayores exponentes del estoicismo, nos invita a un viaje de introspecci\u00f3n y reflexi\u00f3n. Escritas en un momento de crisis pol\u00edtica y personal, las misivas no solo tratan temas filos\u00f3ficos como el paso del tiempo y la naturaleza del mundo, sino que ofrecen consejos pr\u00e1cticos sobre c\u00f3mo vivir una vida serena y feliz, enfrentando la adversidad con entereza y sabidur\u00eda.<\/p>\n<p>La selecci\u00f3n y la introducci\u00f3n, centradas en los aspectos m\u00e1s perdurables del fil\u00f3sofo, est\u00e1n a cargo de Rafael Narbona, uno de los pensadores espa\u00f1oles m\u00e1s relevantes de la actualidad.<\/p>\n<\/div>\n","protected":false},"excerpt":{"rendered":"<p>Seneca<br \/>\n328 p\u00e1ginas<\/p>\n","protected":false},"featured_media":7649,"template":"","meta":{"_joinchat":[]},"product_brand":[],"product_cat":[61,42],"product_tag":[34],"class_list":{"0":"post-7648","1":"product","2":"type-product","3":"status-publish","4":"has-post-thumbnail","6":"product_cat-filosofia","7":"product_cat-literatura-clasica","8":"product_tag-penguin-random-house","10":"first","11":"outofstock","12":"shipping-taxable","13":"purchasable","14":"product-type-simple"},"_links":{"self":[{"href":"https:\/\/libreriahistoriasdebolsillo.com\/index.php\/wp-json\/wp\/v2\/product\/7648","targetHints":{"allow":["GET"]}}],"collection":[{"href":"https:\/\/libreriahistoriasdebolsillo.com\/index.php\/wp-json\/wp\/v2\/product"}],"about":[{"href":"https:\/\/libreriahistoriasdebolsillo.com\/index.php\/wp-json\/wp\/v2\/types\/product"}],"wp:featuredmedia":[{"embeddable":true,"href":"https:\/\/libreriahistoriasdebolsillo.com\/index.php\/wp-json\/wp\/v2\/media\/7649"}],"wp:attachment":[{"href":"https:\/\/libreriahistoriasdebolsillo.com\/index.php\/wp-json\/wp\/v2\/media?parent=7648"}],"wp:term":[{"taxonomy":"product_brand","embeddable":true,"href":"https:\/\/libreriahistoriasdebolsillo.com\/index.php\/wp-json\/wp\/v2\/product_brand?post=7648"},{"taxonomy":"product_cat","embeddable":true,"href":"https:\/\/libreriahistoriasdebolsillo.com\/index.php\/wp-json\/wp\/v2\/product_cat?post=7648"},{"taxonomy":"product_tag","embeddable":true,"href":"https:\/\/libreriahistoriasdebolsillo.com\/index.php\/wp-json\/wp\/v2\/product_tag?post=7648"}],"curies":[{"name":"wp","href":"https:\/\/api.w.org\/{rel}","templated":true}]}}