{"id":7650,"date":"2025-10-23T11:20:00","date_gmt":"2025-10-23T17:20:00","guid":{"rendered":"https:\/\/libreriahistoriasdebolsillo.com\/?post_type=product&#038;p=7650"},"modified":"2026-02-24T13:40:42","modified_gmt":"2026-02-24T19:40:42","slug":"el-gato-que-amaba-los-libros-ed-bolsillo","status":"publish","type":"product","link":"https:\/\/libreriahistoriasdebolsillo.com\/index.php\/producto\/el-gato-que-amaba-los-libros-ed-bolsillo\/","title":{"rendered":"El gato que amaba los libros (Ed. bolsillo)"},"content":{"rendered":"<div class=\"justify\">\n<p><b>UN HOMENAJE A LAS LIBRER\u00cdAS, A LOS LIBROS Y A TODOS AQUELLOS QUE LOS AMAN. UNA LECTURA PARA RECREARSE Y SABOREAR CON UN BUEN T\u00c9 JAPON\u00c9S.<\/b><\/p>\n<\/div>\n<div class=\"justify\">\n<p>La epopeya de Rintaro, el joven heredero de una entra\u00f1able\u00a0<b>librer\u00eda de viejo<\/b>, y de Tora, un sabio e ingenioso\u00a0<b>gato atigrado<\/b>, se ha convertido en un fulgurante \u00e9xito internacional. Su emocionante misi\u00f3n consiste nada m\u00e1s y nada menos que en\u00a0<b>salvar los libros<\/b>\u00a0que est\u00e1n en peligro y extender as\u00ed el amor por estos objetos, bellos e inigualables, que son parte imprescindible de nuestra vida.<\/p>\n<p><b>Del siempre fascinante Jap\u00f3n nos llega esta hermosa historia, cargada de sabidur\u00eda, magia y pasi\u00f3n por la lectura, que ya ha conquistado a lectores de todo el mundo.<\/b><\/p>\n<\/div>\n","protected":false},"excerpt":{"rendered":"<p>Sosuke Natsukawa<br \/>\n248 p\u00e1ginas<\/p>\n","protected":false},"featured_media":7651,"template":"","meta":{"_joinchat":[]},"product_brand":[],"product_cat":[33,70],"product_tag":[34],"class_list":{"0":"post-7650","1":"product","2":"type-product","3":"status-publish","4":"has-post-thumbnail","6":"product_cat-ficcion-general","7":"product_cat-novedades","8":"product_tag-penguin-random-house","10":"first","11":"outofstock","12":"shipping-taxable","13":"purchasable","14":"product-type-simple"},"_links":{"self":[{"href":"https:\/\/libreriahistoriasdebolsillo.com\/index.php\/wp-json\/wp\/v2\/product\/7650","targetHints":{"allow":["GET"]}}],"collection":[{"href":"https:\/\/libreriahistoriasdebolsillo.com\/index.php\/wp-json\/wp\/v2\/product"}],"about":[{"href":"https:\/\/libreriahistoriasdebolsillo.com\/index.php\/wp-json\/wp\/v2\/types\/product"}],"wp:featuredmedia":[{"embeddable":true,"href":"https:\/\/libreriahistoriasdebolsillo.com\/index.php\/wp-json\/wp\/v2\/media\/7651"}],"wp:attachment":[{"href":"https:\/\/libreriahistoriasdebolsillo.com\/index.php\/wp-json\/wp\/v2\/media?parent=7650"}],"wp:term":[{"taxonomy":"product_brand","embeddable":true,"href":"https:\/\/libreriahistoriasdebolsillo.com\/index.php\/wp-json\/wp\/v2\/product_brand?post=7650"},{"taxonomy":"product_cat","embeddable":true,"href":"https:\/\/libreriahistoriasdebolsillo.com\/index.php\/wp-json\/wp\/v2\/product_cat?post=7650"},{"taxonomy":"product_tag","embeddable":true,"href":"https:\/\/libreriahistoriasdebolsillo.com\/index.php\/wp-json\/wp\/v2\/product_tag?post=7650"}],"curies":[{"name":"wp","href":"https:\/\/api.w.org\/{rel}","templated":true}]}}