{"id":7655,"date":"2025-10-29T13:41:22","date_gmt":"2025-10-29T19:41:22","guid":{"rendered":"https:\/\/libreriahistoriasdebolsillo.com\/?post_type=product&#038;p=7655"},"modified":"2025-12-02T18:05:26","modified_gmt":"2025-12-03T00:05:26","slug":"secret-santa","status":"publish","type":"product","link":"https:\/\/libreriahistoriasdebolsillo.com\/index.php\/producto\/secret-santa\/","title":{"rendered":"Secret Santa"},"content":{"rendered":"<p>Esta Navidad todo es diferente.<br \/>\nLa vida de Fannette es, en teor\u00eda, perfecta. Est\u00e1 en su segundo a\u00f1o de Sociolog\u00eda, sus pap\u00e1s compraron un hermoso departamento donde vive con su mejor amiga y su futuro est\u00e1 lleno de opciones. Pero, aunque su vida parece de pel\u00edcula, siente que algo no est\u00e1 bien\u2026<br \/>\nEntra a un voluntariado donde conoce a Romeo (s\u00ed, de verdad se llama as\u00ed), un chico al que solo le falta un mo\u00f1o para ser el regalo ideal, y organiza un creativo<br \/>\nintercambio navide\u00f1o, llamado Santa secreto. Lo que comienza como un impulso por ayudar, la sumerge en un mundo de carencias y necesidades que la ayudar\u00e1n a descubrir qui\u00e9n es y qui\u00e9n quiere ser para darle sentido a su vida.<\/p>\n","protected":false},"excerpt":{"rendered":"<p>Sophie Jomain<br \/>\n388 p\u00e1ginas<\/p>\n","protected":false},"featured_media":7656,"template":"","meta":{"_joinchat":[]},"product_brand":[],"product_cat":[70],"product_tag":[48],"class_list":{"0":"post-7655","1":"product","2":"type-product","3":"status-publish","4":"has-post-thumbnail","6":"product_cat-novedades","7":"product_tag-vr-editoras","9":"first","10":"outofstock","11":"shipping-taxable","12":"purchasable","13":"product-type-simple"},"_links":{"self":[{"href":"https:\/\/libreriahistoriasdebolsillo.com\/index.php\/wp-json\/wp\/v2\/product\/7655","targetHints":{"allow":["GET"]}}],"collection":[{"href":"https:\/\/libreriahistoriasdebolsillo.com\/index.php\/wp-json\/wp\/v2\/product"}],"about":[{"href":"https:\/\/libreriahistoriasdebolsillo.com\/index.php\/wp-json\/wp\/v2\/types\/product"}],"wp:featuredmedia":[{"embeddable":true,"href":"https:\/\/libreriahistoriasdebolsillo.com\/index.php\/wp-json\/wp\/v2\/media\/7656"}],"wp:attachment":[{"href":"https:\/\/libreriahistoriasdebolsillo.com\/index.php\/wp-json\/wp\/v2\/media?parent=7655"}],"wp:term":[{"taxonomy":"product_brand","embeddable":true,"href":"https:\/\/libreriahistoriasdebolsillo.com\/index.php\/wp-json\/wp\/v2\/product_brand?post=7655"},{"taxonomy":"product_cat","embeddable":true,"href":"https:\/\/libreriahistoriasdebolsillo.com\/index.php\/wp-json\/wp\/v2\/product_cat?post=7655"},{"taxonomy":"product_tag","embeddable":true,"href":"https:\/\/libreriahistoriasdebolsillo.com\/index.php\/wp-json\/wp\/v2\/product_tag?post=7655"}],"curies":[{"name":"wp","href":"https:\/\/api.w.org\/{rel}","templated":true}]}}