{"id":7657,"date":"2025-10-29T13:43:54","date_gmt":"2025-10-29T19:43:54","guid":{"rendered":"https:\/\/libreriahistoriasdebolsillo.com\/?post_type=product&#038;p=7657"},"modified":"2026-03-19T17:32:45","modified_gmt":"2026-03-19T23:32:45","slug":"queridas-ninas","status":"publish","type":"product","link":"https:\/\/libreriahistoriasdebolsillo.com\/index.php\/producto\/queridas-ninas\/","title":{"rendered":"Queridas ni\u00f1as"},"content":{"rendered":"<p>SECRETOS MUY BIEN GUARDADOS, UN AMOR ENFERMIZO Y LA FUERZA DEL V\u00cdNCULO ENTRE HERMANAS. Jessica, Norah y Alicia crecieron oyendo lo afortunadas que eran por vivir en Wild Meadows. La vida junto a la se\u00f1orita Fairchild supondr\u00eda un nuevo comienzo, una segunda oportunidad para formar parte de una familia feliz. Pero las apariencias enga\u00f1an: la se\u00f1orita Fairchild ten\u00eda normas muy estrictas, un comportamiento impredecible y nunca se la pod\u00eda contradecir. Por eso, a\u00f1os despu\u00e9s, cuando la polic\u00eda descubre un hueso humano bajo la casa donde viv\u00edan, ninguna de las tres hermanas quiere colaborar con la investigaci\u00f3n. Recordar el pasado significa enfrentarse a los traumas de una infancia que querr\u00edan olvidar, o mejor a\u00fan, esconder. Queridas ni\u00f1as es un thriller psicol\u00f3gico sobre los lazos que se forjan en el dolor y las marcas que solo puede dejar el amor de una madre.<\/p>\n","protected":false},"excerpt":{"rendered":"<p>Sally Hepworth<br \/>\n391 p\u00e1ginas<\/p>\n","protected":false},"featured_media":7658,"template":"","meta":{"_joinchat":[]},"product_brand":[],"product_cat":[37,70],"product_tag":[48],"class_list":{"0":"post-7657","1":"product","2":"type-product","3":"status-publish","4":"has-post-thumbnail","6":"product_cat-misterio-y-thriller","7":"product_cat-novedades","8":"product_tag-vr-editoras","10":"first","11":"instock","12":"shipping-taxable","13":"purchasable","14":"product-type-simple"},"_links":{"self":[{"href":"https:\/\/libreriahistoriasdebolsillo.com\/index.php\/wp-json\/wp\/v2\/product\/7657","targetHints":{"allow":["GET"]}}],"collection":[{"href":"https:\/\/libreriahistoriasdebolsillo.com\/index.php\/wp-json\/wp\/v2\/product"}],"about":[{"href":"https:\/\/libreriahistoriasdebolsillo.com\/index.php\/wp-json\/wp\/v2\/types\/product"}],"wp:featuredmedia":[{"embeddable":true,"href":"https:\/\/libreriahistoriasdebolsillo.com\/index.php\/wp-json\/wp\/v2\/media\/7658"}],"wp:attachment":[{"href":"https:\/\/libreriahistoriasdebolsillo.com\/index.php\/wp-json\/wp\/v2\/media?parent=7657"}],"wp:term":[{"taxonomy":"product_brand","embeddable":true,"href":"https:\/\/libreriahistoriasdebolsillo.com\/index.php\/wp-json\/wp\/v2\/product_brand?post=7657"},{"taxonomy":"product_cat","embeddable":true,"href":"https:\/\/libreriahistoriasdebolsillo.com\/index.php\/wp-json\/wp\/v2\/product_cat?post=7657"},{"taxonomy":"product_tag","embeddable":true,"href":"https:\/\/libreriahistoriasdebolsillo.com\/index.php\/wp-json\/wp\/v2\/product_tag?post=7657"}],"curies":[{"name":"wp","href":"https:\/\/api.w.org\/{rel}","templated":true}]}}