{"id":7659,"date":"2025-10-29T13:46:36","date_gmt":"2025-10-29T19:46:36","guid":{"rendered":"https:\/\/libreriahistoriasdebolsillo.com\/?post_type=product&#038;p=7659"},"modified":"2025-10-29T13:46:36","modified_gmt":"2025-10-29T19:46:36","slug":"el-ultimo-juramento-3-un-poder-desatado","status":"publish","type":"product","link":"https:\/\/libreriahistoriasdebolsillo.com\/index.php\/producto\/el-ultimo-juramento-3-un-poder-desatado\/","title":{"rendered":"El \u00faltimo juramento 3. Un poder desatado"},"content":{"rendered":"<p>\u00a1Secretos! \u00a1Magia! Enemigos a \u00bfalgo m\u00e1s? Tras una tr\u00e1gica muerte, lord Jack Hawthorn pens\u00f3 que hab\u00eda dejado atr\u00e1s a la magia para siempre. Pero con una amenaza cerni\u00e9ndose sobre todos los magos, se ve arrastrado a rega\u00f1adientes de nuevo a ese mundo. Ahora vive en una extra\u00f1a casa m\u00e1gica en Londres, ayudando a un improbable grupo de amigos a encontrar la pieza faltante del \u00faltimo juramento antes que sus enemigos. Y, para empeorar las cosas, con la ayuda del escritor y ladr\u00f3n Alan Ross. Los nobles como Jack son todo lo que el astuto y pendenciero Alan Odia. Y, por desgracia, Alan es todo lo que Jack desea, envuelto en un magn\u00edfico y exasperante paquete. Cuando un complot comienza a gestarse en las entra\u00f1as de la finca de Lord Hawthorn, una tierra tan antigua y m\u00e1gica que ha desarrollado una personalidad tan espinosa como la de su due\u00f1o, Jack, Alan y sus aliados se ver\u00e1n enredados en una noche de champ\u00e1n, secretos y sacrificios sangrientos&#8230; mientras intentan evitar que todo el sistema m\u00e1gico se derrumbe. LA MAGIA Y LA PASI\u00d3N SE DESATAN EN EL FINAL DE EL \u00daLTIMO JURAMENTO.<\/p>\n","protected":false},"excerpt":{"rendered":"<p>Freya Marske<br \/>\n340 p\u00e1ginas<\/p>\n","protected":false},"featured_media":7660,"template":"","meta":{"_joinchat":[]},"product_brand":[],"product_cat":[39,38,70],"product_tag":[48],"class_list":{"0":"post-7659","1":"product","2":"type-product","3":"status-publish","4":"has-post-thumbnail","6":"product_cat-fantasia","7":"product_cat-lgbtq","8":"product_cat-novedades","9":"product_tag-vr-editoras","11":"first","12":"instock","13":"shipping-taxable","14":"purchasable","15":"product-type-simple"},"_links":{"self":[{"href":"https:\/\/libreriahistoriasdebolsillo.com\/index.php\/wp-json\/wp\/v2\/product\/7659","targetHints":{"allow":["GET"]}}],"collection":[{"href":"https:\/\/libreriahistoriasdebolsillo.com\/index.php\/wp-json\/wp\/v2\/product"}],"about":[{"href":"https:\/\/libreriahistoriasdebolsillo.com\/index.php\/wp-json\/wp\/v2\/types\/product"}],"wp:featuredmedia":[{"embeddable":true,"href":"https:\/\/libreriahistoriasdebolsillo.com\/index.php\/wp-json\/wp\/v2\/media\/7660"}],"wp:attachment":[{"href":"https:\/\/libreriahistoriasdebolsillo.com\/index.php\/wp-json\/wp\/v2\/media?parent=7659"}],"wp:term":[{"taxonomy":"product_brand","embeddable":true,"href":"https:\/\/libreriahistoriasdebolsillo.com\/index.php\/wp-json\/wp\/v2\/product_brand?post=7659"},{"taxonomy":"product_cat","embeddable":true,"href":"https:\/\/libreriahistoriasdebolsillo.com\/index.php\/wp-json\/wp\/v2\/product_cat?post=7659"},{"taxonomy":"product_tag","embeddable":true,"href":"https:\/\/libreriahistoriasdebolsillo.com\/index.php\/wp-json\/wp\/v2\/product_tag?post=7659"}],"curies":[{"name":"wp","href":"https:\/\/api.w.org\/{rel}","templated":true}]}}