{"id":766,"date":"2023-11-20T16:52:07","date_gmt":"2023-11-20T22:52:07","guid":{"rendered":"https:\/\/libreriahistoriasdebolsillo.com\/?post_type=product&#038;p=766"},"modified":"2024-02-06T17:34:49","modified_gmt":"2024-02-06T23:34:49","slug":"fuera-de-mi","status":"publish","type":"product","link":"https:\/\/libreriahistoriasdebolsillo.com\/index.php\/producto\/fuera-de-mi\/","title":{"rendered":"Fuera de m\u00ed"},"content":{"rendered":"<p>Melody es la m\u00e1s inteligente de toda la escuela&#8230; pero nadie lo sabe. Su memoria y capacidad son incre\u00edbles. La mayor\u00eda de la gente, maestros y m\u00e9dicos incluidos, cree que es medio retardada, y asiste a un aula especial, donde te repiten el abecedario una y otra vez. Si pudiera contarles a todos to que piensa y lo que sabe. Pero eso es imposible, porque Melody no puede hablar ni caminar ni escribir&#8230; ni casi nada. Fuera de mi hab\u00eda de una vida extraordinaria, plena de curiosidad y perseverancia. Una historia de superaci\u00f3n que demuestra lo que somos capaces de hacer por el solo hecho de tener la dignidad de ser humanos.<\/p>\n","protected":false},"excerpt":{"rendered":"<p>Sharon M. Draper<\/p>\n","protected":false},"featured_media":767,"template":"","meta":{"_joinchat":[]},"product_brand":[],"product_cat":[33,52],"product_tag":[48],"class_list":{"0":"post-766","1":"product","2":"type-product","3":"status-publish","4":"has-post-thumbnail","6":"product_cat-ficcion-general","7":"product_cat-juvenil","8":"product_tag-vr-editoras","10":"first","11":"outofstock","12":"shipping-taxable","13":"purchasable","14":"product-type-simple"},"_links":{"self":[{"href":"https:\/\/libreriahistoriasdebolsillo.com\/index.php\/wp-json\/wp\/v2\/product\/766","targetHints":{"allow":["GET"]}}],"collection":[{"href":"https:\/\/libreriahistoriasdebolsillo.com\/index.php\/wp-json\/wp\/v2\/product"}],"about":[{"href":"https:\/\/libreriahistoriasdebolsillo.com\/index.php\/wp-json\/wp\/v2\/types\/product"}],"wp:featuredmedia":[{"embeddable":true,"href":"https:\/\/libreriahistoriasdebolsillo.com\/index.php\/wp-json\/wp\/v2\/media\/767"}],"wp:attachment":[{"href":"https:\/\/libreriahistoriasdebolsillo.com\/index.php\/wp-json\/wp\/v2\/media?parent=766"}],"wp:term":[{"taxonomy":"product_brand","embeddable":true,"href":"https:\/\/libreriahistoriasdebolsillo.com\/index.php\/wp-json\/wp\/v2\/product_brand?post=766"},{"taxonomy":"product_cat","embeddable":true,"href":"https:\/\/libreriahistoriasdebolsillo.com\/index.php\/wp-json\/wp\/v2\/product_cat?post=766"},{"taxonomy":"product_tag","embeddable":true,"href":"https:\/\/libreriahistoriasdebolsillo.com\/index.php\/wp-json\/wp\/v2\/product_tag?post=766"}],"curies":[{"name":"wp","href":"https:\/\/api.w.org\/{rel}","templated":true}]}}