{"id":7671,"date":"2025-10-29T14:00:24","date_gmt":"2025-10-29T20:00:24","guid":{"rendered":"https:\/\/libreriahistoriasdebolsillo.com\/?post_type=product&#038;p=7671"},"modified":"2025-10-29T14:00:24","modified_gmt":"2025-10-29T20:00:24","slug":"30-cuentos-para-dormir-y-arrullar-a-los-mas-pequenos-tapa-dura","status":"publish","type":"product","link":"https:\/\/libreriahistoriasdebolsillo.com\/index.php\/producto\/30-cuentos-para-dormir-y-arrullar-a-los-mas-pequenos-tapa-dura\/","title":{"rendered":"30 cuentos para dormir y arrullar a los m\u00e1s peque\u00f1os (Tapa dura)"},"content":{"rendered":"<p>\u00a1 Descubre un mundo lleno de magia con estas encantadoras historias! Con m\u00e1s de 30 cuentos cl\u00e1sicos y modernos, podr\u00e1s guiar a los peque\u00f1os al reino de los sue\u00f1os y disfrutar de un alegre momento en familia.<\/p>\n","protected":false},"excerpt":{"rendered":"<p>\u00a1 Descubre un mundo lleno de magia con estas encantadoras historias! Con m\u00e1s de 30 cuentos cl\u00e1sicos y modernos, podr\u00e1s guiar a los peque\u00f1os al reino de los sue\u00f1os y disfrutar de un alegre momento en familia.<\/p>\n","protected":false},"featured_media":7672,"template":"","meta":{"_joinchat":[]},"product_brand":[],"product_cat":[54,70],"product_tag":[48],"class_list":{"0":"post-7671","1":"product","2":"type-product","3":"status-publish","4":"has-post-thumbnail","6":"product_cat-infantil","7":"product_cat-novedades","8":"product_tag-vr-editoras","10":"first","11":"instock","12":"shipping-taxable","13":"purchasable","14":"product-type-simple"},"_links":{"self":[{"href":"https:\/\/libreriahistoriasdebolsillo.com\/index.php\/wp-json\/wp\/v2\/product\/7671","targetHints":{"allow":["GET"]}}],"collection":[{"href":"https:\/\/libreriahistoriasdebolsillo.com\/index.php\/wp-json\/wp\/v2\/product"}],"about":[{"href":"https:\/\/libreriahistoriasdebolsillo.com\/index.php\/wp-json\/wp\/v2\/types\/product"}],"wp:featuredmedia":[{"embeddable":true,"href":"https:\/\/libreriahistoriasdebolsillo.com\/index.php\/wp-json\/wp\/v2\/media\/7672"}],"wp:attachment":[{"href":"https:\/\/libreriahistoriasdebolsillo.com\/index.php\/wp-json\/wp\/v2\/media?parent=7671"}],"wp:term":[{"taxonomy":"product_brand","embeddable":true,"href":"https:\/\/libreriahistoriasdebolsillo.com\/index.php\/wp-json\/wp\/v2\/product_brand?post=7671"},{"taxonomy":"product_cat","embeddable":true,"href":"https:\/\/libreriahistoriasdebolsillo.com\/index.php\/wp-json\/wp\/v2\/product_cat?post=7671"},{"taxonomy":"product_tag","embeddable":true,"href":"https:\/\/libreriahistoriasdebolsillo.com\/index.php\/wp-json\/wp\/v2\/product_tag?post=7671"}],"curies":[{"name":"wp","href":"https:\/\/api.w.org\/{rel}","templated":true}]}}