{"id":7674,"date":"2025-11-05T14:30:57","date_gmt":"2025-11-05T20:30:57","guid":{"rendered":"https:\/\/libreriahistoriasdebolsillo.com\/?post_type=product&#038;p=7674"},"modified":"2026-03-10T12:44:20","modified_gmt":"2026-03-10T18:44:20","slug":"saltonautas","status":"publish","type":"product","link":"https:\/\/libreriahistoriasdebolsillo.com\/index.php\/producto\/saltonautas\/","title":{"rendered":"Saltonautas"},"content":{"rendered":"<div class=\"justify\">\n<p><b>Tres aliados improbables. Una misi\u00f3n diplom\u00e1tica a la desesperada. El primer contacto con una misteriosa especie alien\u00edgena.<\/b><\/p>\n<p><b>Por Hao Jingfang, autora ganadora del Premio Hugo<\/b><\/p>\n<\/div>\n<div class=\"justify\">\n<p><b>TRES ALIADOS IMPROBABLES.<\/b><\/p>\n<p><b>UNA MISI\u00d3N DIPLOM\u00c1TICA A LA DESESPERADA.<\/b><\/p>\n<p><b>EL PRIMER CONTACTO CON UNA MISTERIOSA ESPECIE ALIEN\u00cdGENA.<\/b><\/p>\n<p>En un mundo futuro en el que la sociedad est\u00e1 dividida en dos facciones -la Liga del Pac\u00edfico y la militarista Alianza Atl\u00e1ntica-, las tensiones crecen. La revelaci\u00f3n de una presencia influyente que ha estado en la Tierra desde hace miles de a\u00f1os provoca que tres j\u00f3venes cient\u00edficos de la Liga formen una alianza inc\u00f3moda.<\/p>\n<p>Tras descubrir que una especie alien\u00edgena muy inteligente est\u00e1 de camino a nuestro sistema solar, los tres chicos intentar\u00e1n ser los primeros en contactar con ella. De este modo empieza una carrera en la que tendr\u00e1n que resolver antiguos rompecabezas, enfrentarse a sus propios demonios y evitar una respuesta militar desastrosa al tiempo que descubren las verdades del universo.<\/p>\n<\/div>\n","protected":false},"excerpt":{"rendered":"<p>Hao Jingfang<br \/>\n448 p\u00e1ginas<\/p>\n","protected":false},"featured_media":7675,"template":"","meta":{"_joinchat":[]},"product_brand":[],"product_cat":[40,70],"product_tag":[34],"class_list":{"0":"post-7674","1":"product","2":"type-product","3":"status-publish","4":"has-post-thumbnail","6":"product_cat-ciencia-ficcion","7":"product_cat-novedades","8":"product_tag-penguin-random-house","10":"first","11":"outofstock","12":"shipping-taxable","13":"purchasable","14":"product-type-simple"},"_links":{"self":[{"href":"https:\/\/libreriahistoriasdebolsillo.com\/index.php\/wp-json\/wp\/v2\/product\/7674","targetHints":{"allow":["GET"]}}],"collection":[{"href":"https:\/\/libreriahistoriasdebolsillo.com\/index.php\/wp-json\/wp\/v2\/product"}],"about":[{"href":"https:\/\/libreriahistoriasdebolsillo.com\/index.php\/wp-json\/wp\/v2\/types\/product"}],"wp:featuredmedia":[{"embeddable":true,"href":"https:\/\/libreriahistoriasdebolsillo.com\/index.php\/wp-json\/wp\/v2\/media\/7675"}],"wp:attachment":[{"href":"https:\/\/libreriahistoriasdebolsillo.com\/index.php\/wp-json\/wp\/v2\/media?parent=7674"}],"wp:term":[{"taxonomy":"product_brand","embeddable":true,"href":"https:\/\/libreriahistoriasdebolsillo.com\/index.php\/wp-json\/wp\/v2\/product_brand?post=7674"},{"taxonomy":"product_cat","embeddable":true,"href":"https:\/\/libreriahistoriasdebolsillo.com\/index.php\/wp-json\/wp\/v2\/product_cat?post=7674"},{"taxonomy":"product_tag","embeddable":true,"href":"https:\/\/libreriahistoriasdebolsillo.com\/index.php\/wp-json\/wp\/v2\/product_tag?post=7674"}],"curies":[{"name":"wp","href":"https:\/\/api.w.org\/{rel}","templated":true}]}}