{"id":7676,"date":"2025-11-05T14:34:42","date_gmt":"2025-11-05T20:34:42","guid":{"rendered":"https:\/\/libreriahistoriasdebolsillo.com\/?post_type=product&#038;p=7676"},"modified":"2026-03-10T12:44:35","modified_gmt":"2026-03-10T18:44:35","slug":"los-naufragos-del-wager","status":"publish","type":"product","link":"https:\/\/libreriahistoriasdebolsillo.com\/index.php\/producto\/los-naufragos-del-wager\/","title":{"rendered":"Los n\u00e1ufragos del Wager"},"content":{"rendered":"<div class=\"justify\">\n<p><b>Despu\u00e9s de<\/b><i><b>\u00a0Los asesinos de la Luna,<\/b><\/i><b>\u00a0regresa el maestro del true crime hist\u00f3rico con un relato de naufragios, motines y asesinatos, que ha arrasado en EEUU y Francia.<\/b><\/p>\n<p><b>\u00abEs el tipo de cr\u00f3nica inspiradora que dar\u00eda lugar a<\/b>\u00a0<b>una emocionante aventura mar\u00edtima. Pero este es un libro de David Grann, y por eso nos ofrece m\u00e1s\u00bb.<\/b><br \/>\n<i><b>The New York Times<\/b><\/i><\/p>\n<\/div>\n<div class=\"justify\">\n<p>El 28 de enero de 1742, treinta hombres desnutridos, apenas con vida pero con una fascinante historia que contar, arribaron a las costas de Brasil, donde fueron recibidos como h\u00e9roes. Eran supervivientes del HMS Wager, un barco de la Marina Real brit\u00e1nica que, en la guerra imperial contra Espa\u00f1a, acab\u00f3 naufragando en una isla desierta cerca de la Patagonia.<\/p>\n<p>Seis meses m\u00e1s tarde, otro barco en condiciones a\u00fan peores lleg\u00f3 a las costas de Chile. En \u00e9l solo hab\u00eda tres n\u00e1ufragos, y contaban un relato muy distinto. Al parecer, los marineros de Brasil no eran h\u00e9roes, sino amotinados. Ante las m\u00faltiples acusaciones de traici\u00f3n y asesinato por parte de ambas facciones, se convoc\u00f3 un consejo de guerra en tierras brit\u00e1nicas. El juicio fue uno de los m\u00e1s sonados de la \u00e9poca y tuvo una inusitada repercusi\u00f3n en los debates morales del inicio de la Ilustraci\u00f3n.<\/p>\n<p><i>Los n\u00e1ufragos del Wager<\/i>\u00a0es un true crime y una absorbente historia de supervivencia, fruto de una exhaustiva investigaci\u00f3n period\u00edstica pero que se lee como una novela de Conrad. Grann nos sobrecoge con su capacidad para contar una historia que tuvo lugar hace m\u00e1s de doscientos a\u00f1os: recupera el eterno debate entre la maldad y la bondad en la naturaleza humana y los pone sobre la mesa de nuestro convulso presente.<\/p>\n<\/div>\n","protected":false},"excerpt":{"rendered":"<p>David Grann<br \/>\n408 p\u00e1ginas<\/p>\n","protected":false},"featured_media":7677,"template":"","meta":{"_joinchat":[]},"product_brand":[],"product_cat":[56,37,70],"product_tag":[34],"class_list":{"0":"post-7676","1":"product","2":"type-product","3":"status-publish","4":"has-post-thumbnail","6":"product_cat-historica","7":"product_cat-misterio-y-thriller","8":"product_cat-novedades","9":"product_tag-penguin-random-house","11":"first","12":"outofstock","13":"shipping-taxable","14":"purchasable","15":"product-type-simple"},"_links":{"self":[{"href":"https:\/\/libreriahistoriasdebolsillo.com\/index.php\/wp-json\/wp\/v2\/product\/7676","targetHints":{"allow":["GET"]}}],"collection":[{"href":"https:\/\/libreriahistoriasdebolsillo.com\/index.php\/wp-json\/wp\/v2\/product"}],"about":[{"href":"https:\/\/libreriahistoriasdebolsillo.com\/index.php\/wp-json\/wp\/v2\/types\/product"}],"wp:featuredmedia":[{"embeddable":true,"href":"https:\/\/libreriahistoriasdebolsillo.com\/index.php\/wp-json\/wp\/v2\/media\/7677"}],"wp:attachment":[{"href":"https:\/\/libreriahistoriasdebolsillo.com\/index.php\/wp-json\/wp\/v2\/media?parent=7676"}],"wp:term":[{"taxonomy":"product_brand","embeddable":true,"href":"https:\/\/libreriahistoriasdebolsillo.com\/index.php\/wp-json\/wp\/v2\/product_brand?post=7676"},{"taxonomy":"product_cat","embeddable":true,"href":"https:\/\/libreriahistoriasdebolsillo.com\/index.php\/wp-json\/wp\/v2\/product_cat?post=7676"},{"taxonomy":"product_tag","embeddable":true,"href":"https:\/\/libreriahistoriasdebolsillo.com\/index.php\/wp-json\/wp\/v2\/product_tag?post=7676"}],"curies":[{"name":"wp","href":"https:\/\/api.w.org\/{rel}","templated":true}]}}