{"id":768,"date":"2023-11-20T16:54:21","date_gmt":"2023-11-20T22:54:21","guid":{"rendered":"https:\/\/libreriahistoriasdebolsillo.com\/?post_type=product&#038;p=768"},"modified":"2025-06-27T16:55:53","modified_gmt":"2025-06-27T22:55:53","slug":"bajo-las-estrellas","status":"publish","type":"product","link":"https:\/\/libreriahistoriasdebolsillo.com\/index.php\/producto\/bajo-las-estrellas\/","title":{"rendered":"Bajo las estrellas"},"content":{"rendered":"<p>Zorie y Lennon sol\u00edan ser inseparables, pero desde hace un tiempo se han vuelto expertos en ignorarse. Cuando sus amigos los llevan enga\u00f1ados a acampar, la estratagema sale mal y de pronto los dos se encuentran atrapados en lo salvaje. Solos, lejos y sin hablarse. Sentimientos ocultos, secretos y heridas del pasado saldr\u00e1n a la luz durante el peligroso viaje de regreso a la civilizaci\u00f3n, y los viejos amigos deber\u00e1n volver a confiar el uno en el otro para salir ilesos y recomponer su coraz\u00f3n.<\/p>\n","protected":false},"excerpt":{"rendered":"<p>Jenn Bennett<\/p>\n","protected":false},"featured_media":769,"template":"","meta":{"_joinchat":[]},"product_brand":[],"product_cat":[52],"product_tag":[48],"class_list":{"0":"post-768","1":"product","2":"type-product","3":"status-publish","4":"has-post-thumbnail","6":"product_cat-juvenil","7":"product_tag-vr-editoras","9":"first","10":"outofstock","11":"shipping-taxable","12":"purchasable","13":"product-type-simple"},"_links":{"self":[{"href":"https:\/\/libreriahistoriasdebolsillo.com\/index.php\/wp-json\/wp\/v2\/product\/768","targetHints":{"allow":["GET"]}}],"collection":[{"href":"https:\/\/libreriahistoriasdebolsillo.com\/index.php\/wp-json\/wp\/v2\/product"}],"about":[{"href":"https:\/\/libreriahistoriasdebolsillo.com\/index.php\/wp-json\/wp\/v2\/types\/product"}],"wp:featuredmedia":[{"embeddable":true,"href":"https:\/\/libreriahistoriasdebolsillo.com\/index.php\/wp-json\/wp\/v2\/media\/769"}],"wp:attachment":[{"href":"https:\/\/libreriahistoriasdebolsillo.com\/index.php\/wp-json\/wp\/v2\/media?parent=768"}],"wp:term":[{"taxonomy":"product_brand","embeddable":true,"href":"https:\/\/libreriahistoriasdebolsillo.com\/index.php\/wp-json\/wp\/v2\/product_brand?post=768"},{"taxonomy":"product_cat","embeddable":true,"href":"https:\/\/libreriahistoriasdebolsillo.com\/index.php\/wp-json\/wp\/v2\/product_cat?post=768"},{"taxonomy":"product_tag","embeddable":true,"href":"https:\/\/libreriahistoriasdebolsillo.com\/index.php\/wp-json\/wp\/v2\/product_tag?post=768"}],"curies":[{"name":"wp","href":"https:\/\/api.w.org\/{rel}","templated":true}]}}