{"id":7680,"date":"2025-11-05T14:39:03","date_gmt":"2025-11-05T20:39:03","guid":{"rendered":"https:\/\/libreriahistoriasdebolsillo.com\/?post_type=product&#038;p=7680"},"modified":"2026-04-30T16:47:20","modified_gmt":"2026-04-30T22:47:20","slug":"cartas-a-una-joven-psicologa","status":"publish","type":"product","link":"https:\/\/libreriahistoriasdebolsillo.com\/index.php\/producto\/cartas-a-una-joven-psicologa\/","title":{"rendered":"Cartas a una joven psic\u00f3loga"},"content":{"rendered":"<div class=\"justify\">\n<p><b>\u00bfPor qu\u00e9 es tan divertida la psicolog\u00eda? Es la<\/b>\u00a0<b>pregunta que Ignacio Solares toma como punto de<\/b>\u00a0<b>partida para explicar a su hija adolescente los atractivos,<\/b>\u00a0<b>las transformaciones, las teor\u00edas, los problemas<\/b>\u00a0<b>b\u00e1sicos y las derivaciones de esta ciencia de la mente<\/b>\u00a0<b>humana, que a todos nos concierne, aunque muy en<\/b>\u00a0<b>especial a los j\u00f3venes, que empiezan a preguntarse<\/b>\u00a0<b>sobre el sentido de sus acciones, de sus sue\u00f1os y de<\/b>\u00a0<b>su existencia.<\/b><\/p>\n<\/div>\n<div class=\"justify\">\n<p>Pleno de referencias literarias \u2014Cort\u00e1zar, Huxley, Mann, Chesterton, Orwell, Dostoievski, Borges\u2014, este libro es un ameno recorrido por la\u00a0<b>historia de la<\/b>\u00a0<b>psicolog\u00eda<\/b>: Mesmer y sus descubrimientos de la autosugesti\u00f3n a trav\u00e9s del magnetismo; William James y la aplicaci\u00f3n del pragmatismo a la vida diaria; Charcot y los primeros estudios del\u00a0<b>hipnotismo<\/b>\u00a0<b>con mujeres<\/b>\u00a0hist\u00e9ricas;\u00a0<b>Pavlov<\/b><b>\u00a0y sus<\/b>\u00a0<b>perros<\/b>; el conductismo y los reflejos condicionados; Freud y el descubrimiento del\u00a0<b>inconsciente<\/b>; Jung y los arquetipos; hasta llegar a los nuevos sistemas de relajaci\u00f3n natural y el peligroso mundo de lasdrogas.\u00a0<b>Ignacio Solares<\/b>\u00a0retoma el g\u00e9nero epistolar para ofrecernos un sorprendente viaje por los laberintos del alma humana.<\/p>\n<\/div>\n","protected":false},"excerpt":{"rendered":"<p>Ignacio Solares<br \/>\n240 p\u00e1ginas<\/p>\n","protected":false},"featured_media":7681,"template":"","meta":{"_joinchat":[]},"product_brand":[],"product_cat":[41],"product_tag":[34],"class_list":{"0":"post-7680","1":"product","2":"type-product","3":"status-publish","4":"has-post-thumbnail","6":"product_cat-desarrollo-humano","7":"product_tag-penguin-random-house","9":"first","10":"outofstock","11":"shipping-taxable","12":"purchasable","13":"product-type-simple"},"_links":{"self":[{"href":"https:\/\/libreriahistoriasdebolsillo.com\/index.php\/wp-json\/wp\/v2\/product\/7680","targetHints":{"allow":["GET"]}}],"collection":[{"href":"https:\/\/libreriahistoriasdebolsillo.com\/index.php\/wp-json\/wp\/v2\/product"}],"about":[{"href":"https:\/\/libreriahistoriasdebolsillo.com\/index.php\/wp-json\/wp\/v2\/types\/product"}],"wp:featuredmedia":[{"embeddable":true,"href":"https:\/\/libreriahistoriasdebolsillo.com\/index.php\/wp-json\/wp\/v2\/media\/7681"}],"wp:attachment":[{"href":"https:\/\/libreriahistoriasdebolsillo.com\/index.php\/wp-json\/wp\/v2\/media?parent=7680"}],"wp:term":[{"taxonomy":"product_brand","embeddable":true,"href":"https:\/\/libreriahistoriasdebolsillo.com\/index.php\/wp-json\/wp\/v2\/product_brand?post=7680"},{"taxonomy":"product_cat","embeddable":true,"href":"https:\/\/libreriahistoriasdebolsillo.com\/index.php\/wp-json\/wp\/v2\/product_cat?post=7680"},{"taxonomy":"product_tag","embeddable":true,"href":"https:\/\/libreriahistoriasdebolsillo.com\/index.php\/wp-json\/wp\/v2\/product_tag?post=7680"}],"curies":[{"name":"wp","href":"https:\/\/api.w.org\/{rel}","templated":true}]}}