{"id":7682,"date":"2025-11-05T14:41:15","date_gmt":"2025-11-05T20:41:15","guid":{"rendered":"https:\/\/libreriahistoriasdebolsillo.com\/?post_type=product&#038;p=7682"},"modified":"2025-12-15T11:35:59","modified_gmt":"2025-12-15T17:35:59","slug":"el-asesinato-de-los-aosawa","status":"publish","type":"product","link":"https:\/\/libreriahistoriasdebolsillo.com\/index.php\/producto\/el-asesinato-de-los-aosawa\/","title":{"rendered":"El asesinato de los Aosawa"},"content":{"rendered":"<div class=\"justify\">\n<p><b>\u00abUna escalofriante obra maestra.\u00bb\u00a0<i>Hokkaido Shimbun<\/i><\/b><\/p>\n<\/div>\n<div class=\"justify\">\n<p>Mientras un sofocante calor estival aletarga la ciudad japonesa de K, en la mansi\u00f3n de los Aosawa se celebra una gran fiesta de cumplea\u00f1os de varios de sus miembros, entre ellos el del cabeza de la familia, m\u00e9dico de reconocido prestigio y propietario de una importante cl\u00ednica. La velada parece transcurrir con la normalidad de esas ocasiones, hasta que todo da un repentino vuelco cuando los asistentes empiezan a sentir mareos y convulsiones. En pocos minutos, diecisiete cuerpos, seis de ellos de ni\u00f1os, yacen en el suelo, presuntamente envenados con cianuro en las bebidas. La \u00fanica superviviente es Hisako, la hija peque\u00f1a, y la \u00fanica pista, un papel con un poema quiz\u00e1 dejado por el asesino. Hisako, que perdi\u00f3 la vista tras un accidente, se halla entre los pocos testigos de la masacre, pero apenas recuerda nada: en su confuso interrogatorio s\u00f3lo habla de una habitaci\u00f3n azul, peque\u00f1a y en penumbra, y flores blancas. Unos meses m\u00e1s tarde, el joven que entreg\u00f3 el sake aparece muerto, con una nota en la que se declara culpable del crimen masivo. La investigaci\u00f3n se cierra de forma abrupta, pero muchos est\u00e1n convencidos de que hubo otras personas implicadas.<\/p>\n<p>Seleccionado por\u00a0<i>The New York Times<\/i>\u00a0como uno de los mejores libros de 2020 y ganador de varios premios,<i>\u00a0El asesinato de los Aosawa<\/i>\u00a0es la obra m\u00e1s emblem\u00e1tica de Riku Onda y uno de los grandes referentes de la novela de misterio, en la l\u00ednea de Rashomon y\u00a0<i>A sangre fr\u00eda<\/i>. Caleidosc\u00f3pica visi\u00f3n de la sociedad japonesa contempor\u00e1nea,\u00a0<i>El asesinato de los Aosawa\u00a0<\/i>es un\u00a0<i>thriller\u00a0<\/i>ingenioso y atmosf\u00e9rico, y tambi\u00e9n una l\u00facida reflexi\u00f3n sobre la naturaleza del mal y los insondables surcos de la memoria.<\/p>\n<\/div>\n","protected":false},"excerpt":{"rendered":"<p>Riku Onda<br \/>\n352 p\u00e1ginas<\/p>\n","protected":false},"featured_media":7683,"template":"","meta":{"_joinchat":[]},"product_brand":[],"product_cat":[37,70],"product_tag":[34],"class_list":{"0":"post-7682","1":"product","2":"type-product","3":"status-publish","4":"has-post-thumbnail","6":"product_cat-misterio-y-thriller","7":"product_cat-novedades","8":"product_tag-penguin-random-house","10":"first","11":"outofstock","12":"shipping-taxable","13":"purchasable","14":"product-type-simple"},"_links":{"self":[{"href":"https:\/\/libreriahistoriasdebolsillo.com\/index.php\/wp-json\/wp\/v2\/product\/7682","targetHints":{"allow":["GET"]}}],"collection":[{"href":"https:\/\/libreriahistoriasdebolsillo.com\/index.php\/wp-json\/wp\/v2\/product"}],"about":[{"href":"https:\/\/libreriahistoriasdebolsillo.com\/index.php\/wp-json\/wp\/v2\/types\/product"}],"wp:featuredmedia":[{"embeddable":true,"href":"https:\/\/libreriahistoriasdebolsillo.com\/index.php\/wp-json\/wp\/v2\/media\/7683"}],"wp:attachment":[{"href":"https:\/\/libreriahistoriasdebolsillo.com\/index.php\/wp-json\/wp\/v2\/media?parent=7682"}],"wp:term":[{"taxonomy":"product_brand","embeddable":true,"href":"https:\/\/libreriahistoriasdebolsillo.com\/index.php\/wp-json\/wp\/v2\/product_brand?post=7682"},{"taxonomy":"product_cat","embeddable":true,"href":"https:\/\/libreriahistoriasdebolsillo.com\/index.php\/wp-json\/wp\/v2\/product_cat?post=7682"},{"taxonomy":"product_tag","embeddable":true,"href":"https:\/\/libreriahistoriasdebolsillo.com\/index.php\/wp-json\/wp\/v2\/product_tag?post=7682"}],"curies":[{"name":"wp","href":"https:\/\/api.w.org\/{rel}","templated":true}]}}